{"id":95696,"date":"2021-11-08T23:18:44","date_gmt":"2021-11-08T22:18:44","guid":{"rendered":"https:\/\/www.yvesbeck.wine\/?post_type=product&#038;p=95696"},"modified":"2025-07-30T13:57:13","modified_gmt":"2025-07-30T12:57:13","slug":"abonnement-saint-elites","status":"publish","type":"product","link":"https:\/\/www.yvesbeck.wine\/fr\/produkt\/abonnement-saint-elites\/","title":{"rendered":"Abonnement Business Saint-Elites"},"content":{"rendered":"<p><strong>Abonnement de groupe r\u00e9serv\u00e9 aux membres de Saint-Elites. Cet abonnement comprend :<\/strong><\/p>\n<ul>\n<li>Droits d&rsquo;utilisation et publication des notes de d\u00e9gustation pour l&rsquo;ensemble des membres du groupe<\/li>\n<li>Acc\u00e8s \u00e0 la base de donn\u00e9es avec comptant 38810 vins d\u00e9gust\u00e9s par www.yvesbeck.wine<\/li>\n<li>D\u00e9gustations Primeurs et livrables avec commentaires en fran\u00e7ais et allemand<\/li>\n<li>Newsletter r\u00e9guli\u00e8re<\/li>\n<li>4 magazines (\u00e9ditions digitales)<\/li>\n<\/ul>\n<p>L&rsquo;abonnement se renouvelle automatiquement.<\/p>\n","protected":false},"excerpt":{"rendered":"<p><strong>Abonnement de groupe r\u00e9serv\u00e9 aux membres de Saint-Elites. Cet abonnement comprend :<\/strong><\/p>\n<ul>\n<li>Droits d&rsquo;utilisation et publication des notes de d\u00e9gustation pour l&rsquo;ensemble des membres du groupe<\/li>\n<li>Acc\u00e8s \u00e0 la base de donn\u00e9es avec comptant 38810 vins d\u00e9gust\u00e9s par www.yvesbeck.wine<\/li>\n<li>D\u00e9gustations Primeurs et livrables avec commentaires en fran\u00e7ais et allemand<\/li>\n<li>Newsletter r\u00e9guli\u00e8re<\/li>\n<li>4 magazines (\u00e9ditions digitales)<\/li>\n<\/ul>\n<p>L&rsquo;abonnement se renouvelle automatiquement.<\/p>\n","protected":false},"featured_media":162189,"template":"","meta":{"_acf_changed":false,"_et_pb_use_builder":"","_et_pb_old_content":"","_et_gb_content_width":""},"product_brand":[],"product_cat":[222],"product_tag":[],"class_list":{"0":"post-95696","1":"product","2":"type-product","3":"status-publish","4":"has-post-thumbnail","6":"product_cat-subscriptions-fr","8":"first","9":"instock","10":"virtual","11":"purchasable","12":"product-type-subscription"},"acf":[],"yoast_head":"<!-- This site is optimized with the Yoast SEO plugin v26.9 - https:\/\/yoast.com\/product\/yoast-seo-wordpress\/ -->\n<title>Abonnement Business Saint-Elites - Yves Beck<\/title>\n<meta name=\"robots\" content=\"index, follow, max-snippet:-1, max-image-preview:large, max-video-preview:-1\" \/>\n<link rel=\"canonical\" href=\"https:\/\/www.yvesbeck.wine\/produkt\/abonnement-annuel-saintelites\/\" \/>\n<meta property=\"og:locale\" content=\"fr_FR\" \/>\n<meta property=\"og:type\" content=\"article\" \/>\n<meta property=\"og:title\" content=\"Abonnement Business Saint-Elites - Yves Beck\" \/>\n<meta property=\"og:description\" content=\"Abonnement de groupe r\u00e9serv\u00e9 aux membres de Saint-Elites. Cet abonnement comprend :   Droits d&#039;utilisation et publication des notes de d\u00e9gustation pour l&#039;ensemble des membres du groupe  Acc\u00e8s \u00e0 la base de donn\u00e9es avec comptant vins d\u00e9gust\u00e9s par www.yvesbeck.wine  D\u00e9gustations Primeurs et livrables avec commentaires en fran\u00e7ais et allemand  Newsletter r\u00e9guli\u00e8re  4 magazines (\u00e9ditions digitales)  L&#039;abonnement se renouvelle automatiquement.\" \/>\n<meta property=\"og:url\" content=\"https:\/\/www.yvesbeck.wine\/produkt\/abonnement-annuel-saintelites\/\" \/>\n<meta property=\"og:site_name\" content=\"Yves Beck\" \/>\n<meta property=\"article:publisher\" content=\"https:\/\/www.facebook.com\/beckustator\" \/>\n<meta property=\"article:modified_time\" content=\"2025-07-30T12:57:13+00:00\" \/>\n<meta property=\"og:image\" content=\"https:\/\/www.yvesbeck.wine\/wp-content\/uploads\/2016\/07\/Home_flip.jpg\" \/>\n\t<meta property=\"og:image:width\" content=\"1920\" \/>\n\t<meta property=\"og:image:height\" content=\"1200\" \/>\n\t<meta property=\"og:image:type\" content=\"image\/jpeg\" \/>\n<meta name=\"twitter:card\" content=\"summary_large_image\" \/>\n<meta name=\"twitter:site\" content=\"@beckustator\" \/>\n<meta name=\"twitter:label1\" content=\"Dur\u00e9e de lecture estim\u00e9e\" \/>\n\t<meta name=\"twitter:data1\" content=\"1 minute\" \/>\n<script type=\"application\/ld+json\" class=\"yoast-schema-graph\">{\"@context\":\"https:\/\/schema.org\",\"@graph\":[{\"@type\":\"WebPage\",\"@id\":\"https:\/\/www.yvesbeck.wine\/produkt\/abonnement-annuel-saintelites\/\",\"url\":\"https:\/\/www.yvesbeck.wine\/produkt\/abonnement-annuel-saintelites\/\",\"name\":\"Abonnement Business Saint-Elites - Yves Beck\",\"isPartOf\":{\"@id\":\"https:\/\/www.yvesbeck.wine\/#website\"},\"primaryImageOfPage\":{\"@id\":\"https:\/\/www.yvesbeck.wine\/produkt\/abonnement-annuel-saintelites\/#primaryimage\"},\"image\":{\"@id\":\"https:\/\/www.yvesbeck.wine\/produkt\/abonnement-annuel-saintelites\/#primaryimage\"},\"thumbnailUrl\":\"https:\/\/www.yvesbeck.wine\/wp-content\/uploads\/2016\/07\/Home_flip.jpg\",\"datePublished\":\"2021-11-08T22:18:44+00:00\",\"dateModified\":\"2025-07-30T12:57:13+00:00\",\"breadcrumb\":{\"@id\":\"https:\/\/www.yvesbeck.wine\/produkt\/abonnement-annuel-saintelites\/#breadcrumb\"},\"inLanguage\":\"fr-FR\",\"potentialAction\":[{\"@type\":\"ReadAction\",\"target\":[\"https:\/\/www.yvesbeck.wine\/produkt\/abonnement-annuel-saintelites\/\"]}]},{\"@type\":\"ImageObject\",\"inLanguage\":\"fr-FR\",\"@id\":\"https:\/\/www.yvesbeck.wine\/produkt\/abonnement-annuel-saintelites\/#primaryimage\",\"url\":\"https:\/\/www.yvesbeck.wine\/wp-content\/uploads\/2016\/07\/Home_flip.jpg\",\"contentUrl\":\"https:\/\/www.yvesbeck.wine\/wp-content\/uploads\/2016\/07\/Home_flip.jpg\",\"width\":1920,\"height\":1200,\"caption\":\"Abonnement yvesbeck.wine\"},{\"@type\":\"BreadcrumbList\",\"@id\":\"https:\/\/www.yvesbeck.wine\/produkt\/abonnement-annuel-saintelites\/#breadcrumb\",\"itemListElement\":[{\"@type\":\"ListItem\",\"position\":1,\"name\":\"Startseite\",\"item\":\"https:\/\/www.yvesbeck.wine\/fr\/\"},{\"@type\":\"ListItem\",\"position\":2,\"name\":\"Boutique\",\"item\":\"https:\/\/www.yvesbeck.wine\/fr\/boutique\/\"},{\"@type\":\"ListItem\",\"position\":3,\"name\":\"Abonnement Business Saint-Elites\"}]},{\"@type\":\"WebSite\",\"@id\":\"https:\/\/www.yvesbeck.wine\/#website\",\"url\":\"https:\/\/www.yvesbeck.wine\/\",\"name\":\"Yves Beck\",\"description\":\"Beckustator\",\"publisher\":{\"@id\":\"https:\/\/www.yvesbeck.wine\/#organization\"},\"potentialAction\":[{\"@type\":\"SearchAction\",\"target\":{\"@type\":\"EntryPoint\",\"urlTemplate\":\"https:\/\/www.yvesbeck.wine\/?s={search_term_string}\"},\"query-input\":{\"@type\":\"PropertyValueSpecification\",\"valueRequired\":true,\"valueName\":\"search_term_string\"}}],\"inLanguage\":\"fr-FR\"},{\"@type\":\"Organization\",\"@id\":\"https:\/\/www.yvesbeck.wine\/#organization\",\"name\":\"yvesbeck.wine\",\"url\":\"https:\/\/www.yvesbeck.wine\/\",\"logo\":{\"@type\":\"ImageObject\",\"inLanguage\":\"fr-FR\",\"@id\":\"https:\/\/www.yvesbeck.wine\/#\/schema\/logo\/image\/\",\"url\":\"https:\/\/www.yvesbeck.wine\/wp-content\/uploads\/frontend\/2016\/07\/20160722-Logo-Sidebar.png\",\"contentUrl\":\"https:\/\/www.yvesbeck.wine\/wp-content\/uploads\/frontend\/2016\/07\/20160722-Logo-Sidebar.png\",\"width\":376,\"height\":200,\"caption\":\"yvesbeck.wine\"},\"image\":{\"@id\":\"https:\/\/www.yvesbeck.wine\/#\/schema\/logo\/image\/\"},\"sameAs\":[\"https:\/\/www.facebook.com\/beckustator\",\"https:\/\/x.com\/beckustator\",\"https:\/\/www.instagram.com\/beckustator\",\"https:\/\/www.linkedin.com\/in\/yvesbeck\/\"]}]}<\/script>\n<!-- \/ Yoast SEO plugin. -->","yoast_head_json":{"title":"Abonnement Business Saint-Elites - Yves Beck","robots":{"index":"index","follow":"follow","max-snippet":"max-snippet:-1","max-image-preview":"max-image-preview:large","max-video-preview":"max-video-preview:-1"},"canonical":"https:\/\/www.yvesbeck.wine\/produkt\/abonnement-annuel-saintelites\/","og_locale":"fr_FR","og_type":"article","og_title":"Abonnement Business Saint-Elites - Yves Beck","og_description":"Abonnement de groupe r\u00e9serv\u00e9 aux membres de Saint-Elites. Cet abonnement comprend :   Droits d'utilisation et publication des notes de d\u00e9gustation pour l'ensemble des membres du groupe  Acc\u00e8s \u00e0 la base de donn\u00e9es avec comptant vins d\u00e9gust\u00e9s par www.yvesbeck.wine  D\u00e9gustations Primeurs et livrables avec commentaires en fran\u00e7ais et allemand  Newsletter r\u00e9guli\u00e8re  4 magazines (\u00e9ditions digitales)  L'abonnement se renouvelle automatiquement.","og_url":"https:\/\/www.yvesbeck.wine\/produkt\/abonnement-annuel-saintelites\/","og_site_name":"Yves Beck","article_publisher":"https:\/\/www.facebook.com\/beckustator","article_modified_time":"2025-07-30T12:57:13+00:00","og_image":[{"width":1920,"height":1200,"url":"https:\/\/www.yvesbeck.wine\/wp-content\/uploads\/2016\/07\/Home_flip.jpg","type":"image\/jpeg"}],"twitter_card":"summary_large_image","twitter_site":"@beckustator","twitter_misc":{"Dur\u00e9e de lecture estim\u00e9e":"1 minute"},"schema":{"@context":"https:\/\/schema.org","@graph":[{"@type":"WebPage","@id":"https:\/\/www.yvesbeck.wine\/produkt\/abonnement-annuel-saintelites\/","url":"https:\/\/www.yvesbeck.wine\/produkt\/abonnement-annuel-saintelites\/","name":"Abonnement Business Saint-Elites - Yves Beck","isPartOf":{"@id":"https:\/\/www.yvesbeck.wine\/#website"},"primaryImageOfPage":{"@id":"https:\/\/www.yvesbeck.wine\/produkt\/abonnement-annuel-saintelites\/#primaryimage"},"image":{"@id":"https:\/\/www.yvesbeck.wine\/produkt\/abonnement-annuel-saintelites\/#primaryimage"},"thumbnailUrl":"https:\/\/www.yvesbeck.wine\/wp-content\/uploads\/2016\/07\/Home_flip.jpg","datePublished":"2021-11-08T22:18:44+00:00","dateModified":"2025-07-30T12:57:13+00:00","breadcrumb":{"@id":"https:\/\/www.yvesbeck.wine\/produkt\/abonnement-annuel-saintelites\/#breadcrumb"},"inLanguage":"fr-FR","potentialAction":[{"@type":"ReadAction","target":["https:\/\/www.yvesbeck.wine\/produkt\/abonnement-annuel-saintelites\/"]}]},{"@type":"ImageObject","inLanguage":"fr-FR","@id":"https:\/\/www.yvesbeck.wine\/produkt\/abonnement-annuel-saintelites\/#primaryimage","url":"https:\/\/www.yvesbeck.wine\/wp-content\/uploads\/2016\/07\/Home_flip.jpg","contentUrl":"https:\/\/www.yvesbeck.wine\/wp-content\/uploads\/2016\/07\/Home_flip.jpg","width":1920,"height":1200,"caption":"Abonnement yvesbeck.wine"},{"@type":"BreadcrumbList","@id":"https:\/\/www.yvesbeck.wine\/produkt\/abonnement-annuel-saintelites\/#breadcrumb","itemListElement":[{"@type":"ListItem","position":1,"name":"Startseite","item":"https:\/\/www.yvesbeck.wine\/fr\/"},{"@type":"ListItem","position":2,"name":"Boutique","item":"https:\/\/www.yvesbeck.wine\/fr\/boutique\/"},{"@type":"ListItem","position":3,"name":"Abonnement Business Saint-Elites"}]},{"@type":"WebSite","@id":"https:\/\/www.yvesbeck.wine\/#website","url":"https:\/\/www.yvesbeck.wine\/","name":"Yves Beck","description":"Beckustator","publisher":{"@id":"https:\/\/www.yvesbeck.wine\/#organization"},"potentialAction":[{"@type":"SearchAction","target":{"@type":"EntryPoint","urlTemplate":"https:\/\/www.yvesbeck.wine\/?s={search_term_string}"},"query-input":{"@type":"PropertyValueSpecification","valueRequired":true,"valueName":"search_term_string"}}],"inLanguage":"fr-FR"},{"@type":"Organization","@id":"https:\/\/www.yvesbeck.wine\/#organization","name":"yvesbeck.wine","url":"https:\/\/www.yvesbeck.wine\/","logo":{"@type":"ImageObject","inLanguage":"fr-FR","@id":"https:\/\/www.yvesbeck.wine\/#\/schema\/logo\/image\/","url":"https:\/\/www.yvesbeck.wine\/wp-content\/uploads\/frontend\/2016\/07\/20160722-Logo-Sidebar.png","contentUrl":"https:\/\/www.yvesbeck.wine\/wp-content\/uploads\/frontend\/2016\/07\/20160722-Logo-Sidebar.png","width":376,"height":200,"caption":"yvesbeck.wine"},"image":{"@id":"https:\/\/www.yvesbeck.wine\/#\/schema\/logo\/image\/"},"sameAs":["https:\/\/www.facebook.com\/beckustator","https:\/\/x.com\/beckustator","https:\/\/www.instagram.com\/beckustator","https:\/\/www.linkedin.com\/in\/yvesbeck\/"]}]}},"_links":{"self":[{"href":"https:\/\/www.yvesbeck.wine\/fr\/wp-json\/wp\/v2\/product\/95696","targetHints":{"allow":["GET"]}}],"collection":[{"href":"https:\/\/www.yvesbeck.wine\/fr\/wp-json\/wp\/v2\/product"}],"about":[{"href":"https:\/\/www.yvesbeck.wine\/fr\/wp-json\/wp\/v2\/types\/product"}],"wp:featuredmedia":[{"embeddable":true,"href":"https:\/\/www.yvesbeck.wine\/fr\/wp-json\/wp\/v2\/media\/162189"}],"wp:attachment":[{"href":"https:\/\/www.yvesbeck.wine\/fr\/wp-json\/wp\/v2\/media?parent=95696"}],"wp:term":[{"taxonomy":"product_brand","embeddable":true,"href":"https:\/\/www.yvesbeck.wine\/fr\/wp-json\/wp\/v2\/product_brand?post=95696"},{"taxonomy":"product_cat","embeddable":true,"href":"https:\/\/www.yvesbeck.wine\/fr\/wp-json\/wp\/v2\/product_cat?post=95696"},{"taxonomy":"product_tag","embeddable":true,"href":"https:\/\/www.yvesbeck.wine\/fr\/wp-json\/wp\/v2\/product_tag?post=95696"}],"curies":[{"name":"wp","href":"https:\/\/api.w.org\/{rel}","templated":true}]}}