{"id":87291,"date":"2025-03-10T13:41:08","date_gmt":"2025-03-10T12:41:08","guid":{"rendered":"https:\/\/www.yvesbeck.wine\/?post_type=product&#038;p=87291"},"modified":"2025-07-30T14:02:07","modified_gmt":"2025-07-30T13:02:07","slug":"swissabo-basic","status":"publish","type":"product","link":"https:\/\/www.yvesbeck.wine\/fr\/produkt\/swissabo-basic\/","title":{"rendered":"Swissabo Basic"},"content":{"rendered":"<p>Le Swissabo Basic yvesbeck.wine est valable une ann\u00e9e et destin\u00e9 uniquement \u00e0 un <strong>usage priv\u00e9<\/strong> pour les amateurs et passionn\u00e9s de vin. Cet abonnement comprend :<\/p>\n<div class=\"woocommerce-product-details__short-description\">\n<ul>\n<li>Acc\u00e8s \u00e0 la base de donn\u00e9es vin actuellement <strong>37760 notes de d\u00e9gustation<\/strong> en ligne<\/li>\n<li>Newsletter r\u00e9guli\u00e8re<\/li>\n<li>4 magazines (\u00e9ditions digitales)\n<ul>\n<li>2x Bordeaux<\/li>\n<li>1x Sp\u00e9cial Allemagne<\/li>\n<li>1x Sp\u00e9cial Alsace<\/li>\n<\/ul>\n<\/li>\n<li>Renouvellement automatique<\/li>\n<\/ul>\n<p>La TVA (8.1%) est comprise dans le prix de l&rsquo;abonnement.<\/p>\n<p>Cet abonnement <strong>ne permet pas<\/strong> de publier et diffuser les notes de d\u00e9gustation de yvesbeck.wine \u2013 afin d\u2019obtenir les droits d\u2019utilisation il est imp\u00e9ratif de contracter un abonnement <a href=\"https:\/\/www.yvesbeck.wine\/fr\/produkt\/abonnement-annuel-pro-kopie\/\"><strong>PRO<\/strong><\/a> ou <a href=\"https:\/\/www.yvesbeck.wine\/fr\/produkt\/swissabo-plus\/\"><strong>Business<\/strong><\/a><\/p>\n<\/div>\n","protected":false},"excerpt":{"rendered":"<p>Le Swissabo Basic yvesbeck.wine est valable une ann\u00e9e et destin\u00e9 uniquement \u00e0 un <strong>usage priv\u00e9<\/strong> pour les amateurs et passionn\u00e9s de vin. Cet abonnement comprend :<\/p>\n<div class=\"woocommerce-product-details__short-description\">\n<ul>\n<li>Acc\u00e8s \u00e0 la base de donn\u00e9es vin actuellement <strong>37760 notes de d\u00e9gustation<\/strong> en ligne<\/li>\n<li>Newsletter r\u00e9guli\u00e8re<\/li>\n<li>4 magazines (\u00e9ditions digitales)\n<ul>\n<li>2x Bordeaux<\/li>\n<li>1x Sp\u00e9cial Allemagne<\/li>\n<li>1x Sp\u00e9cial Alsace<\/li>\n<\/ul>\n<\/li>\n<li>Renouvellement automatique<\/li>\n<\/ul>\n<p>La TVA (8.1%) est comprise dans le prix de l&rsquo;abonnement.<\/p>\n<p>Cet abonnement <strong>ne permet pas<\/strong> de publier et diffuser les notes de d\u00e9gustation de yvesbeck.wine \u2013 afin d\u2019obtenir les droits d\u2019utilisation il est imp\u00e9ratif de contracter un abonnement <a href=\"\/?p=38539\"><strong>PRO<\/strong><\/a> ou <a href=\"\/?p=57272\"><strong>Business<\/strong><\/a><\/p>\n<\/div>\n","protected":false},"featured_media":162189,"template":"","meta":{"_acf_changed":false,"_et_pb_use_builder":"","_et_pb_old_content":"","_et_gb_content_width":""},"product_brand":[],"product_cat":[222],"product_tag":[],"class_list":{"0":"post-87291","1":"product","2":"type-product","3":"status-publish","4":"has-post-thumbnail","6":"product_cat-subscriptions-fr","8":"first","9":"instock","10":"virtual","11":"product-type-subscription"},"acf":[],"yoast_head":"<!-- This site is optimized with the Yoast SEO plugin v26.9 - https:\/\/yoast.com\/product\/yoast-seo-wordpress\/ -->\n<title>Swissabo Basic pour les passionn\u00e9s de vin - Yves Beck<\/title>\n<meta name=\"description\" content=\"Le Swissabo Basic destin\u00e9 aux r\u00e9sidents suisses donne acc\u00e8s \u00e0 plus de 24 000 notes de d\u00e9gustation ainsi que 3 magazines digitaux par ann\u00e9e.\" \/>\n<meta name=\"robots\" content=\"index, follow, max-snippet:-1, max-image-preview:large, max-video-preview:-1\" \/>\n<link rel=\"canonical\" href=\"https:\/\/www.yvesbeck.wine\/produkt\/swissabo-basic\/\" \/>\n<meta property=\"og:locale\" content=\"fr_FR\" \/>\n<meta property=\"og:type\" content=\"article\" \/>\n<meta property=\"og:title\" content=\"Swissabo Basic pour les passionn\u00e9s de vin - Yves Beck\" \/>\n<meta property=\"og:description\" content=\"Le Swissabo Basic destin\u00e9 aux r\u00e9sidents suisses donne acc\u00e8s \u00e0 plus de 24 000 notes de d\u00e9gustation ainsi que 3 magazines digitaux par ann\u00e9e.\" \/>\n<meta property=\"og:url\" content=\"https:\/\/www.yvesbeck.wine\/produkt\/swissabo-basic\/\" \/>\n<meta property=\"og:site_name\" content=\"Yves Beck\" \/>\n<meta property=\"article:publisher\" content=\"https:\/\/www.facebook.com\/beckustator\" \/>\n<meta property=\"article:modified_time\" content=\"2025-07-30T13:02:07+00:00\" \/>\n<meta property=\"og:image\" content=\"https:\/\/www.yvesbeck.wine\/wp-content\/uploads\/2016\/07\/Home_flip.jpg\" \/>\n\t<meta property=\"og:image:width\" content=\"1920\" \/>\n\t<meta property=\"og:image:height\" content=\"1200\" \/>\n\t<meta property=\"og:image:type\" content=\"image\/jpeg\" \/>\n<meta name=\"twitter:card\" content=\"summary_large_image\" \/>\n<meta name=\"twitter:site\" content=\"@beckustator\" \/>\n<meta name=\"twitter:label1\" content=\"Dur\u00e9e de lecture estim\u00e9e\" \/>\n\t<meta name=\"twitter:data1\" content=\"1 minute\" \/>\n<script type=\"application\/ld+json\" class=\"yoast-schema-graph\">{\"@context\":\"https:\/\/schema.org\",\"@graph\":[{\"@type\":\"WebPage\",\"@id\":\"https:\/\/www.yvesbeck.wine\/produkt\/swissabo-basic\/\",\"url\":\"https:\/\/www.yvesbeck.wine\/produkt\/swissabo-basic\/\",\"name\":\"Swissabo Basic pour les passionn\u00e9s de vin - Yves Beck\",\"isPartOf\":{\"@id\":\"https:\/\/www.yvesbeck.wine\/#website\"},\"primaryImageOfPage\":{\"@id\":\"https:\/\/www.yvesbeck.wine\/produkt\/swissabo-basic\/#primaryimage\"},\"image\":{\"@id\":\"https:\/\/www.yvesbeck.wine\/produkt\/swissabo-basic\/#primaryimage\"},\"thumbnailUrl\":\"https:\/\/www.yvesbeck.wine\/wp-content\/uploads\/2016\/07\/Home_flip.jpg\",\"datePublished\":\"2025-03-10T12:41:08+00:00\",\"dateModified\":\"2025-07-30T13:02:07+00:00\",\"description\":\"Le Swissabo Basic destin\u00e9 aux r\u00e9sidents suisses donne acc\u00e8s \u00e0 plus de 24 000 notes de d\u00e9gustation ainsi que 3 magazines digitaux par ann\u00e9e.\",\"breadcrumb\":{\"@id\":\"https:\/\/www.yvesbeck.wine\/produkt\/swissabo-basic\/#breadcrumb\"},\"inLanguage\":\"fr-FR\",\"potentialAction\":[{\"@type\":\"ReadAction\",\"target\":[\"https:\/\/www.yvesbeck.wine\/produkt\/swissabo-basic\/\"]}]},{\"@type\":\"ImageObject\",\"inLanguage\":\"fr-FR\",\"@id\":\"https:\/\/www.yvesbeck.wine\/produkt\/swissabo-basic\/#primaryimage\",\"url\":\"https:\/\/www.yvesbeck.wine\/wp-content\/uploads\/2016\/07\/Home_flip.jpg\",\"contentUrl\":\"https:\/\/www.yvesbeck.wine\/wp-content\/uploads\/2016\/07\/Home_flip.jpg\",\"width\":1920,\"height\":1200,\"caption\":\"Abonnement yvesbeck.wine\"},{\"@type\":\"BreadcrumbList\",\"@id\":\"https:\/\/www.yvesbeck.wine\/produkt\/swissabo-basic\/#breadcrumb\",\"itemListElement\":[{\"@type\":\"ListItem\",\"position\":1,\"name\":\"Startseite\",\"item\":\"https:\/\/www.yvesbeck.wine\/fr\/\"},{\"@type\":\"ListItem\",\"position\":2,\"name\":\"Boutique\",\"item\":\"https:\/\/www.yvesbeck.wine\/fr\/boutique\/\"},{\"@type\":\"ListItem\",\"position\":3,\"name\":\"Swissabo Basic\"}]},{\"@type\":\"WebSite\",\"@id\":\"https:\/\/www.yvesbeck.wine\/#website\",\"url\":\"https:\/\/www.yvesbeck.wine\/\",\"name\":\"Yves Beck\",\"description\":\"Beckustator\",\"publisher\":{\"@id\":\"https:\/\/www.yvesbeck.wine\/#organization\"},\"potentialAction\":[{\"@type\":\"SearchAction\",\"target\":{\"@type\":\"EntryPoint\",\"urlTemplate\":\"https:\/\/www.yvesbeck.wine\/?s={search_term_string}\"},\"query-input\":{\"@type\":\"PropertyValueSpecification\",\"valueRequired\":true,\"valueName\":\"search_term_string\"}}],\"inLanguage\":\"fr-FR\"},{\"@type\":\"Organization\",\"@id\":\"https:\/\/www.yvesbeck.wine\/#organization\",\"name\":\"yvesbeck.wine\",\"url\":\"https:\/\/www.yvesbeck.wine\/\",\"logo\":{\"@type\":\"ImageObject\",\"inLanguage\":\"fr-FR\",\"@id\":\"https:\/\/www.yvesbeck.wine\/#\/schema\/logo\/image\/\",\"url\":\"https:\/\/www.yvesbeck.wine\/wp-content\/uploads\/frontend\/2016\/07\/20160722-Logo-Sidebar.png\",\"contentUrl\":\"https:\/\/www.yvesbeck.wine\/wp-content\/uploads\/frontend\/2016\/07\/20160722-Logo-Sidebar.png\",\"width\":376,\"height\":200,\"caption\":\"yvesbeck.wine\"},\"image\":{\"@id\":\"https:\/\/www.yvesbeck.wine\/#\/schema\/logo\/image\/\"},\"sameAs\":[\"https:\/\/www.facebook.com\/beckustator\",\"https:\/\/x.com\/beckustator\",\"https:\/\/www.instagram.com\/beckustator\",\"https:\/\/www.linkedin.com\/in\/yvesbeck\/\"]}]}<\/script>\n<!-- \/ Yoast SEO plugin. -->","yoast_head_json":{"title":"Swissabo Basic pour les passionn\u00e9s de vin - Yves Beck","description":"Le Swissabo Basic destin\u00e9 aux r\u00e9sidents suisses donne acc\u00e8s \u00e0 plus de 24 000 notes de d\u00e9gustation ainsi que 3 magazines digitaux par ann\u00e9e.","robots":{"index":"index","follow":"follow","max-snippet":"max-snippet:-1","max-image-preview":"max-image-preview:large","max-video-preview":"max-video-preview:-1"},"canonical":"https:\/\/www.yvesbeck.wine\/produkt\/swissabo-basic\/","og_locale":"fr_FR","og_type":"article","og_title":"Swissabo Basic pour les passionn\u00e9s de vin - Yves Beck","og_description":"Le Swissabo Basic destin\u00e9 aux r\u00e9sidents suisses donne acc\u00e8s \u00e0 plus de 24 000 notes de d\u00e9gustation ainsi que 3 magazines digitaux par ann\u00e9e.","og_url":"https:\/\/www.yvesbeck.wine\/produkt\/swissabo-basic\/","og_site_name":"Yves Beck","article_publisher":"https:\/\/www.facebook.com\/beckustator","article_modified_time":"2025-07-30T13:02:07+00:00","og_image":[{"width":1920,"height":1200,"url":"https:\/\/www.yvesbeck.wine\/wp-content\/uploads\/2016\/07\/Home_flip.jpg","type":"image\/jpeg"}],"twitter_card":"summary_large_image","twitter_site":"@beckustator","twitter_misc":{"Dur\u00e9e de lecture estim\u00e9e":"1 minute"},"schema":{"@context":"https:\/\/schema.org","@graph":[{"@type":"WebPage","@id":"https:\/\/www.yvesbeck.wine\/produkt\/swissabo-basic\/","url":"https:\/\/www.yvesbeck.wine\/produkt\/swissabo-basic\/","name":"Swissabo Basic pour les passionn\u00e9s de vin - Yves Beck","isPartOf":{"@id":"https:\/\/www.yvesbeck.wine\/#website"},"primaryImageOfPage":{"@id":"https:\/\/www.yvesbeck.wine\/produkt\/swissabo-basic\/#primaryimage"},"image":{"@id":"https:\/\/www.yvesbeck.wine\/produkt\/swissabo-basic\/#primaryimage"},"thumbnailUrl":"https:\/\/www.yvesbeck.wine\/wp-content\/uploads\/2016\/07\/Home_flip.jpg","datePublished":"2025-03-10T12:41:08+00:00","dateModified":"2025-07-30T13:02:07+00:00","description":"Le Swissabo Basic destin\u00e9 aux r\u00e9sidents suisses donne acc\u00e8s \u00e0 plus de 24 000 notes de d\u00e9gustation ainsi que 3 magazines digitaux par ann\u00e9e.","breadcrumb":{"@id":"https:\/\/www.yvesbeck.wine\/produkt\/swissabo-basic\/#breadcrumb"},"inLanguage":"fr-FR","potentialAction":[{"@type":"ReadAction","target":["https:\/\/www.yvesbeck.wine\/produkt\/swissabo-basic\/"]}]},{"@type":"ImageObject","inLanguage":"fr-FR","@id":"https:\/\/www.yvesbeck.wine\/produkt\/swissabo-basic\/#primaryimage","url":"https:\/\/www.yvesbeck.wine\/wp-content\/uploads\/2016\/07\/Home_flip.jpg","contentUrl":"https:\/\/www.yvesbeck.wine\/wp-content\/uploads\/2016\/07\/Home_flip.jpg","width":1920,"height":1200,"caption":"Abonnement yvesbeck.wine"},{"@type":"BreadcrumbList","@id":"https:\/\/www.yvesbeck.wine\/produkt\/swissabo-basic\/#breadcrumb","itemListElement":[{"@type":"ListItem","position":1,"name":"Startseite","item":"https:\/\/www.yvesbeck.wine\/fr\/"},{"@type":"ListItem","position":2,"name":"Boutique","item":"https:\/\/www.yvesbeck.wine\/fr\/boutique\/"},{"@type":"ListItem","position":3,"name":"Swissabo Basic"}]},{"@type":"WebSite","@id":"https:\/\/www.yvesbeck.wine\/#website","url":"https:\/\/www.yvesbeck.wine\/","name":"Yves Beck","description":"Beckustator","publisher":{"@id":"https:\/\/www.yvesbeck.wine\/#organization"},"potentialAction":[{"@type":"SearchAction","target":{"@type":"EntryPoint","urlTemplate":"https:\/\/www.yvesbeck.wine\/?s={search_term_string}"},"query-input":{"@type":"PropertyValueSpecification","valueRequired":true,"valueName":"search_term_string"}}],"inLanguage":"fr-FR"},{"@type":"Organization","@id":"https:\/\/www.yvesbeck.wine\/#organization","name":"yvesbeck.wine","url":"https:\/\/www.yvesbeck.wine\/","logo":{"@type":"ImageObject","inLanguage":"fr-FR","@id":"https:\/\/www.yvesbeck.wine\/#\/schema\/logo\/image\/","url":"https:\/\/www.yvesbeck.wine\/wp-content\/uploads\/frontend\/2016\/07\/20160722-Logo-Sidebar.png","contentUrl":"https:\/\/www.yvesbeck.wine\/wp-content\/uploads\/frontend\/2016\/07\/20160722-Logo-Sidebar.png","width":376,"height":200,"caption":"yvesbeck.wine"},"image":{"@id":"https:\/\/www.yvesbeck.wine\/#\/schema\/logo\/image\/"},"sameAs":["https:\/\/www.facebook.com\/beckustator","https:\/\/x.com\/beckustator","https:\/\/www.instagram.com\/beckustator","https:\/\/www.linkedin.com\/in\/yvesbeck\/"]}]}},"_links":{"self":[{"href":"https:\/\/www.yvesbeck.wine\/fr\/wp-json\/wp\/v2\/product\/87291","targetHints":{"allow":["GET"]}}],"collection":[{"href":"https:\/\/www.yvesbeck.wine\/fr\/wp-json\/wp\/v2\/product"}],"about":[{"href":"https:\/\/www.yvesbeck.wine\/fr\/wp-json\/wp\/v2\/types\/product"}],"wp:featuredmedia":[{"embeddable":true,"href":"https:\/\/www.yvesbeck.wine\/fr\/wp-json\/wp\/v2\/media\/162189"}],"wp:attachment":[{"href":"https:\/\/www.yvesbeck.wine\/fr\/wp-json\/wp\/v2\/media?parent=87291"}],"wp:term":[{"taxonomy":"product_brand","embeddable":true,"href":"https:\/\/www.yvesbeck.wine\/fr\/wp-json\/wp\/v2\/product_brand?post=87291"},{"taxonomy":"product_cat","embeddable":true,"href":"https:\/\/www.yvesbeck.wine\/fr\/wp-json\/wp\/v2\/product_cat?post=87291"},{"taxonomy":"product_tag","embeddable":true,"href":"https:\/\/www.yvesbeck.wine\/fr\/wp-json\/wp\/v2\/product_tag?post=87291"}],"curies":[{"name":"wp","href":"https:\/\/api.w.org\/{rel}","templated":true}]}}