{"id":86803,"date":"2025-02-19T10:37:18","date_gmt":"2025-02-19T09:37:18","guid":{"rendered":"https:\/\/www.yvesbeck.wine\/?post_type=product&#038;p=86803"},"modified":"2025-07-30T15:23:25","modified_gmt":"2025-07-30T14:23:25","slug":"swissabo-business-power","status":"publish","type":"product","link":"https:\/\/www.yvesbeck.wine\/fr\/produkt\/swissabo-business-power\/","title":{"rendered":"Swissabo Business Power"},"content":{"rendered":"<p><strong>Cet abonnement est destin\u00e9 aux domaines viticoles suisses et aux marchands de vin (importateurs, cavistes, etc.).<\/strong><\/p>\n<p>Le \u00ab\u00a0Swissabo Business Power\u00a0\u00bb propose une s\u00e9rie de prestations contenant la d\u00e9gustation des vins du domaine et la publication des commentaires en fran\u00e7ais et en allemand<\/p>\n<p><strong>Prestations\u00a0<\/strong>:<\/p>\n<ul>\n<li>Producteurs : d\u00e9gustation annuelle sur site (maximum 25 vins)<\/li>\n<li>Importateurs : utilisation textes et notes pour les vins de leur assortiment et Bordeaux Primeurs<\/li>\n<li>utilisation des textes de d\u00e9gustation en fran\u00e7ais ou en allemand<\/li>\n<li>Acc\u00e8s \u00e0 la base de donn\u00e9es des vins d\u00e9gust\u00e9s par <a href=\"https:\/\/www.yvesbeck.wine\/fr\">yvesbeck.wine<\/a> (37760 notes de d\u00e9gustation en ligne)<\/li>\n<li>3 magazines \u201cyvesbeck.vin\u201d (\u00e9ditions digitales)<\/li>\n<li>Newsletter r\u00e9guli\u00e8re<\/li>\n<\/ul>\n<p>En cas de d\u00e9gustation sur site : frais de d\u00e9placement inclus dans l&rsquo;abonnement jusqu&rsquo;\u00e0 concurrence de 80km (aller-retour), \u00e0 compter de Douanne (Twann). Au-del\u00e0 de 80km, les frais sont factur\u00e9s en sus. (CHF. 0.80\/km ou billet CFF)<\/p>\n<p><strong>Prix et conditions<\/strong> :<\/p>\n<ul>\n<li>CHF. 529,25 + TVA 8.1%<\/li>\n<li>Renouvellement automatique de l&rsquo;abonnement<\/li>\n<\/ul>\n<p><strong>Options en sus<\/strong> :<\/p>\n<ul>\n<li>textes de d\u00e9gustation en anglais<\/li>\n<li>contenus sponsoris\u00e9s sur les r\u00e9seaux sociaux (<a href=\"https:\/\/www.facebook.com\/beckustator\">Facebook<\/a>, <a href=\"https:\/\/www.instagram.com\/beckustator\">Instagram<\/a>)<\/li>\n<\/ul>\n","protected":false},"excerpt":{"rendered":"<p><strong>Cet abonnement est destin\u00e9 aux domaines viticoles suisses et aux marchands de vin (importateurs, cavistes, etc.).<\/strong><\/p>\n<p>Le \u00ab\u00a0Swissabo Business Power\u00a0\u00bb propose une s\u00e9rie de prestations contenant la d\u00e9gustation des vins du domaine et la publication des commentaires en fran\u00e7ais et en allemand<\/p>\n<p><strong>Prestations\u00a0<\/strong>:<\/p>\n<ul>\n<li>Producteurs : d\u00e9gustation annuelle sur site (maximum 25 vins)<\/li>\n<li>Importateurs : utilisation textes et notes pour les vins de leur assortiment et Bordeaux Primeurs<\/li>\n<li>utilisation des textes de d\u00e9gustation en fran\u00e7ais ou en allemand<\/li>\n<li>Acc\u00e8s \u00e0 la base de donn\u00e9es des vins d\u00e9gust\u00e9s par <a href=\"https:\/\/www.yvesbeck.wine\/fr\">yvesbeck.wine<\/a> (37760 notes de d\u00e9gustation en ligne)<\/li>\n<li>3 magazines \u201cyvesbeck.vin\u201d (\u00e9ditions digitales)<\/li>\n<li>Newsletter r\u00e9guli\u00e8re<\/li>\n<\/ul>\n<p>En cas de d\u00e9gustation sur site : frais de d\u00e9placement inclus dans l&rsquo;abonnement jusqu&rsquo;\u00e0 concurrence de 80km (aller-retour), \u00e0 compter de Douanne (Twann). Au-del\u00e0 de 80km, les frais sont factur\u00e9s en sus. (CHF. 0.80\/km ou billet CFF)<\/p>\n<p><strong>Prix et conditions<\/strong> :<\/p>\n<ul>\n<li>CHF. 529,25 + TVA 8.1%<\/li>\n<li>Renouvellement automatique de l&rsquo;abonnement<\/li>\n<\/ul>\n<p><strong>Options en sus<\/strong> :<\/p>\n<ul>\n<li>textes de d\u00e9gustation en anglais<\/li>\n<li>contenus sponsoris\u00e9s sur les r\u00e9seaux sociaux (<a href=\"https:\/\/www.facebook.com\/beckustator\">Facebook<\/a>, <a href=\"https:\/\/www.instagram.com\/beckustator\">Instagram<\/a>)<\/li>\n<\/ul>\n","protected":false},"featured_media":162189,"template":"","meta":{"_acf_changed":false,"_et_pb_use_builder":"","_et_pb_old_content":"","_et_gb_content_width":""},"product_brand":[],"product_cat":[222],"product_tag":[],"class_list":{"0":"post-86803","1":"product","2":"type-product","3":"status-publish","4":"has-post-thumbnail","6":"product_cat-subscriptions-fr","8":"first","9":"instock","10":"virtual","11":"purchasable","12":"product-type-subscription"},"acf":[],"yoast_head":"<!-- This site is optimized with the Yoast SEO plugin v26.9 - https:\/\/yoast.com\/product\/yoast-seo-wordpress\/ -->\n<title>Swissabo Business Power - Yves Beck<\/title>\n<meta name=\"robots\" content=\"index, follow, max-snippet:-1, max-image-preview:large, max-video-preview:-1\" \/>\n<link rel=\"canonical\" href=\"https:\/\/www.yvesbeck.wine\/produkt\/swissabo-business-power\/\" \/>\n<meta property=\"og:locale\" content=\"fr_FR\" \/>\n<meta property=\"og:type\" content=\"article\" \/>\n<meta property=\"og:title\" content=\"Swissabo Business Power - Yves Beck\" \/>\n<meta property=\"og:description\" content=\"Cet abonnement est destin\u00e9 aux domaines viticoles suisses et aux marchands de vin (importateurs, cavistes, etc.).  Le &quot;Swissabo Business Power&quot; propose une s\u00e9rie de prestations contenant la d\u00e9gustation des vins du domaine et la publication des commentaires en fran\u00e7ais et en allemand  Prestations\u00a0:   Producteurs : d\u00e9gustation annuelle sur site (maximum 25 vins)  Importateurs : utilisation textes et notes pour les vins de leur assortiment et Bordeaux Primeurs  utilisation des textes de d\u00e9gustation en fran\u00e7ais ou en allemand  Acc\u00e8s \u00e0 la base de donn\u00e9es des vins d\u00e9gust\u00e9s par yvesbeck.wine ( notes de d\u00e9gustation en ligne)  3 magazines \u201cyvesbeck.vin\u201d (\u00e9ditions digitales)  Newsletter r\u00e9guli\u00e8re  En cas de d\u00e9gustation sur site : frais de d\u00e9placement inclus dans l&#039;abonnement jusqu&#039;\u00e0 concurrence de 80km (aller-retour), \u00e0 compter de Douanne (Twann). Au-del\u00e0 de 80km, les frais sont factur\u00e9s en sus. (CHF. 0.80\/km ou billet CFF)  Prix et conditions :   CHF. 529,25 + TVA 8.1%  Renouvellement automatique de l&#039;abonnement  Options en sus :   textes de d\u00e9gustation en anglais  contenus sponsoris\u00e9s sur les r\u00e9seaux sociaux (Facebook, Instagram)\" \/>\n<meta property=\"og:url\" content=\"https:\/\/www.yvesbeck.wine\/produkt\/swissabo-business-power\/\" \/>\n<meta property=\"og:site_name\" content=\"Yves Beck\" \/>\n<meta property=\"article:publisher\" content=\"https:\/\/www.facebook.com\/beckustator\" \/>\n<meta property=\"article:modified_time\" content=\"2025-07-30T14:23:25+00:00\" \/>\n<meta property=\"og:image\" content=\"https:\/\/www.yvesbeck.wine\/wp-content\/uploads\/2016\/07\/Home_flip.jpg\" \/>\n\t<meta property=\"og:image:width\" content=\"1920\" \/>\n\t<meta property=\"og:image:height\" content=\"1200\" \/>\n\t<meta property=\"og:image:type\" content=\"image\/jpeg\" \/>\n<meta name=\"twitter:card\" content=\"summary_large_image\" \/>\n<meta name=\"twitter:site\" content=\"@beckustator\" \/>\n<meta name=\"twitter:label1\" content=\"Dur\u00e9e de lecture estim\u00e9e\" \/>\n\t<meta name=\"twitter:data1\" content=\"2 minutes\" \/>\n<script type=\"application\/ld+json\" class=\"yoast-schema-graph\">{\"@context\":\"https:\/\/schema.org\",\"@graph\":[{\"@type\":\"WebPage\",\"@id\":\"https:\/\/www.yvesbeck.wine\/produkt\/swissabo-business-power\/\",\"url\":\"https:\/\/www.yvesbeck.wine\/produkt\/swissabo-business-power\/\",\"name\":\"Swissabo Business Power - Yves Beck\",\"isPartOf\":{\"@id\":\"https:\/\/www.yvesbeck.wine\/#website\"},\"primaryImageOfPage\":{\"@id\":\"https:\/\/www.yvesbeck.wine\/produkt\/swissabo-business-power\/#primaryimage\"},\"image\":{\"@id\":\"https:\/\/www.yvesbeck.wine\/produkt\/swissabo-business-power\/#primaryimage\"},\"thumbnailUrl\":\"https:\/\/www.yvesbeck.wine\/wp-content\/uploads\/2016\/07\/Home_flip.jpg\",\"datePublished\":\"2025-02-19T09:37:18+00:00\",\"dateModified\":\"2025-07-30T14:23:25+00:00\",\"breadcrumb\":{\"@id\":\"https:\/\/www.yvesbeck.wine\/produkt\/swissabo-business-power\/#breadcrumb\"},\"inLanguage\":\"fr-FR\",\"potentialAction\":[{\"@type\":\"ReadAction\",\"target\":[\"https:\/\/www.yvesbeck.wine\/produkt\/swissabo-business-power\/\"]}]},{\"@type\":\"ImageObject\",\"inLanguage\":\"fr-FR\",\"@id\":\"https:\/\/www.yvesbeck.wine\/produkt\/swissabo-business-power\/#primaryimage\",\"url\":\"https:\/\/www.yvesbeck.wine\/wp-content\/uploads\/2016\/07\/Home_flip.jpg\",\"contentUrl\":\"https:\/\/www.yvesbeck.wine\/wp-content\/uploads\/2016\/07\/Home_flip.jpg\",\"width\":1920,\"height\":1200,\"caption\":\"Abonnement yvesbeck.wine\"},{\"@type\":\"BreadcrumbList\",\"@id\":\"https:\/\/www.yvesbeck.wine\/produkt\/swissabo-business-power\/#breadcrumb\",\"itemListElement\":[{\"@type\":\"ListItem\",\"position\":1,\"name\":\"Startseite\",\"item\":\"https:\/\/www.yvesbeck.wine\/fr\/\"},{\"@type\":\"ListItem\",\"position\":2,\"name\":\"Boutique\",\"item\":\"https:\/\/www.yvesbeck.wine\/fr\/boutique\/\"},{\"@type\":\"ListItem\",\"position\":3,\"name\":\"Swissabo Business Power\"}]},{\"@type\":\"WebSite\",\"@id\":\"https:\/\/www.yvesbeck.wine\/#website\",\"url\":\"https:\/\/www.yvesbeck.wine\/\",\"name\":\"Yves Beck\",\"description\":\"Beckustator\",\"publisher\":{\"@id\":\"https:\/\/www.yvesbeck.wine\/#organization\"},\"potentialAction\":[{\"@type\":\"SearchAction\",\"target\":{\"@type\":\"EntryPoint\",\"urlTemplate\":\"https:\/\/www.yvesbeck.wine\/?s={search_term_string}\"},\"query-input\":{\"@type\":\"PropertyValueSpecification\",\"valueRequired\":true,\"valueName\":\"search_term_string\"}}],\"inLanguage\":\"fr-FR\"},{\"@type\":\"Organization\",\"@id\":\"https:\/\/www.yvesbeck.wine\/#organization\",\"name\":\"yvesbeck.wine\",\"url\":\"https:\/\/www.yvesbeck.wine\/\",\"logo\":{\"@type\":\"ImageObject\",\"inLanguage\":\"fr-FR\",\"@id\":\"https:\/\/www.yvesbeck.wine\/#\/schema\/logo\/image\/\",\"url\":\"https:\/\/www.yvesbeck.wine\/wp-content\/uploads\/frontend\/2016\/07\/20160722-Logo-Sidebar.png\",\"contentUrl\":\"https:\/\/www.yvesbeck.wine\/wp-content\/uploads\/frontend\/2016\/07\/20160722-Logo-Sidebar.png\",\"width\":376,\"height\":200,\"caption\":\"yvesbeck.wine\"},\"image\":{\"@id\":\"https:\/\/www.yvesbeck.wine\/#\/schema\/logo\/image\/\"},\"sameAs\":[\"https:\/\/www.facebook.com\/beckustator\",\"https:\/\/x.com\/beckustator\",\"https:\/\/www.instagram.com\/beckustator\",\"https:\/\/www.linkedin.com\/in\/yvesbeck\/\"]}]}<\/script>\n<!-- \/ Yoast SEO plugin. -->","yoast_head_json":{"title":"Swissabo Business Power - Yves Beck","robots":{"index":"index","follow":"follow","max-snippet":"max-snippet:-1","max-image-preview":"max-image-preview:large","max-video-preview":"max-video-preview:-1"},"canonical":"https:\/\/www.yvesbeck.wine\/produkt\/swissabo-business-power\/","og_locale":"fr_FR","og_type":"article","og_title":"Swissabo Business Power - Yves Beck","og_description":"Cet abonnement est destin\u00e9 aux domaines viticoles suisses et aux marchands de vin (importateurs, cavistes, etc.).  Le \"Swissabo Business Power\" propose une s\u00e9rie de prestations contenant la d\u00e9gustation des vins du domaine et la publication des commentaires en fran\u00e7ais et en allemand  Prestations\u00a0:   Producteurs : d\u00e9gustation annuelle sur site (maximum 25 vins)  Importateurs : utilisation textes et notes pour les vins de leur assortiment et Bordeaux Primeurs  utilisation des textes de d\u00e9gustation en fran\u00e7ais ou en allemand  Acc\u00e8s \u00e0 la base de donn\u00e9es des vins d\u00e9gust\u00e9s par yvesbeck.wine ( notes de d\u00e9gustation en ligne)  3 magazines \u201cyvesbeck.vin\u201d (\u00e9ditions digitales)  Newsletter r\u00e9guli\u00e8re  En cas de d\u00e9gustation sur site : frais de d\u00e9placement inclus dans l'abonnement jusqu'\u00e0 concurrence de 80km (aller-retour), \u00e0 compter de Douanne (Twann). Au-del\u00e0 de 80km, les frais sont factur\u00e9s en sus. (CHF. 0.80\/km ou billet CFF)  Prix et conditions :   CHF. 529,25 + TVA 8.1%  Renouvellement automatique de l'abonnement  Options en sus :   textes de d\u00e9gustation en anglais  contenus sponsoris\u00e9s sur les r\u00e9seaux sociaux (Facebook, Instagram)","og_url":"https:\/\/www.yvesbeck.wine\/produkt\/swissabo-business-power\/","og_site_name":"Yves Beck","article_publisher":"https:\/\/www.facebook.com\/beckustator","article_modified_time":"2025-07-30T14:23:25+00:00","og_image":[{"width":1920,"height":1200,"url":"https:\/\/www.yvesbeck.wine\/wp-content\/uploads\/2016\/07\/Home_flip.jpg","type":"image\/jpeg"}],"twitter_card":"summary_large_image","twitter_site":"@beckustator","twitter_misc":{"Dur\u00e9e de lecture estim\u00e9e":"2 minutes"},"schema":{"@context":"https:\/\/schema.org","@graph":[{"@type":"WebPage","@id":"https:\/\/www.yvesbeck.wine\/produkt\/swissabo-business-power\/","url":"https:\/\/www.yvesbeck.wine\/produkt\/swissabo-business-power\/","name":"Swissabo Business Power - Yves Beck","isPartOf":{"@id":"https:\/\/www.yvesbeck.wine\/#website"},"primaryImageOfPage":{"@id":"https:\/\/www.yvesbeck.wine\/produkt\/swissabo-business-power\/#primaryimage"},"image":{"@id":"https:\/\/www.yvesbeck.wine\/produkt\/swissabo-business-power\/#primaryimage"},"thumbnailUrl":"https:\/\/www.yvesbeck.wine\/wp-content\/uploads\/2016\/07\/Home_flip.jpg","datePublished":"2025-02-19T09:37:18+00:00","dateModified":"2025-07-30T14:23:25+00:00","breadcrumb":{"@id":"https:\/\/www.yvesbeck.wine\/produkt\/swissabo-business-power\/#breadcrumb"},"inLanguage":"fr-FR","potentialAction":[{"@type":"ReadAction","target":["https:\/\/www.yvesbeck.wine\/produkt\/swissabo-business-power\/"]}]},{"@type":"ImageObject","inLanguage":"fr-FR","@id":"https:\/\/www.yvesbeck.wine\/produkt\/swissabo-business-power\/#primaryimage","url":"https:\/\/www.yvesbeck.wine\/wp-content\/uploads\/2016\/07\/Home_flip.jpg","contentUrl":"https:\/\/www.yvesbeck.wine\/wp-content\/uploads\/2016\/07\/Home_flip.jpg","width":1920,"height":1200,"caption":"Abonnement yvesbeck.wine"},{"@type":"BreadcrumbList","@id":"https:\/\/www.yvesbeck.wine\/produkt\/swissabo-business-power\/#breadcrumb","itemListElement":[{"@type":"ListItem","position":1,"name":"Startseite","item":"https:\/\/www.yvesbeck.wine\/fr\/"},{"@type":"ListItem","position":2,"name":"Boutique","item":"https:\/\/www.yvesbeck.wine\/fr\/boutique\/"},{"@type":"ListItem","position":3,"name":"Swissabo Business Power"}]},{"@type":"WebSite","@id":"https:\/\/www.yvesbeck.wine\/#website","url":"https:\/\/www.yvesbeck.wine\/","name":"Yves Beck","description":"Beckustator","publisher":{"@id":"https:\/\/www.yvesbeck.wine\/#organization"},"potentialAction":[{"@type":"SearchAction","target":{"@type":"EntryPoint","urlTemplate":"https:\/\/www.yvesbeck.wine\/?s={search_term_string}"},"query-input":{"@type":"PropertyValueSpecification","valueRequired":true,"valueName":"search_term_string"}}],"inLanguage":"fr-FR"},{"@type":"Organization","@id":"https:\/\/www.yvesbeck.wine\/#organization","name":"yvesbeck.wine","url":"https:\/\/www.yvesbeck.wine\/","logo":{"@type":"ImageObject","inLanguage":"fr-FR","@id":"https:\/\/www.yvesbeck.wine\/#\/schema\/logo\/image\/","url":"https:\/\/www.yvesbeck.wine\/wp-content\/uploads\/frontend\/2016\/07\/20160722-Logo-Sidebar.png","contentUrl":"https:\/\/www.yvesbeck.wine\/wp-content\/uploads\/frontend\/2016\/07\/20160722-Logo-Sidebar.png","width":376,"height":200,"caption":"yvesbeck.wine"},"image":{"@id":"https:\/\/www.yvesbeck.wine\/#\/schema\/logo\/image\/"},"sameAs":["https:\/\/www.facebook.com\/beckustator","https:\/\/x.com\/beckustator","https:\/\/www.instagram.com\/beckustator","https:\/\/www.linkedin.com\/in\/yvesbeck\/"]}]}},"_links":{"self":[{"href":"https:\/\/www.yvesbeck.wine\/fr\/wp-json\/wp\/v2\/product\/86803","targetHints":{"allow":["GET"]}}],"collection":[{"href":"https:\/\/www.yvesbeck.wine\/fr\/wp-json\/wp\/v2\/product"}],"about":[{"href":"https:\/\/www.yvesbeck.wine\/fr\/wp-json\/wp\/v2\/types\/product"}],"wp:featuredmedia":[{"embeddable":true,"href":"https:\/\/www.yvesbeck.wine\/fr\/wp-json\/wp\/v2\/media\/162189"}],"wp:attachment":[{"href":"https:\/\/www.yvesbeck.wine\/fr\/wp-json\/wp\/v2\/media?parent=86803"}],"wp:term":[{"taxonomy":"product_brand","embeddable":true,"href":"https:\/\/www.yvesbeck.wine\/fr\/wp-json\/wp\/v2\/product_brand?post=86803"},{"taxonomy":"product_cat","embeddable":true,"href":"https:\/\/www.yvesbeck.wine\/fr\/wp-json\/wp\/v2\/product_cat?post=86803"},{"taxonomy":"product_tag","embeddable":true,"href":"https:\/\/www.yvesbeck.wine\/fr\/wp-json\/wp\/v2\/product_tag?post=86803"}],"curies":[{"name":"wp","href":"https:\/\/api.w.org\/{rel}","templated":true}]}}