{"id":57272,"date":"2025-02-20T20:53:38","date_gmt":"2025-02-20T19:53:38","guid":{"rendered":"https:\/\/www.yvesbeck.wine\/?post_type=product&#038;p=57272"},"modified":"2025-07-30T14:10:41","modified_gmt":"2025-07-30T13:10:41","slug":"swissabo-plus","status":"publish","type":"product","link":"https:\/\/www.yvesbeck.wine\/fr\/produkt\/swissabo-plus\/","title":{"rendered":"Swissabo Business"},"content":{"rendered":"<p>le <strong>Swissabo Business<\/strong> est destin\u00e9 aux domaines viticoles suisses. Il couvre\u00a0une s\u00e9rie de prestations contenant la d\u00e9gustation des vins du domaine, la publication des commentaires en fran\u00e7ais et en allemand, ainsi que leur parution dans la revue digitale annuelle d\u00e9di\u00e9e aux vins suisses.<\/p>\n<p>Cet abonnement est \u00e9galement destin\u00e9 aux \u0153nologues-conseils *<\/p>\n<p><strong>Prestations incluses :<\/strong><\/p>\n<ul>\n<li>d\u00e9gustation sur site (maximum 15 vins)<\/li>\n<li>droits d&rsquo;utilisation et publication des textes et\/ou notes de <a href=\"https:\/\/www.yvesbeck.wine\/fr\">yvesbeck.wine<\/a><\/li>\n<li>r\u00e9daction des textes de d\u00e9gustation en fran\u00e7ais et en allemand<\/li>\n<li>Acc\u00e8s \u00e0 la base de donn\u00e9es en ligne comptant actuellement 37760 notes de d\u00e9gustation<\/li>\n<li>4 magazines \u201cyvesbeck.vin\u201d (\u00e9ditions digitales)<\/li>\n<li>Newsletter r\u00e9guli\u00e8re<\/li>\n<li>Renouvellement automatique<\/li>\n<\/ul>\n<p>* les \u0153nologues-conseils peuvent-nous faire parvenir les vins de leurs clients pour d\u00e9gustation. Les clients des \u0153nologues-conseils souhaitant utiliser les notes de yvesbeck.wine doivent \u00e9galement souscrire \u00e0 un abonnement PRO ou Business).<\/p>\n<p>Frais de d\u00e9placement inclus dans l&rsquo;abonnement jusqu&rsquo;\u00e0 concurrence de 40km (soit 80 aller-retour) \u00e0 compter de Douanne (Twann). Au-del\u00e0 de 80km, les frais sont factur\u00e9s en sus. (CHF. 0.80\/km ou billet CFF 1\u00e8re classe)<\/p>\n<p>Le prix de CHF. 400.50 inclut la TVA de 8.1% (Prix de base : 370.50)<\/p>\n<p><strong>Options en sus :<\/strong><\/p>\n<ul>\n<li>textes de d\u00e9gustation en anglais<\/li>\n<li>contenus sponsoris\u00e9s sur les r\u00e9seaux sociaux (Facebook, Instagram)<\/li>\n<\/ul>\n<p>&nbsp;<\/p>\n","protected":false},"excerpt":{"rendered":"<p>le <strong>Swissabo Business<\/strong> est destin\u00e9 aux domaines viticoles suisses. Il couvre\u00a0une s\u00e9rie de prestations contenant la d\u00e9gustation des vins du domaine, la publication des commentaires en fran\u00e7ais et en allemand, ainsi que leur parution dans la revue digitale annuelle d\u00e9di\u00e9e aux vins suisses.<\/p>\n<p>Cet abonnement est \u00e9galement destin\u00e9 aux \u0153nologues-conseils *<\/p>\n<p><strong>Prestations incluses :<\/strong><\/p>\n<ul>\n<li>d\u00e9gustation sur site (maximum 15 vins)<\/li>\n<li>droits d&rsquo;utilisation et publication des textes et\/ou notes de <a href=\"https:\/\/www.yvesbeck.wine\/fr\">yvesbeck.wine<\/a><\/li>\n<li>r\u00e9daction des textes de d\u00e9gustation en fran\u00e7ais et en allemand<\/li>\n<li>Acc\u00e8s \u00e0 la base de donn\u00e9es en ligne comptant actuellement 37760 notes de d\u00e9gustation<\/li>\n<li>4 magazines \u201cyvesbeck.vin\u201d (\u00e9ditions digitales)<\/li>\n<li>Newsletter r\u00e9guli\u00e8re<\/li>\n<li>Renouvellement automatique<\/li>\n<\/ul>\n<p>* les \u0153nologues-conseils peuvent-nous faire parvenir les vins de leurs clients pour d\u00e9gustation. Les clients des \u0153nologues-conseils souhaitant utiliser les notes de yvesbeck.wine doivent \u00e9galement souscrire \u00e0 un abonnement PRO ou Business).<\/p>\n<p>Frais de d\u00e9placement inclus dans l&rsquo;abonnement jusqu&rsquo;\u00e0 concurrence de 40km (soit 80 aller-retour) \u00e0 compter de Douanne (Twann). Au-del\u00e0 de 80km, les frais sont factur\u00e9s en sus. (CHF. 0.80\/km ou billet CFF 1\u00e8re classe)<\/p>\n<p>Le prix de CHF. 400.50 inclut la TVA de 8.1% (Prix de base : 370.50)<\/p>\n<p><strong>Options en sus :<\/strong><\/p>\n<ul>\n<li>textes de d\u00e9gustation en anglais<\/li>\n<li>contenus sponsoris\u00e9s sur les r\u00e9seaux sociaux (Facebook, Instagram)<\/li>\n<\/ul>\n<p>&nbsp;<\/p>\n","protected":false},"featured_media":162189,"template":"","meta":{"_acf_changed":false,"_et_pb_use_builder":"","_et_pb_old_content":"","_et_gb_content_width":""},"product_brand":[],"product_cat":[222],"product_tag":[],"class_list":{"0":"post-57272","1":"product","2":"type-product","3":"status-publish","4":"has-post-thumbnail","6":"product_cat-subscriptions-fr","8":"first","9":"instock","10":"virtual","11":"purchasable","12":"product-type-subscription"},"acf":[],"yoast_head":"<!-- This site is optimized with the Yoast SEO plugin v26.9 - https:\/\/yoast.com\/product\/yoast-seo-wordpress\/ -->\n<title>Swissabo Business - Yves Beck<\/title>\n<meta name=\"robots\" content=\"index, follow, max-snippet:-1, max-image-preview:large, max-video-preview:-1\" \/>\n<link rel=\"canonical\" href=\"https:\/\/www.yvesbeck.wine\/produkt\/swissabo-plus\/\" \/>\n<meta property=\"og:locale\" content=\"fr_FR\" \/>\n<meta property=\"og:type\" content=\"article\" \/>\n<meta property=\"og:title\" content=\"Swissabo Business - Yves Beck\" \/>\n<meta property=\"og:description\" content=\"le Swissabo Business est destin\u00e9 aux domaines viticoles suisses. Il couvre\u00a0une s\u00e9rie de prestations contenant la d\u00e9gustation des vins du domaine, la publication des commentaires en fran\u00e7ais et en allemand, ainsi que leur parution dans la revue digitale annuelle d\u00e9di\u00e9e aux vins suisses.  Cet abonnement est \u00e9galement destin\u00e9 aux \u0153nologues-conseils *  Prestations incluses :   d\u00e9gustation sur site (maximum 15 vins)  droits d&#039;utilisation et publication des textes et\/ou notes de yvesbeck.wine  r\u00e9daction des textes de d\u00e9gustation en fran\u00e7ais et en allemand  Acc\u00e8s \u00e0 la base de donn\u00e9es en ligne comptant actuellement notes de d\u00e9gustation  4 magazines \u201cyvesbeck.vin\u201d (\u00e9ditions digitales)  Newsletter r\u00e9guli\u00e8re  Renouvellement automatique  * les \u0153nologues-conseils peuvent-nous faire parvenir les vins de leurs clients pour d\u00e9gustation. Les clients des \u0153nologues-conseils souhaitant utiliser les notes de yvesbeck.wine doivent \u00e9galement souscrire \u00e0 un abonnement PRO ou Business).  Frais de d\u00e9placement inclus dans l&#039;abonnement jusqu&#039;\u00e0 concurrence de 40km (soit 80 aller-retour) \u00e0 compter de Douanne (Twann). Au-del\u00e0 de 80km, les frais sont factur\u00e9s en sus. (CHF. 0.80\/km ou billet CFF 1\u00e8re classe)  Le prix de CHF. 400.50 inclut la TVA de 8.1% (Prix de base : 370.50)  Options en sus :   textes de d\u00e9gustation en anglais  contenus sponsoris\u00e9s sur les r\u00e9seaux sociaux (Facebook, Instagram)  &nbsp;\" \/>\n<meta property=\"og:url\" content=\"https:\/\/www.yvesbeck.wine\/produkt\/swissabo-plus\/\" \/>\n<meta property=\"og:site_name\" content=\"Yves Beck\" \/>\n<meta property=\"article:publisher\" content=\"https:\/\/www.facebook.com\/beckustator\" \/>\n<meta property=\"article:modified_time\" content=\"2025-07-30T13:10:41+00:00\" \/>\n<meta property=\"og:image\" content=\"https:\/\/www.yvesbeck.wine\/wp-content\/uploads\/2016\/07\/Home_flip.jpg\" \/>\n\t<meta property=\"og:image:width\" content=\"1920\" \/>\n\t<meta property=\"og:image:height\" content=\"1200\" \/>\n\t<meta property=\"og:image:type\" content=\"image\/jpeg\" \/>\n<meta name=\"twitter:card\" content=\"summary_large_image\" \/>\n<meta name=\"twitter:site\" content=\"@beckustator\" \/>\n<meta name=\"twitter:label1\" content=\"Dur\u00e9e de lecture estim\u00e9e\" \/>\n\t<meta name=\"twitter:data1\" content=\"2 minutes\" \/>\n<script type=\"application\/ld+json\" class=\"yoast-schema-graph\">{\"@context\":\"https:\/\/schema.org\",\"@graph\":[{\"@type\":\"WebPage\",\"@id\":\"https:\/\/www.yvesbeck.wine\/produkt\/swissabo-plus\/\",\"url\":\"https:\/\/www.yvesbeck.wine\/produkt\/swissabo-plus\/\",\"name\":\"Swissabo Business - Yves Beck\",\"isPartOf\":{\"@id\":\"https:\/\/www.yvesbeck.wine\/#website\"},\"primaryImageOfPage\":{\"@id\":\"https:\/\/www.yvesbeck.wine\/produkt\/swissabo-plus\/#primaryimage\"},\"image\":{\"@id\":\"https:\/\/www.yvesbeck.wine\/produkt\/swissabo-plus\/#primaryimage\"},\"thumbnailUrl\":\"https:\/\/www.yvesbeck.wine\/wp-content\/uploads\/2016\/07\/Home_flip.jpg\",\"datePublished\":\"2025-02-20T19:53:38+00:00\",\"dateModified\":\"2025-07-30T13:10:41+00:00\",\"breadcrumb\":{\"@id\":\"https:\/\/www.yvesbeck.wine\/produkt\/swissabo-plus\/#breadcrumb\"},\"inLanguage\":\"fr-FR\",\"potentialAction\":[{\"@type\":\"ReadAction\",\"target\":[\"https:\/\/www.yvesbeck.wine\/produkt\/swissabo-plus\/\"]}]},{\"@type\":\"ImageObject\",\"inLanguage\":\"fr-FR\",\"@id\":\"https:\/\/www.yvesbeck.wine\/produkt\/swissabo-plus\/#primaryimage\",\"url\":\"https:\/\/www.yvesbeck.wine\/wp-content\/uploads\/2016\/07\/Home_flip.jpg\",\"contentUrl\":\"https:\/\/www.yvesbeck.wine\/wp-content\/uploads\/2016\/07\/Home_flip.jpg\",\"width\":1920,\"height\":1200,\"caption\":\"Abonnement yvesbeck.wine\"},{\"@type\":\"BreadcrumbList\",\"@id\":\"https:\/\/www.yvesbeck.wine\/produkt\/swissabo-plus\/#breadcrumb\",\"itemListElement\":[{\"@type\":\"ListItem\",\"position\":1,\"name\":\"Startseite\",\"item\":\"https:\/\/www.yvesbeck.wine\/fr\/\"},{\"@type\":\"ListItem\",\"position\":2,\"name\":\"Boutique\",\"item\":\"https:\/\/www.yvesbeck.wine\/fr\/boutique\/\"},{\"@type\":\"ListItem\",\"position\":3,\"name\":\"Swissabo Business\"}]},{\"@type\":\"WebSite\",\"@id\":\"https:\/\/www.yvesbeck.wine\/#website\",\"url\":\"https:\/\/www.yvesbeck.wine\/\",\"name\":\"Yves Beck\",\"description\":\"Beckustator\",\"publisher\":{\"@id\":\"https:\/\/www.yvesbeck.wine\/#organization\"},\"potentialAction\":[{\"@type\":\"SearchAction\",\"target\":{\"@type\":\"EntryPoint\",\"urlTemplate\":\"https:\/\/www.yvesbeck.wine\/?s={search_term_string}\"},\"query-input\":{\"@type\":\"PropertyValueSpecification\",\"valueRequired\":true,\"valueName\":\"search_term_string\"}}],\"inLanguage\":\"fr-FR\"},{\"@type\":\"Organization\",\"@id\":\"https:\/\/www.yvesbeck.wine\/#organization\",\"name\":\"yvesbeck.wine\",\"url\":\"https:\/\/www.yvesbeck.wine\/\",\"logo\":{\"@type\":\"ImageObject\",\"inLanguage\":\"fr-FR\",\"@id\":\"https:\/\/www.yvesbeck.wine\/#\/schema\/logo\/image\/\",\"url\":\"https:\/\/www.yvesbeck.wine\/wp-content\/uploads\/frontend\/2016\/07\/20160722-Logo-Sidebar.png\",\"contentUrl\":\"https:\/\/www.yvesbeck.wine\/wp-content\/uploads\/frontend\/2016\/07\/20160722-Logo-Sidebar.png\",\"width\":376,\"height\":200,\"caption\":\"yvesbeck.wine\"},\"image\":{\"@id\":\"https:\/\/www.yvesbeck.wine\/#\/schema\/logo\/image\/\"},\"sameAs\":[\"https:\/\/www.facebook.com\/beckustator\",\"https:\/\/x.com\/beckustator\",\"https:\/\/www.instagram.com\/beckustator\",\"https:\/\/www.linkedin.com\/in\/yvesbeck\/\"]}]}<\/script>\n<!-- \/ Yoast SEO plugin. -->","yoast_head_json":{"title":"Swissabo Business - Yves Beck","robots":{"index":"index","follow":"follow","max-snippet":"max-snippet:-1","max-image-preview":"max-image-preview:large","max-video-preview":"max-video-preview:-1"},"canonical":"https:\/\/www.yvesbeck.wine\/produkt\/swissabo-plus\/","og_locale":"fr_FR","og_type":"article","og_title":"Swissabo Business - Yves Beck","og_description":"le Swissabo Business est destin\u00e9 aux domaines viticoles suisses. Il couvre\u00a0une s\u00e9rie de prestations contenant la d\u00e9gustation des vins du domaine, la publication des commentaires en fran\u00e7ais et en allemand, ainsi que leur parution dans la revue digitale annuelle d\u00e9di\u00e9e aux vins suisses.  Cet abonnement est \u00e9galement destin\u00e9 aux \u0153nologues-conseils *  Prestations incluses :   d\u00e9gustation sur site (maximum 15 vins)  droits d'utilisation et publication des textes et\/ou notes de yvesbeck.wine  r\u00e9daction des textes de d\u00e9gustation en fran\u00e7ais et en allemand  Acc\u00e8s \u00e0 la base de donn\u00e9es en ligne comptant actuellement notes de d\u00e9gustation  4 magazines \u201cyvesbeck.vin\u201d (\u00e9ditions digitales)  Newsletter r\u00e9guli\u00e8re  Renouvellement automatique  * les \u0153nologues-conseils peuvent-nous faire parvenir les vins de leurs clients pour d\u00e9gustation. Les clients des \u0153nologues-conseils souhaitant utiliser les notes de yvesbeck.wine doivent \u00e9galement souscrire \u00e0 un abonnement PRO ou Business).  Frais de d\u00e9placement inclus dans l'abonnement jusqu'\u00e0 concurrence de 40km (soit 80 aller-retour) \u00e0 compter de Douanne (Twann). Au-del\u00e0 de 80km, les frais sont factur\u00e9s en sus. (CHF. 0.80\/km ou billet CFF 1\u00e8re classe)  Le prix de CHF. 400.50 inclut la TVA de 8.1% (Prix de base : 370.50)  Options en sus :   textes de d\u00e9gustation en anglais  contenus sponsoris\u00e9s sur les r\u00e9seaux sociaux (Facebook, Instagram)  &nbsp;","og_url":"https:\/\/www.yvesbeck.wine\/produkt\/swissabo-plus\/","og_site_name":"Yves Beck","article_publisher":"https:\/\/www.facebook.com\/beckustator","article_modified_time":"2025-07-30T13:10:41+00:00","og_image":[{"width":1920,"height":1200,"url":"https:\/\/www.yvesbeck.wine\/wp-content\/uploads\/2016\/07\/Home_flip.jpg","type":"image\/jpeg"}],"twitter_card":"summary_large_image","twitter_site":"@beckustator","twitter_misc":{"Dur\u00e9e de lecture estim\u00e9e":"2 minutes"},"schema":{"@context":"https:\/\/schema.org","@graph":[{"@type":"WebPage","@id":"https:\/\/www.yvesbeck.wine\/produkt\/swissabo-plus\/","url":"https:\/\/www.yvesbeck.wine\/produkt\/swissabo-plus\/","name":"Swissabo Business - Yves Beck","isPartOf":{"@id":"https:\/\/www.yvesbeck.wine\/#website"},"primaryImageOfPage":{"@id":"https:\/\/www.yvesbeck.wine\/produkt\/swissabo-plus\/#primaryimage"},"image":{"@id":"https:\/\/www.yvesbeck.wine\/produkt\/swissabo-plus\/#primaryimage"},"thumbnailUrl":"https:\/\/www.yvesbeck.wine\/wp-content\/uploads\/2016\/07\/Home_flip.jpg","datePublished":"2025-02-20T19:53:38+00:00","dateModified":"2025-07-30T13:10:41+00:00","breadcrumb":{"@id":"https:\/\/www.yvesbeck.wine\/produkt\/swissabo-plus\/#breadcrumb"},"inLanguage":"fr-FR","potentialAction":[{"@type":"ReadAction","target":["https:\/\/www.yvesbeck.wine\/produkt\/swissabo-plus\/"]}]},{"@type":"ImageObject","inLanguage":"fr-FR","@id":"https:\/\/www.yvesbeck.wine\/produkt\/swissabo-plus\/#primaryimage","url":"https:\/\/www.yvesbeck.wine\/wp-content\/uploads\/2016\/07\/Home_flip.jpg","contentUrl":"https:\/\/www.yvesbeck.wine\/wp-content\/uploads\/2016\/07\/Home_flip.jpg","width":1920,"height":1200,"caption":"Abonnement yvesbeck.wine"},{"@type":"BreadcrumbList","@id":"https:\/\/www.yvesbeck.wine\/produkt\/swissabo-plus\/#breadcrumb","itemListElement":[{"@type":"ListItem","position":1,"name":"Startseite","item":"https:\/\/www.yvesbeck.wine\/fr\/"},{"@type":"ListItem","position":2,"name":"Boutique","item":"https:\/\/www.yvesbeck.wine\/fr\/boutique\/"},{"@type":"ListItem","position":3,"name":"Swissabo Business"}]},{"@type":"WebSite","@id":"https:\/\/www.yvesbeck.wine\/#website","url":"https:\/\/www.yvesbeck.wine\/","name":"Yves Beck","description":"Beckustator","publisher":{"@id":"https:\/\/www.yvesbeck.wine\/#organization"},"potentialAction":[{"@type":"SearchAction","target":{"@type":"EntryPoint","urlTemplate":"https:\/\/www.yvesbeck.wine\/?s={search_term_string}"},"query-input":{"@type":"PropertyValueSpecification","valueRequired":true,"valueName":"search_term_string"}}],"inLanguage":"fr-FR"},{"@type":"Organization","@id":"https:\/\/www.yvesbeck.wine\/#organization","name":"yvesbeck.wine","url":"https:\/\/www.yvesbeck.wine\/","logo":{"@type":"ImageObject","inLanguage":"fr-FR","@id":"https:\/\/www.yvesbeck.wine\/#\/schema\/logo\/image\/","url":"https:\/\/www.yvesbeck.wine\/wp-content\/uploads\/frontend\/2016\/07\/20160722-Logo-Sidebar.png","contentUrl":"https:\/\/www.yvesbeck.wine\/wp-content\/uploads\/frontend\/2016\/07\/20160722-Logo-Sidebar.png","width":376,"height":200,"caption":"yvesbeck.wine"},"image":{"@id":"https:\/\/www.yvesbeck.wine\/#\/schema\/logo\/image\/"},"sameAs":["https:\/\/www.facebook.com\/beckustator","https:\/\/x.com\/beckustator","https:\/\/www.instagram.com\/beckustator","https:\/\/www.linkedin.com\/in\/yvesbeck\/"]}]}},"_links":{"self":[{"href":"https:\/\/www.yvesbeck.wine\/fr\/wp-json\/wp\/v2\/product\/57272","targetHints":{"allow":["GET"]}}],"collection":[{"href":"https:\/\/www.yvesbeck.wine\/fr\/wp-json\/wp\/v2\/product"}],"about":[{"href":"https:\/\/www.yvesbeck.wine\/fr\/wp-json\/wp\/v2\/types\/product"}],"wp:featuredmedia":[{"embeddable":true,"href":"https:\/\/www.yvesbeck.wine\/fr\/wp-json\/wp\/v2\/media\/162189"}],"wp:attachment":[{"href":"https:\/\/www.yvesbeck.wine\/fr\/wp-json\/wp\/v2\/media?parent=57272"}],"wp:term":[{"taxonomy":"product_brand","embeddable":true,"href":"https:\/\/www.yvesbeck.wine\/fr\/wp-json\/wp\/v2\/product_brand?post=57272"},{"taxonomy":"product_cat","embeddable":true,"href":"https:\/\/www.yvesbeck.wine\/fr\/wp-json\/wp\/v2\/product_cat?post=57272"},{"taxonomy":"product_tag","embeddable":true,"href":"https:\/\/www.yvesbeck.wine\/fr\/wp-json\/wp\/v2\/product_tag?post=57272"}],"curies":[{"name":"wp","href":"https:\/\/api.w.org\/{rel}","templated":true}]}}