{"id":38539,"date":"2025-02-21T08:37:56","date_gmt":"2025-02-21T07:37:56","guid":{"rendered":"https:\/\/www.yvesbeck.wine\/?post_type=product&#038;p=38539"},"modified":"2025-07-30T14:12:08","modified_gmt":"2025-07-30T13:12:08","slug":"abonnement-annuel-pro-kopie","status":"publish","type":"product","link":"https:\/\/www.yvesbeck.wine\/fr\/produkt\/abonnement-annuel-pro-kopie\/","title":{"rendered":"Swissabo PRO"},"content":{"rendered":"<p>Destin\u00e9 aux domaines viticoles suisses, le Swissabo PRO couvre une s\u00e9rie de prestations incluant une d\u00e9gustation annuelle des vins du domaine* et la publication des commentaires en fran\u00e7ais et en allemand.<\/p>\n<p><strong>Prestations inclues dans le Swissabo PRO :<\/strong><\/p>\n<ul>\n<li>D\u00e9gustation sur site (maximum 8 vins)*<\/li>\n<li>r\u00e9daction des textes de d\u00e9gustation en fran\u00e7ais et en allemand<\/li>\n<li>droits d\u2019utilisation et de publication des textes de yvesbeck.wine<\/li>\n<li>Acc\u00e8s \u00e0 la base de donn\u00e9es des vins d\u00e9gust\u00e9s (actuellement 37760 vins en ligne)<\/li>\n<li>Newsletter r\u00e9guli\u00e8re<\/li>\n<li>4 magazines \u201cyvesbeck.vin\u201d (\u00e9ditions digitales)<\/li>\n<li>renouvellement automatique<\/li>\n<\/ul>\n<p>* une fois par ann\u00e9e. <a href=\"https:\/\/www.yvesbeck.wine\/produkt\/swissabo-plus\/?lang=fr\">Veuillez conclure un abonnement \u00ab\u00a0Swissabo Business\u00a0\u00bb<\/a> pour une fr\u00e9quence sup\u00e9rieure ou pour un portfolio de plus de 8 vins<\/p>\n<p>Les <strong>frais de d\u00e9placement<\/strong> sont inclus dans l\u2019abonnement jusqu\u2019\u00e0 concurrence de 40km (soit 80 aller-retour) \u00e0 compter de Douanne (Twann).<br \/>\n<strong>Au-del\u00e0 de 80km<\/strong>, les frais sont factur\u00e9s en sus. (CHF. 0.70\/km ou billet CFF 1\u00e8re classe)<\/p>\n<p>Le prix de l&rsquo;abonnement est fix\u00e9 \u00e0 <strong>CHF. 270,25 <\/strong>TVA 8,1% incluse. (Montant net : CHF. 250,00)<\/p>\n<p><strong>Options en sus :<\/strong><\/p>\n<ul>\n<li>textes de d\u00e9gustation en anglais<\/li>\n<li>contenus sponsoris\u00e9s sur les r\u00e9seaux sociaux (Facebook, Instagram)<\/li>\n<\/ul>\n<p>&nbsp;<\/p>\n","protected":false},"excerpt":{"rendered":"<p>Destin\u00e9 aux domaines viticoles suisses, le Swissabo PRO couvre une s\u00e9rie de prestations incluant une d\u00e9gustation annuelle des vins du domaine* et la publication des commentaires en fran\u00e7ais et en allemand.<\/p>\n<p><strong>Prestations inclues dans le Swissabo PRO :<\/strong><\/p>\n<ul>\n<li>D\u00e9gustation sur site (maximum 8 vins)*<\/li>\n<li>r\u00e9daction des textes de d\u00e9gustation en fran\u00e7ais et en allemand<\/li>\n<li>droits d\u2019utilisation et de publication des textes de yvesbeck.wine<\/li>\n<li>Acc\u00e8s \u00e0 la base de donn\u00e9es des vins d\u00e9gust\u00e9s (actuellement 37760 vins en ligne)<\/li>\n<li>Newsletter r\u00e9guli\u00e8re<\/li>\n<li>4 magazines \u201cyvesbeck.vin\u201d (\u00e9ditions digitales)<\/li>\n<li>renouvellement automatique<\/li>\n<\/ul>\n<p>* une fois par ann\u00e9e. <a href=\"\/?p=57271&amp;lang=fr\">Veuillez conclure un abonnement \u00ab\u00a0Swissabo Business\u00a0\u00bb<\/a> pour une fr\u00e9quence sup\u00e9rieure ou pour un portfolio de plus de 8 vins<\/p>\n<p>Les <strong>frais de d\u00e9placement<\/strong> sont inclus dans l\u2019abonnement jusqu\u2019\u00e0 concurrence de 40km (soit 80 aller-retour) \u00e0 compter de Douanne (Twann).<br \/>\n<strong>Au-del\u00e0 de 80km<\/strong>, les frais sont factur\u00e9s en sus. (CHF. 0.70\/km ou billet CFF 1\u00e8re classe)<\/p>\n<p>Le prix de l&rsquo;abonnement est fix\u00e9 \u00e0 <strong>CHF. 270,25 <\/strong>TVA 8,1% incluse. (Montant net : CHF. 250,00)<\/p>\n<p><strong>Options en sus :<\/strong><\/p>\n<ul>\n<li>textes de d\u00e9gustation en anglais<\/li>\n<li>contenus sponsoris\u00e9s sur les r\u00e9seaux sociaux (Facebook, Instagram)<\/li>\n<\/ul>\n","protected":false},"featured_media":162189,"template":"","meta":{"_acf_changed":false,"_et_pb_use_builder":"","_et_pb_old_content":"","_et_gb_content_width":""},"product_brand":[],"product_cat":[222],"product_tag":[],"class_list":{"0":"post-38539","1":"product","2":"type-product","3":"status-publish","4":"has-post-thumbnail","6":"product_cat-subscriptions-fr","8":"first","9":"instock","10":"virtual","11":"product-type-subscription"},"acf":[],"yoast_head":"<!-- This site is optimized with the Yoast SEO plugin v26.9 - https:\/\/yoast.com\/product\/yoast-seo-wordpress\/ -->\n<title>Swissabo PRO - Yves Beck<\/title>\n<meta name=\"description\" content=\"Le Swissabo PRO est destin\u00e9 aux domaines vinicoles suisses avec un portfolio allant jusqu&#039;\u00e0 8 vins. R\u00e9daction des textes en allemand et en fran\u00e7ais\" \/>\n<meta name=\"robots\" content=\"index, follow, max-snippet:-1, max-image-preview:large, max-video-preview:-1\" \/>\n<link rel=\"canonical\" href=\"https:\/\/www.yvesbeck.wine\/produkt\/swissabbo\/\" \/>\n<meta property=\"og:locale\" content=\"fr_FR\" \/>\n<meta property=\"og:type\" content=\"article\" \/>\n<meta property=\"og:title\" content=\"Swissabo PRO - Yves Beck\" \/>\n<meta property=\"og:description\" content=\"Le Swissabo PRO est destin\u00e9 aux domaines vinicoles suisses avec un portfolio allant jusqu&#039;\u00e0 8 vins. R\u00e9daction des textes en allemand et en fran\u00e7ais\" \/>\n<meta property=\"og:url\" content=\"https:\/\/www.yvesbeck.wine\/produkt\/swissabbo\/\" \/>\n<meta property=\"og:site_name\" content=\"Yves Beck\" \/>\n<meta property=\"article:publisher\" content=\"https:\/\/www.facebook.com\/beckustator\" \/>\n<meta property=\"article:modified_time\" content=\"2025-07-30T13:12:08+00:00\" \/>\n<meta property=\"og:image\" content=\"https:\/\/www.yvesbeck.wine\/wp-content\/uploads\/2016\/07\/Home_flip.jpg\" \/>\n\t<meta property=\"og:image:width\" content=\"1920\" \/>\n\t<meta property=\"og:image:height\" content=\"1200\" \/>\n\t<meta property=\"og:image:type\" content=\"image\/jpeg\" \/>\n<meta name=\"twitter:card\" content=\"summary_large_image\" \/>\n<meta name=\"twitter:site\" content=\"@beckustator\" \/>\n<meta name=\"twitter:label1\" content=\"Dur\u00e9e de lecture estim\u00e9e\" \/>\n\t<meta name=\"twitter:data1\" content=\"2 minutes\" \/>\n<script type=\"application\/ld+json\" class=\"yoast-schema-graph\">{\"@context\":\"https:\/\/schema.org\",\"@graph\":[{\"@type\":\"WebPage\",\"@id\":\"https:\/\/www.yvesbeck.wine\/produkt\/swissabbo\/\",\"url\":\"https:\/\/www.yvesbeck.wine\/produkt\/swissabbo\/\",\"name\":\"Swissabo PRO - Yves Beck\",\"isPartOf\":{\"@id\":\"https:\/\/www.yvesbeck.wine\/#website\"},\"primaryImageOfPage\":{\"@id\":\"https:\/\/www.yvesbeck.wine\/produkt\/swissabbo\/#primaryimage\"},\"image\":{\"@id\":\"https:\/\/www.yvesbeck.wine\/produkt\/swissabbo\/#primaryimage\"},\"thumbnailUrl\":\"https:\/\/www.yvesbeck.wine\/wp-content\/uploads\/2016\/07\/Home_flip.jpg\",\"datePublished\":\"2025-02-21T07:37:56+00:00\",\"dateModified\":\"2025-07-30T13:12:08+00:00\",\"description\":\"Le Swissabo PRO est destin\u00e9 aux domaines vinicoles suisses avec un portfolio allant jusqu'\u00e0 8 vins. R\u00e9daction des textes en allemand et en fran\u00e7ais\",\"breadcrumb\":{\"@id\":\"https:\/\/www.yvesbeck.wine\/produkt\/swissabbo\/#breadcrumb\"},\"inLanguage\":\"fr-FR\",\"potentialAction\":[{\"@type\":\"ReadAction\",\"target\":[\"https:\/\/www.yvesbeck.wine\/produkt\/swissabbo\/\"]}]},{\"@type\":\"ImageObject\",\"inLanguage\":\"fr-FR\",\"@id\":\"https:\/\/www.yvesbeck.wine\/produkt\/swissabbo\/#primaryimage\",\"url\":\"https:\/\/www.yvesbeck.wine\/wp-content\/uploads\/2016\/07\/Home_flip.jpg\",\"contentUrl\":\"https:\/\/www.yvesbeck.wine\/wp-content\/uploads\/2016\/07\/Home_flip.jpg\",\"width\":1920,\"height\":1200,\"caption\":\"Abonnement yvesbeck.wine\"},{\"@type\":\"BreadcrumbList\",\"@id\":\"https:\/\/www.yvesbeck.wine\/produkt\/swissabbo\/#breadcrumb\",\"itemListElement\":[{\"@type\":\"ListItem\",\"position\":1,\"name\":\"Startseite\",\"item\":\"https:\/\/www.yvesbeck.wine\/fr\/\"},{\"@type\":\"ListItem\",\"position\":2,\"name\":\"Boutique\",\"item\":\"https:\/\/www.yvesbeck.wine\/fr\/boutique\/\"},{\"@type\":\"ListItem\",\"position\":3,\"name\":\"Swissabo PRO\"}]},{\"@type\":\"WebSite\",\"@id\":\"https:\/\/www.yvesbeck.wine\/#website\",\"url\":\"https:\/\/www.yvesbeck.wine\/\",\"name\":\"Yves Beck\",\"description\":\"Beckustator\",\"publisher\":{\"@id\":\"https:\/\/www.yvesbeck.wine\/#organization\"},\"potentialAction\":[{\"@type\":\"SearchAction\",\"target\":{\"@type\":\"EntryPoint\",\"urlTemplate\":\"https:\/\/www.yvesbeck.wine\/?s={search_term_string}\"},\"query-input\":{\"@type\":\"PropertyValueSpecification\",\"valueRequired\":true,\"valueName\":\"search_term_string\"}}],\"inLanguage\":\"fr-FR\"},{\"@type\":\"Organization\",\"@id\":\"https:\/\/www.yvesbeck.wine\/#organization\",\"name\":\"yvesbeck.wine\",\"url\":\"https:\/\/www.yvesbeck.wine\/\",\"logo\":{\"@type\":\"ImageObject\",\"inLanguage\":\"fr-FR\",\"@id\":\"https:\/\/www.yvesbeck.wine\/#\/schema\/logo\/image\/\",\"url\":\"https:\/\/www.yvesbeck.wine\/wp-content\/uploads\/frontend\/2016\/07\/20160722-Logo-Sidebar.png\",\"contentUrl\":\"https:\/\/www.yvesbeck.wine\/wp-content\/uploads\/frontend\/2016\/07\/20160722-Logo-Sidebar.png\",\"width\":376,\"height\":200,\"caption\":\"yvesbeck.wine\"},\"image\":{\"@id\":\"https:\/\/www.yvesbeck.wine\/#\/schema\/logo\/image\/\"},\"sameAs\":[\"https:\/\/www.facebook.com\/beckustator\",\"https:\/\/x.com\/beckustator\",\"https:\/\/www.instagram.com\/beckustator\",\"https:\/\/www.linkedin.com\/in\/yvesbeck\/\"]}]}<\/script>\n<!-- \/ Yoast SEO plugin. -->","yoast_head_json":{"title":"Swissabo PRO - Yves Beck","description":"Le Swissabo PRO est destin\u00e9 aux domaines vinicoles suisses avec un portfolio allant jusqu'\u00e0 8 vins. R\u00e9daction des textes en allemand et en fran\u00e7ais","robots":{"index":"index","follow":"follow","max-snippet":"max-snippet:-1","max-image-preview":"max-image-preview:large","max-video-preview":"max-video-preview:-1"},"canonical":"https:\/\/www.yvesbeck.wine\/produkt\/swissabbo\/","og_locale":"fr_FR","og_type":"article","og_title":"Swissabo PRO - Yves Beck","og_description":"Le Swissabo PRO est destin\u00e9 aux domaines vinicoles suisses avec un portfolio allant jusqu'\u00e0 8 vins. R\u00e9daction des textes en allemand et en fran\u00e7ais","og_url":"https:\/\/www.yvesbeck.wine\/produkt\/swissabbo\/","og_site_name":"Yves Beck","article_publisher":"https:\/\/www.facebook.com\/beckustator","article_modified_time":"2025-07-30T13:12:08+00:00","og_image":[{"width":1920,"height":1200,"url":"https:\/\/www.yvesbeck.wine\/wp-content\/uploads\/2016\/07\/Home_flip.jpg","type":"image\/jpeg"}],"twitter_card":"summary_large_image","twitter_site":"@beckustator","twitter_misc":{"Dur\u00e9e de lecture estim\u00e9e":"2 minutes"},"schema":{"@context":"https:\/\/schema.org","@graph":[{"@type":"WebPage","@id":"https:\/\/www.yvesbeck.wine\/produkt\/swissabbo\/","url":"https:\/\/www.yvesbeck.wine\/produkt\/swissabbo\/","name":"Swissabo PRO - Yves Beck","isPartOf":{"@id":"https:\/\/www.yvesbeck.wine\/#website"},"primaryImageOfPage":{"@id":"https:\/\/www.yvesbeck.wine\/produkt\/swissabbo\/#primaryimage"},"image":{"@id":"https:\/\/www.yvesbeck.wine\/produkt\/swissabbo\/#primaryimage"},"thumbnailUrl":"https:\/\/www.yvesbeck.wine\/wp-content\/uploads\/2016\/07\/Home_flip.jpg","datePublished":"2025-02-21T07:37:56+00:00","dateModified":"2025-07-30T13:12:08+00:00","description":"Le Swissabo PRO est destin\u00e9 aux domaines vinicoles suisses avec un portfolio allant jusqu'\u00e0 8 vins. R\u00e9daction des textes en allemand et en fran\u00e7ais","breadcrumb":{"@id":"https:\/\/www.yvesbeck.wine\/produkt\/swissabbo\/#breadcrumb"},"inLanguage":"fr-FR","potentialAction":[{"@type":"ReadAction","target":["https:\/\/www.yvesbeck.wine\/produkt\/swissabbo\/"]}]},{"@type":"ImageObject","inLanguage":"fr-FR","@id":"https:\/\/www.yvesbeck.wine\/produkt\/swissabbo\/#primaryimage","url":"https:\/\/www.yvesbeck.wine\/wp-content\/uploads\/2016\/07\/Home_flip.jpg","contentUrl":"https:\/\/www.yvesbeck.wine\/wp-content\/uploads\/2016\/07\/Home_flip.jpg","width":1920,"height":1200,"caption":"Abonnement yvesbeck.wine"},{"@type":"BreadcrumbList","@id":"https:\/\/www.yvesbeck.wine\/produkt\/swissabbo\/#breadcrumb","itemListElement":[{"@type":"ListItem","position":1,"name":"Startseite","item":"https:\/\/www.yvesbeck.wine\/fr\/"},{"@type":"ListItem","position":2,"name":"Boutique","item":"https:\/\/www.yvesbeck.wine\/fr\/boutique\/"},{"@type":"ListItem","position":3,"name":"Swissabo PRO"}]},{"@type":"WebSite","@id":"https:\/\/www.yvesbeck.wine\/#website","url":"https:\/\/www.yvesbeck.wine\/","name":"Yves Beck","description":"Beckustator","publisher":{"@id":"https:\/\/www.yvesbeck.wine\/#organization"},"potentialAction":[{"@type":"SearchAction","target":{"@type":"EntryPoint","urlTemplate":"https:\/\/www.yvesbeck.wine\/?s={search_term_string}"},"query-input":{"@type":"PropertyValueSpecification","valueRequired":true,"valueName":"search_term_string"}}],"inLanguage":"fr-FR"},{"@type":"Organization","@id":"https:\/\/www.yvesbeck.wine\/#organization","name":"yvesbeck.wine","url":"https:\/\/www.yvesbeck.wine\/","logo":{"@type":"ImageObject","inLanguage":"fr-FR","@id":"https:\/\/www.yvesbeck.wine\/#\/schema\/logo\/image\/","url":"https:\/\/www.yvesbeck.wine\/wp-content\/uploads\/frontend\/2016\/07\/20160722-Logo-Sidebar.png","contentUrl":"https:\/\/www.yvesbeck.wine\/wp-content\/uploads\/frontend\/2016\/07\/20160722-Logo-Sidebar.png","width":376,"height":200,"caption":"yvesbeck.wine"},"image":{"@id":"https:\/\/www.yvesbeck.wine\/#\/schema\/logo\/image\/"},"sameAs":["https:\/\/www.facebook.com\/beckustator","https:\/\/x.com\/beckustator","https:\/\/www.instagram.com\/beckustator","https:\/\/www.linkedin.com\/in\/yvesbeck\/"]}]}},"_links":{"self":[{"href":"https:\/\/www.yvesbeck.wine\/fr\/wp-json\/wp\/v2\/product\/38539","targetHints":{"allow":["GET"]}}],"collection":[{"href":"https:\/\/www.yvesbeck.wine\/fr\/wp-json\/wp\/v2\/product"}],"about":[{"href":"https:\/\/www.yvesbeck.wine\/fr\/wp-json\/wp\/v2\/types\/product"}],"wp:featuredmedia":[{"embeddable":true,"href":"https:\/\/www.yvesbeck.wine\/fr\/wp-json\/wp\/v2\/media\/162189"}],"wp:attachment":[{"href":"https:\/\/www.yvesbeck.wine\/fr\/wp-json\/wp\/v2\/media?parent=38539"}],"wp:term":[{"taxonomy":"product_brand","embeddable":true,"href":"https:\/\/www.yvesbeck.wine\/fr\/wp-json\/wp\/v2\/product_brand?post=38539"},{"taxonomy":"product_cat","embeddable":true,"href":"https:\/\/www.yvesbeck.wine\/fr\/wp-json\/wp\/v2\/product_cat?post=38539"},{"taxonomy":"product_tag","embeddable":true,"href":"https:\/\/www.yvesbeck.wine\/fr\/wp-json\/wp\/v2\/product_tag?post=38539"}],"curies":[{"name":"wp","href":"https:\/\/api.w.org\/{rel}","templated":true}]}}