{"id":366067,"date":"2025-08-04T19:36:31","date_gmt":"2025-08-04T18:36:31","guid":{"rendered":"https:\/\/www.yvesbeck.wine\/?post_type=product&#038;p=366067"},"modified":"2025-08-04T19:59:53","modified_gmt":"2025-08-04T18:59:53","slug":"special-alsace-2025-yves-beck-sans-abonnement-annuel","status":"publish","type":"product","link":"https:\/\/www.yvesbeck.wine\/fr\/produkt\/special-alsace-2025-yves-beck-sans-abonnement-annuel\/","title":{"rendered":"Sp\u00e9cial Alsace 2025 &#8211; Yves Beck &#8211; Sans abonnement annuel"},"content":{"rendered":"<p>Le magazine Sp\u00e9cial Alsace 2025 compte 60 pages et 427 notes de d\u00e9gustation. fait \u00e9galement partie de l&rsquo;<a href=\"https:\/\/www.yvesbeck.wine\/fr\/produkt\/abonnement-prive-yvesbeck-wine\/\">abonnement annuel<\/a>. Celui-ci est disponible d\u00e8s CHF. 98.00 par an. Apr\u00e8s l&rsquo;achat d&rsquo;un abonnement, le magazine figurera \u00e0 EUR\/CHF 0.00 dans la <a href=\"https:\/\/www.yvesbeck.wine\/fr\/boutique\/\" target=\"_blank\" rel=\"noopener\">boutique<\/a>\u00a0ou dans la <a href=\"https:\/\/www.yvesbeck.wine\/fr\/membres-nouveautes\/\" target=\"_blank\" rel=\"noopener\">zone r\u00e9serv\u00e9e aux membres<\/a>.<\/p>\n","protected":false},"excerpt":{"rendered":"<p>Le magazine Sp\u00e9cial Alsace 2025 compte 60 pages et 427 notes de d\u00e9gustation. fait \u00e9galement partie de l&rsquo;<a href=\"https:\/\/www.yvesbeck.wine\/fr\/produkt\/abonnement-prive-yvesbeck-wine\/\">abonnement annuel<\/a>. Celui-ci est disponible d\u00e8s CHF. 98.00 par an. Apr\u00e8s l&rsquo;achat d&rsquo;un abonnement, le magazine figurera \u00e0 EUR\/CHF 0.00 dans la <a href=\"https:\/\/www.yvesbeck.wine\/fr\/boutique\/\" target=\"_blank\" rel=\"noopener\">boutique<\/a>\u00a0ou dans la <a href=\"https:\/\/www.yvesbeck.wine\/fr\/membres-nouveautes\/\" target=\"_blank\" rel=\"noopener\">zone r\u00e9serv\u00e9e aux membres<\/a>.<\/p>\n","protected":false},"featured_media":366051,"template":"","meta":{"_acf_changed":false,"_et_pb_use_builder":"","_et_pb_old_content":"","_et_gb_content_width":""},"product_brand":[],"product_cat":[15114,15112,210],"product_tag":[14668],"class_list":{"0":"post-366067","1":"product","2":"type-product","3":"status-publish","4":"has-post-thumbnail","6":"product_cat-publications-alsace","7":"product_cat-publications-france","8":"product_cat-digital-publications-fr","9":"product_tag-alsace","11":"first","12":"instock","13":"downloadable","14":"shipping-taxable","15":"purchasable","16":"product-type-simple"},"acf":[],"yoast_head":"<!-- This site is optimized with the Yoast SEO plugin v26.9 - https:\/\/yoast.com\/product\/yoast-seo-wordpress\/ -->\n<title>Sp\u00e9cial Alsace 2025 - Yves Beck - Sans abonnement annuel - Yves Beck<\/title>\n<meta name=\"description\" content=\"Le magazine Sp\u00e9cial Alsace 2025 compte 427 notes de d\u00e9gustation r\u00e9dig\u00e9es par le critique suisse Yves Beck. T\u00e9l\u00e9chargez le magazine pour seulement CHF 19.00\" \/>\n<meta name=\"robots\" content=\"index, follow, max-snippet:-1, max-image-preview:large, max-video-preview:-1\" \/>\n<link rel=\"canonical\" href=\"https:\/\/www.yvesbeck.wine\/fr\/produkt\/special-alsace-2025-yves-beck-sans-abonnement-annuel\/\" \/>\n<meta property=\"og:locale\" content=\"fr_FR\" \/>\n<meta property=\"og:type\" content=\"article\" \/>\n<meta property=\"og:title\" content=\"Sp\u00e9cial Alsace 2025 - Yves Beck - Sans abonnement annuel - Yves Beck\" \/>\n<meta property=\"og:description\" content=\"Le magazine Sp\u00e9cial Alsace 2025 compte 427 notes de d\u00e9gustation r\u00e9dig\u00e9es par le critique suisse Yves Beck. T\u00e9l\u00e9chargez le magazine pour seulement CHF 19.00\" \/>\n<meta property=\"og:url\" content=\"https:\/\/www.yvesbeck.wine\/fr\/produkt\/special-alsace-2025-yves-beck-sans-abonnement-annuel\/\" \/>\n<meta property=\"og:site_name\" content=\"Yves Beck\" \/>\n<meta property=\"article:publisher\" content=\"https:\/\/www.facebook.com\/beckustator\" \/>\n<meta property=\"article:modified_time\" content=\"2025-08-04T18:59:53+00:00\" \/>\n<meta property=\"og:image\" content=\"https:\/\/www.yvesbeck.wine\/wp-content\/uploads\/2025\/08\/Special-Alsace-2025-Yves-beck.jpg\" \/>\n\t<meta property=\"og:image:width\" content=\"1241\" \/>\n\t<meta property=\"og:image:height\" content=\"1755\" \/>\n\t<meta property=\"og:image:type\" content=\"image\/jpeg\" \/>\n<meta name=\"twitter:card\" content=\"summary_large_image\" \/>\n<meta name=\"twitter:site\" content=\"@beckustator\" \/>\n<meta name=\"twitter:label1\" content=\"Dur\u00e9e de lecture estim\u00e9e\" \/>\n\t<meta name=\"twitter:data1\" content=\"1 minute\" \/>\n<script type=\"application\/ld+json\" class=\"yoast-schema-graph\">{\"@context\":\"https:\/\/schema.org\",\"@graph\":[{\"@type\":\"WebPage\",\"@id\":\"https:\/\/www.yvesbeck.wine\/fr\/produkt\/special-alsace-2025-yves-beck-sans-abonnement-annuel\/\",\"url\":\"https:\/\/www.yvesbeck.wine\/fr\/produkt\/special-alsace-2025-yves-beck-sans-abonnement-annuel\/\",\"name\":\"Sp\u00e9cial Alsace 2025 - Yves Beck - Sans abonnement annuel - Yves Beck\",\"isPartOf\":{\"@id\":\"https:\/\/www.yvesbeck.wine\/#website\"},\"primaryImageOfPage\":{\"@id\":\"https:\/\/www.yvesbeck.wine\/fr\/produkt\/special-alsace-2025-yves-beck-sans-abonnement-annuel\/#primaryimage\"},\"image\":{\"@id\":\"https:\/\/www.yvesbeck.wine\/fr\/produkt\/special-alsace-2025-yves-beck-sans-abonnement-annuel\/#primaryimage\"},\"thumbnailUrl\":\"https:\/\/www.yvesbeck.wine\/wp-content\/uploads\/2025\/08\/Special-Alsace-2025-Yves-beck.jpg\",\"datePublished\":\"2025-08-04T18:36:31+00:00\",\"dateModified\":\"2025-08-04T18:59:53+00:00\",\"description\":\"Le magazine Sp\u00e9cial Alsace 2025 compte 427 notes de d\u00e9gustation r\u00e9dig\u00e9es par le critique suisse Yves Beck. T\u00e9l\u00e9chargez le magazine pour seulement CHF 19.00\",\"breadcrumb\":{\"@id\":\"https:\/\/www.yvesbeck.wine\/fr\/produkt\/special-alsace-2025-yves-beck-sans-abonnement-annuel\/#breadcrumb\"},\"inLanguage\":\"fr-FR\",\"potentialAction\":[{\"@type\":\"ReadAction\",\"target\":[\"https:\/\/www.yvesbeck.wine\/fr\/produkt\/special-alsace-2025-yves-beck-sans-abonnement-annuel\/\"]}]},{\"@type\":\"ImageObject\",\"inLanguage\":\"fr-FR\",\"@id\":\"https:\/\/www.yvesbeck.wine\/fr\/produkt\/special-alsace-2025-yves-beck-sans-abonnement-annuel\/#primaryimage\",\"url\":\"https:\/\/www.yvesbeck.wine\/wp-content\/uploads\/2025\/08\/Special-Alsace-2025-Yves-beck.jpg\",\"contentUrl\":\"https:\/\/www.yvesbeck.wine\/wp-content\/uploads\/2025\/08\/Special-Alsace-2025-Yves-beck.jpg\",\"width\":1241,\"height\":1755,\"caption\":\"Sp\u00e9cial Alsace 2025 - yvesbeck.wine\"},{\"@type\":\"BreadcrumbList\",\"@id\":\"https:\/\/www.yvesbeck.wine\/fr\/produkt\/special-alsace-2025-yves-beck-sans-abonnement-annuel\/#breadcrumb\",\"itemListElement\":[{\"@type\":\"ListItem\",\"position\":1,\"name\":\"Startseite\",\"item\":\"https:\/\/www.yvesbeck.wine\/fr\/\"},{\"@type\":\"ListItem\",\"position\":2,\"name\":\"Boutique\",\"item\":\"https:\/\/www.yvesbeck.wine\/fr\/boutique\/\"},{\"@type\":\"ListItem\",\"position\":3,\"name\":\"Sp\u00e9cial Alsace 2025 &#8211; Yves Beck &#8211; Sans abonnement annuel\"}]},{\"@type\":\"WebSite\",\"@id\":\"https:\/\/www.yvesbeck.wine\/#website\",\"url\":\"https:\/\/www.yvesbeck.wine\/\",\"name\":\"Yves Beck\",\"description\":\"Beckustator\",\"publisher\":{\"@id\":\"https:\/\/www.yvesbeck.wine\/#organization\"},\"potentialAction\":[{\"@type\":\"SearchAction\",\"target\":{\"@type\":\"EntryPoint\",\"urlTemplate\":\"https:\/\/www.yvesbeck.wine\/?s={search_term_string}\"},\"query-input\":{\"@type\":\"PropertyValueSpecification\",\"valueRequired\":true,\"valueName\":\"search_term_string\"}}],\"inLanguage\":\"fr-FR\"},{\"@type\":\"Organization\",\"@id\":\"https:\/\/www.yvesbeck.wine\/#organization\",\"name\":\"yvesbeck.wine\",\"url\":\"https:\/\/www.yvesbeck.wine\/\",\"logo\":{\"@type\":\"ImageObject\",\"inLanguage\":\"fr-FR\",\"@id\":\"https:\/\/www.yvesbeck.wine\/#\/schema\/logo\/image\/\",\"url\":\"https:\/\/www.yvesbeck.wine\/wp-content\/uploads\/frontend\/2016\/07\/20160722-Logo-Sidebar.png\",\"contentUrl\":\"https:\/\/www.yvesbeck.wine\/wp-content\/uploads\/frontend\/2016\/07\/20160722-Logo-Sidebar.png\",\"width\":376,\"height\":200,\"caption\":\"yvesbeck.wine\"},\"image\":{\"@id\":\"https:\/\/www.yvesbeck.wine\/#\/schema\/logo\/image\/\"},\"sameAs\":[\"https:\/\/www.facebook.com\/beckustator\",\"https:\/\/x.com\/beckustator\",\"https:\/\/www.instagram.com\/beckustator\",\"https:\/\/www.linkedin.com\/in\/yvesbeck\/\"]}]}<\/script>\n<!-- \/ Yoast SEO plugin. -->","yoast_head_json":{"title":"Sp\u00e9cial Alsace 2025 - Yves Beck - Sans abonnement annuel - Yves Beck","description":"Le magazine Sp\u00e9cial Alsace 2025 compte 427 notes de d\u00e9gustation r\u00e9dig\u00e9es par le critique suisse Yves Beck. T\u00e9l\u00e9chargez le magazine pour seulement CHF 19.00","robots":{"index":"index","follow":"follow","max-snippet":"max-snippet:-1","max-image-preview":"max-image-preview:large","max-video-preview":"max-video-preview:-1"},"canonical":"https:\/\/www.yvesbeck.wine\/fr\/produkt\/special-alsace-2025-yves-beck-sans-abonnement-annuel\/","og_locale":"fr_FR","og_type":"article","og_title":"Sp\u00e9cial Alsace 2025 - Yves Beck - Sans abonnement annuel - Yves Beck","og_description":"Le magazine Sp\u00e9cial Alsace 2025 compte 427 notes de d\u00e9gustation r\u00e9dig\u00e9es par le critique suisse Yves Beck. T\u00e9l\u00e9chargez le magazine pour seulement CHF 19.00","og_url":"https:\/\/www.yvesbeck.wine\/fr\/produkt\/special-alsace-2025-yves-beck-sans-abonnement-annuel\/","og_site_name":"Yves Beck","article_publisher":"https:\/\/www.facebook.com\/beckustator","article_modified_time":"2025-08-04T18:59:53+00:00","og_image":[{"width":1241,"height":1755,"url":"https:\/\/www.yvesbeck.wine\/wp-content\/uploads\/2025\/08\/Special-Alsace-2025-Yves-beck.jpg","type":"image\/jpeg"}],"twitter_card":"summary_large_image","twitter_site":"@beckustator","twitter_misc":{"Dur\u00e9e de lecture estim\u00e9e":"1 minute"},"schema":{"@context":"https:\/\/schema.org","@graph":[{"@type":"WebPage","@id":"https:\/\/www.yvesbeck.wine\/fr\/produkt\/special-alsace-2025-yves-beck-sans-abonnement-annuel\/","url":"https:\/\/www.yvesbeck.wine\/fr\/produkt\/special-alsace-2025-yves-beck-sans-abonnement-annuel\/","name":"Sp\u00e9cial Alsace 2025 - Yves Beck - Sans abonnement annuel - Yves Beck","isPartOf":{"@id":"https:\/\/www.yvesbeck.wine\/#website"},"primaryImageOfPage":{"@id":"https:\/\/www.yvesbeck.wine\/fr\/produkt\/special-alsace-2025-yves-beck-sans-abonnement-annuel\/#primaryimage"},"image":{"@id":"https:\/\/www.yvesbeck.wine\/fr\/produkt\/special-alsace-2025-yves-beck-sans-abonnement-annuel\/#primaryimage"},"thumbnailUrl":"https:\/\/www.yvesbeck.wine\/wp-content\/uploads\/2025\/08\/Special-Alsace-2025-Yves-beck.jpg","datePublished":"2025-08-04T18:36:31+00:00","dateModified":"2025-08-04T18:59:53+00:00","description":"Le magazine Sp\u00e9cial Alsace 2025 compte 427 notes de d\u00e9gustation r\u00e9dig\u00e9es par le critique suisse Yves Beck. T\u00e9l\u00e9chargez le magazine pour seulement CHF 19.00","breadcrumb":{"@id":"https:\/\/www.yvesbeck.wine\/fr\/produkt\/special-alsace-2025-yves-beck-sans-abonnement-annuel\/#breadcrumb"},"inLanguage":"fr-FR","potentialAction":[{"@type":"ReadAction","target":["https:\/\/www.yvesbeck.wine\/fr\/produkt\/special-alsace-2025-yves-beck-sans-abonnement-annuel\/"]}]},{"@type":"ImageObject","inLanguage":"fr-FR","@id":"https:\/\/www.yvesbeck.wine\/fr\/produkt\/special-alsace-2025-yves-beck-sans-abonnement-annuel\/#primaryimage","url":"https:\/\/www.yvesbeck.wine\/wp-content\/uploads\/2025\/08\/Special-Alsace-2025-Yves-beck.jpg","contentUrl":"https:\/\/www.yvesbeck.wine\/wp-content\/uploads\/2025\/08\/Special-Alsace-2025-Yves-beck.jpg","width":1241,"height":1755,"caption":"Sp\u00e9cial Alsace 2025 - yvesbeck.wine"},{"@type":"BreadcrumbList","@id":"https:\/\/www.yvesbeck.wine\/fr\/produkt\/special-alsace-2025-yves-beck-sans-abonnement-annuel\/#breadcrumb","itemListElement":[{"@type":"ListItem","position":1,"name":"Startseite","item":"https:\/\/www.yvesbeck.wine\/fr\/"},{"@type":"ListItem","position":2,"name":"Boutique","item":"https:\/\/www.yvesbeck.wine\/fr\/boutique\/"},{"@type":"ListItem","position":3,"name":"Sp\u00e9cial Alsace 2025 &#8211; Yves Beck &#8211; Sans abonnement annuel"}]},{"@type":"WebSite","@id":"https:\/\/www.yvesbeck.wine\/#website","url":"https:\/\/www.yvesbeck.wine\/","name":"Yves Beck","description":"Beckustator","publisher":{"@id":"https:\/\/www.yvesbeck.wine\/#organization"},"potentialAction":[{"@type":"SearchAction","target":{"@type":"EntryPoint","urlTemplate":"https:\/\/www.yvesbeck.wine\/?s={search_term_string}"},"query-input":{"@type":"PropertyValueSpecification","valueRequired":true,"valueName":"search_term_string"}}],"inLanguage":"fr-FR"},{"@type":"Organization","@id":"https:\/\/www.yvesbeck.wine\/#organization","name":"yvesbeck.wine","url":"https:\/\/www.yvesbeck.wine\/","logo":{"@type":"ImageObject","inLanguage":"fr-FR","@id":"https:\/\/www.yvesbeck.wine\/#\/schema\/logo\/image\/","url":"https:\/\/www.yvesbeck.wine\/wp-content\/uploads\/frontend\/2016\/07\/20160722-Logo-Sidebar.png","contentUrl":"https:\/\/www.yvesbeck.wine\/wp-content\/uploads\/frontend\/2016\/07\/20160722-Logo-Sidebar.png","width":376,"height":200,"caption":"yvesbeck.wine"},"image":{"@id":"https:\/\/www.yvesbeck.wine\/#\/schema\/logo\/image\/"},"sameAs":["https:\/\/www.facebook.com\/beckustator","https:\/\/x.com\/beckustator","https:\/\/www.instagram.com\/beckustator","https:\/\/www.linkedin.com\/in\/yvesbeck\/"]}]}},"_links":{"self":[{"href":"https:\/\/www.yvesbeck.wine\/fr\/wp-json\/wp\/v2\/product\/366067","targetHints":{"allow":["GET"]}}],"collection":[{"href":"https:\/\/www.yvesbeck.wine\/fr\/wp-json\/wp\/v2\/product"}],"about":[{"href":"https:\/\/www.yvesbeck.wine\/fr\/wp-json\/wp\/v2\/types\/product"}],"wp:featuredmedia":[{"embeddable":true,"href":"https:\/\/www.yvesbeck.wine\/fr\/wp-json\/wp\/v2\/media\/366051"}],"wp:attachment":[{"href":"https:\/\/www.yvesbeck.wine\/fr\/wp-json\/wp\/v2\/media?parent=366067"}],"wp:term":[{"taxonomy":"product_brand","embeddable":true,"href":"https:\/\/www.yvesbeck.wine\/fr\/wp-json\/wp\/v2\/product_brand?post=366067"},{"taxonomy":"product_cat","embeddable":true,"href":"https:\/\/www.yvesbeck.wine\/fr\/wp-json\/wp\/v2\/product_cat?post=366067"},{"taxonomy":"product_tag","embeddable":true,"href":"https:\/\/www.yvesbeck.wine\/fr\/wp-json\/wp\/v2\/product_tag?post=366067"}],"curies":[{"name":"wp","href":"https:\/\/api.w.org\/{rel}","templated":true}]}}