{"id":29943,"date":"2018-01-19T14:07:44","date_gmt":"2018-01-19T13:07:44","guid":{"rendered":"https:\/\/www.yvesbeck.wine\/?post_type=product&#038;p=29943"},"modified":"2025-08-08T10:57:41","modified_gmt":"2025-08-08T09:57:41","slug":"bordeaux-primeurs-2015-yves-beck-sans-abonnement-annuel","status":"publish","type":"product","link":"https:\/\/www.yvesbeck.wine\/fr\/produkt\/bordeaux-primeurs-2015-yves-beck-sans-abonnement-annuel\/","title":{"rendered":"Bordeaux Primeurs 2015 &#8211; Yves Beck &#8211; sans abonnement annuel"},"content":{"rendered":"<p>Ce carnet fait \u00e9galement partie de l&rsquo;<a href=\"https:\/\/www.yvesbeck.wine\/boutique\/?lang=fr\">abonnement annuel<\/a>, qui est disponible \u00e0 partir de CHF. 98.00 par an. Apr\u00e8s l&rsquo;achat d&rsquo;un abonnement, le carnet figurera au prix de 0.00 dans la <a href=\"https:\/\/www.yvesbeck.wine\/boutique\/?lang=fr\">boutique<\/a>.<\/p>\n","protected":false},"excerpt":{"rendered":"<p>Ce carnet fait \u00e9galement partie de l&rsquo;<a href=\"https:\/\/www.yvesbeck.wine\/boutique\/?lang=fr\">abonnement annuel<\/a>, qui est disponible \u00e0 partir de CHF. 98.00 par an. Apr\u00e8s l&rsquo;achat d&rsquo;un abonnement, le carnet figurera au prix de 0.00 dans la <a href=\"https:\/\/www.yvesbeck.wine\/boutique\/?lang=fr\">boutique<\/a>.<\/p>\n","protected":false},"featured_media":162492,"template":"","meta":{"_acf_changed":false,"_et_pb_use_builder":"","_et_pb_old_content":"","_et_gb_content_width":""},"product_brand":[],"product_cat":[15115,15112,210],"product_tag":[],"class_list":{"0":"post-29943","1":"product","2":"type-product","3":"status-publish","4":"has-post-thumbnail","6":"product_cat-publications-bordeaux","7":"product_cat-publications-france","8":"product_cat-digital-publications-fr","10":"first","11":"instock","12":"downloadable","13":"shipping-taxable","14":"purchasable","15":"product-type-simple"},"acf":[],"yoast_head":"<!-- This site is optimized with the Yoast SEO plugin v26.9 - https:\/\/yoast.com\/product\/yoast-seo-wordpress\/ -->\n<title>Bordeaux Primeurs 2015 - Yves Beck - sans abonnement annuel - Yves Beck<\/title>\n<meta name=\"robots\" content=\"index, follow, max-snippet:-1, max-image-preview:large, max-video-preview:-1\" \/>\n<link rel=\"canonical\" href=\"https:\/\/www.yvesbeck.wine\/fr\/produkt\/bordeaux-primeurs-2015-yves-beck-sans-abonnement-annuel\/\" \/>\n<meta property=\"og:locale\" content=\"fr_FR\" \/>\n<meta property=\"og:type\" content=\"article\" \/>\n<meta property=\"og:title\" content=\"Bordeaux Primeurs 2015 - Yves Beck - sans abonnement annuel - Yves Beck\" \/>\n<meta property=\"og:description\" content=\"Ce carnet fait \u00e9galement partie de l&#039;abonnement annuel, qui est disponible \u00e0 partir de CHF. 98.00 par an. Apr\u00e8s l&#039;achat d&#039;un abonnement, le carnet figurera au prix de 0.00 dans la boutique.\" \/>\n<meta property=\"og:url\" content=\"https:\/\/www.yvesbeck.wine\/fr\/produkt\/bordeaux-primeurs-2015-yves-beck-sans-abonnement-annuel\/\" \/>\n<meta property=\"og:site_name\" content=\"Yves Beck\" \/>\n<meta property=\"article:publisher\" content=\"https:\/\/www.facebook.com\/beckustator\" \/>\n<meta property=\"article:modified_time\" content=\"2025-08-08T09:57:41+00:00\" \/>\n<meta property=\"og:image\" content=\"https:\/\/www.yvesbeck.wine\/wp-content\/uploads\/2018\/01\/Primeur2015fr.jpg\" \/>\n\t<meta property=\"og:image:width\" content=\"1357\" \/>\n\t<meta property=\"og:image:height\" content=\"1920\" \/>\n\t<meta property=\"og:image:type\" content=\"image\/jpeg\" \/>\n<meta name=\"twitter:card\" content=\"summary_large_image\" \/>\n<meta name=\"twitter:site\" content=\"@beckustator\" \/>\n<meta name=\"twitter:label1\" content=\"Dur\u00e9e de lecture estim\u00e9e\" \/>\n\t<meta name=\"twitter:data1\" content=\"1 minute\" \/>\n<script type=\"application\/ld+json\" class=\"yoast-schema-graph\">{\"@context\":\"https:\/\/schema.org\",\"@graph\":[{\"@type\":\"WebPage\",\"@id\":\"https:\/\/www.yvesbeck.wine\/fr\/produkt\/bordeaux-primeurs-2015-yves-beck-sans-abonnement-annuel\/\",\"url\":\"https:\/\/www.yvesbeck.wine\/fr\/produkt\/bordeaux-primeurs-2015-yves-beck-sans-abonnement-annuel\/\",\"name\":\"Bordeaux Primeurs 2015 - Yves Beck - sans abonnement annuel - Yves Beck\",\"isPartOf\":{\"@id\":\"https:\/\/www.yvesbeck.wine\/#website\"},\"primaryImageOfPage\":{\"@id\":\"https:\/\/www.yvesbeck.wine\/fr\/produkt\/bordeaux-primeurs-2015-yves-beck-sans-abonnement-annuel\/#primaryimage\"},\"image\":{\"@id\":\"https:\/\/www.yvesbeck.wine\/fr\/produkt\/bordeaux-primeurs-2015-yves-beck-sans-abonnement-annuel\/#primaryimage\"},\"thumbnailUrl\":\"https:\/\/www.yvesbeck.wine\/wp-content\/uploads\/2018\/01\/Primeur2015fr.jpg\",\"datePublished\":\"2018-01-19T13:07:44+00:00\",\"dateModified\":\"2025-08-08T09:57:41+00:00\",\"breadcrumb\":{\"@id\":\"https:\/\/www.yvesbeck.wine\/fr\/produkt\/bordeaux-primeurs-2015-yves-beck-sans-abonnement-annuel\/#breadcrumb\"},\"inLanguage\":\"fr-FR\",\"potentialAction\":[{\"@type\":\"ReadAction\",\"target\":[\"https:\/\/www.yvesbeck.wine\/fr\/produkt\/bordeaux-primeurs-2015-yves-beck-sans-abonnement-annuel\/\"]}]},{\"@type\":\"ImageObject\",\"inLanguage\":\"fr-FR\",\"@id\":\"https:\/\/www.yvesbeck.wine\/fr\/produkt\/bordeaux-primeurs-2015-yves-beck-sans-abonnement-annuel\/#primaryimage\",\"url\":\"https:\/\/www.yvesbeck.wine\/wp-content\/uploads\/2018\/01\/Primeur2015fr.jpg\",\"contentUrl\":\"https:\/\/www.yvesbeck.wine\/wp-content\/uploads\/2018\/01\/Primeur2015fr.jpg\",\"width\":1357,\"height\":1920,\"caption\":\"Bordeaux 2015 Primeurs - yvesbeck.wine\"},{\"@type\":\"BreadcrumbList\",\"@id\":\"https:\/\/www.yvesbeck.wine\/fr\/produkt\/bordeaux-primeurs-2015-yves-beck-sans-abonnement-annuel\/#breadcrumb\",\"itemListElement\":[{\"@type\":\"ListItem\",\"position\":1,\"name\":\"Startseite\",\"item\":\"https:\/\/www.yvesbeck.wine\/fr\/\"},{\"@type\":\"ListItem\",\"position\":2,\"name\":\"Boutique\",\"item\":\"https:\/\/www.yvesbeck.wine\/fr\/boutique\/\"},{\"@type\":\"ListItem\",\"position\":3,\"name\":\"Bordeaux Primeurs 2015 &#8211; Yves Beck &#8211; sans abonnement annuel\"}]},{\"@type\":\"WebSite\",\"@id\":\"https:\/\/www.yvesbeck.wine\/#website\",\"url\":\"https:\/\/www.yvesbeck.wine\/\",\"name\":\"Yves Beck\",\"description\":\"Beckustator\",\"publisher\":{\"@id\":\"https:\/\/www.yvesbeck.wine\/#organization\"},\"potentialAction\":[{\"@type\":\"SearchAction\",\"target\":{\"@type\":\"EntryPoint\",\"urlTemplate\":\"https:\/\/www.yvesbeck.wine\/?s={search_term_string}\"},\"query-input\":{\"@type\":\"PropertyValueSpecification\",\"valueRequired\":true,\"valueName\":\"search_term_string\"}}],\"inLanguage\":\"fr-FR\"},{\"@type\":\"Organization\",\"@id\":\"https:\/\/www.yvesbeck.wine\/#organization\",\"name\":\"yvesbeck.wine\",\"url\":\"https:\/\/www.yvesbeck.wine\/\",\"logo\":{\"@type\":\"ImageObject\",\"inLanguage\":\"fr-FR\",\"@id\":\"https:\/\/www.yvesbeck.wine\/#\/schema\/logo\/image\/\",\"url\":\"https:\/\/www.yvesbeck.wine\/wp-content\/uploads\/frontend\/2016\/07\/20160722-Logo-Sidebar.png\",\"contentUrl\":\"https:\/\/www.yvesbeck.wine\/wp-content\/uploads\/frontend\/2016\/07\/20160722-Logo-Sidebar.png\",\"width\":376,\"height\":200,\"caption\":\"yvesbeck.wine\"},\"image\":{\"@id\":\"https:\/\/www.yvesbeck.wine\/#\/schema\/logo\/image\/\"},\"sameAs\":[\"https:\/\/www.facebook.com\/beckustator\",\"https:\/\/x.com\/beckustator\",\"https:\/\/www.instagram.com\/beckustator\",\"https:\/\/www.linkedin.com\/in\/yvesbeck\/\"]}]}<\/script>\n<!-- \/ Yoast SEO plugin. -->","yoast_head_json":{"title":"Bordeaux Primeurs 2015 - Yves Beck - sans abonnement annuel - Yves Beck","robots":{"index":"index","follow":"follow","max-snippet":"max-snippet:-1","max-image-preview":"max-image-preview:large","max-video-preview":"max-video-preview:-1"},"canonical":"https:\/\/www.yvesbeck.wine\/fr\/produkt\/bordeaux-primeurs-2015-yves-beck-sans-abonnement-annuel\/","og_locale":"fr_FR","og_type":"article","og_title":"Bordeaux Primeurs 2015 - Yves Beck - sans abonnement annuel - Yves Beck","og_description":"Ce carnet fait \u00e9galement partie de l'abonnement annuel, qui est disponible \u00e0 partir de CHF. 98.00 par an. Apr\u00e8s l'achat d'un abonnement, le carnet figurera au prix de 0.00 dans la boutique.","og_url":"https:\/\/www.yvesbeck.wine\/fr\/produkt\/bordeaux-primeurs-2015-yves-beck-sans-abonnement-annuel\/","og_site_name":"Yves Beck","article_publisher":"https:\/\/www.facebook.com\/beckustator","article_modified_time":"2025-08-08T09:57:41+00:00","og_image":[{"width":1357,"height":1920,"url":"https:\/\/www.yvesbeck.wine\/wp-content\/uploads\/2018\/01\/Primeur2015fr.jpg","type":"image\/jpeg"}],"twitter_card":"summary_large_image","twitter_site":"@beckustator","twitter_misc":{"Dur\u00e9e de lecture estim\u00e9e":"1 minute"},"schema":{"@context":"https:\/\/schema.org","@graph":[{"@type":"WebPage","@id":"https:\/\/www.yvesbeck.wine\/fr\/produkt\/bordeaux-primeurs-2015-yves-beck-sans-abonnement-annuel\/","url":"https:\/\/www.yvesbeck.wine\/fr\/produkt\/bordeaux-primeurs-2015-yves-beck-sans-abonnement-annuel\/","name":"Bordeaux Primeurs 2015 - Yves Beck - sans abonnement annuel - Yves Beck","isPartOf":{"@id":"https:\/\/www.yvesbeck.wine\/#website"},"primaryImageOfPage":{"@id":"https:\/\/www.yvesbeck.wine\/fr\/produkt\/bordeaux-primeurs-2015-yves-beck-sans-abonnement-annuel\/#primaryimage"},"image":{"@id":"https:\/\/www.yvesbeck.wine\/fr\/produkt\/bordeaux-primeurs-2015-yves-beck-sans-abonnement-annuel\/#primaryimage"},"thumbnailUrl":"https:\/\/www.yvesbeck.wine\/wp-content\/uploads\/2018\/01\/Primeur2015fr.jpg","datePublished":"2018-01-19T13:07:44+00:00","dateModified":"2025-08-08T09:57:41+00:00","breadcrumb":{"@id":"https:\/\/www.yvesbeck.wine\/fr\/produkt\/bordeaux-primeurs-2015-yves-beck-sans-abonnement-annuel\/#breadcrumb"},"inLanguage":"fr-FR","potentialAction":[{"@type":"ReadAction","target":["https:\/\/www.yvesbeck.wine\/fr\/produkt\/bordeaux-primeurs-2015-yves-beck-sans-abonnement-annuel\/"]}]},{"@type":"ImageObject","inLanguage":"fr-FR","@id":"https:\/\/www.yvesbeck.wine\/fr\/produkt\/bordeaux-primeurs-2015-yves-beck-sans-abonnement-annuel\/#primaryimage","url":"https:\/\/www.yvesbeck.wine\/wp-content\/uploads\/2018\/01\/Primeur2015fr.jpg","contentUrl":"https:\/\/www.yvesbeck.wine\/wp-content\/uploads\/2018\/01\/Primeur2015fr.jpg","width":1357,"height":1920,"caption":"Bordeaux 2015 Primeurs - yvesbeck.wine"},{"@type":"BreadcrumbList","@id":"https:\/\/www.yvesbeck.wine\/fr\/produkt\/bordeaux-primeurs-2015-yves-beck-sans-abonnement-annuel\/#breadcrumb","itemListElement":[{"@type":"ListItem","position":1,"name":"Startseite","item":"https:\/\/www.yvesbeck.wine\/fr\/"},{"@type":"ListItem","position":2,"name":"Boutique","item":"https:\/\/www.yvesbeck.wine\/fr\/boutique\/"},{"@type":"ListItem","position":3,"name":"Bordeaux Primeurs 2015 &#8211; Yves Beck &#8211; sans abonnement annuel"}]},{"@type":"WebSite","@id":"https:\/\/www.yvesbeck.wine\/#website","url":"https:\/\/www.yvesbeck.wine\/","name":"Yves Beck","description":"Beckustator","publisher":{"@id":"https:\/\/www.yvesbeck.wine\/#organization"},"potentialAction":[{"@type":"SearchAction","target":{"@type":"EntryPoint","urlTemplate":"https:\/\/www.yvesbeck.wine\/?s={search_term_string}"},"query-input":{"@type":"PropertyValueSpecification","valueRequired":true,"valueName":"search_term_string"}}],"inLanguage":"fr-FR"},{"@type":"Organization","@id":"https:\/\/www.yvesbeck.wine\/#organization","name":"yvesbeck.wine","url":"https:\/\/www.yvesbeck.wine\/","logo":{"@type":"ImageObject","inLanguage":"fr-FR","@id":"https:\/\/www.yvesbeck.wine\/#\/schema\/logo\/image\/","url":"https:\/\/www.yvesbeck.wine\/wp-content\/uploads\/frontend\/2016\/07\/20160722-Logo-Sidebar.png","contentUrl":"https:\/\/www.yvesbeck.wine\/wp-content\/uploads\/frontend\/2016\/07\/20160722-Logo-Sidebar.png","width":376,"height":200,"caption":"yvesbeck.wine"},"image":{"@id":"https:\/\/www.yvesbeck.wine\/#\/schema\/logo\/image\/"},"sameAs":["https:\/\/www.facebook.com\/beckustator","https:\/\/x.com\/beckustator","https:\/\/www.instagram.com\/beckustator","https:\/\/www.linkedin.com\/in\/yvesbeck\/"]}]}},"_links":{"self":[{"href":"https:\/\/www.yvesbeck.wine\/fr\/wp-json\/wp\/v2\/product\/29943","targetHints":{"allow":["GET"]}}],"collection":[{"href":"https:\/\/www.yvesbeck.wine\/fr\/wp-json\/wp\/v2\/product"}],"about":[{"href":"https:\/\/www.yvesbeck.wine\/fr\/wp-json\/wp\/v2\/types\/product"}],"wp:featuredmedia":[{"embeddable":true,"href":"https:\/\/www.yvesbeck.wine\/fr\/wp-json\/wp\/v2\/media\/162492"}],"wp:attachment":[{"href":"https:\/\/www.yvesbeck.wine\/fr\/wp-json\/wp\/v2\/media?parent=29943"}],"wp:term":[{"taxonomy":"product_brand","embeddable":true,"href":"https:\/\/www.yvesbeck.wine\/fr\/wp-json\/wp\/v2\/product_brand?post=29943"},{"taxonomy":"product_cat","embeddable":true,"href":"https:\/\/www.yvesbeck.wine\/fr\/wp-json\/wp\/v2\/product_cat?post=29943"},{"taxonomy":"product_tag","embeddable":true,"href":"https:\/\/www.yvesbeck.wine\/fr\/wp-json\/wp\/v2\/product_tag?post=29943"}],"curies":[{"name":"wp","href":"https:\/\/api.w.org\/{rel}","templated":true}]}}