{"id":181707,"date":"2025-05-16T11:43:19","date_gmt":"2025-05-16T10:43:19","guid":{"rendered":"https:\/\/www.yvesbeck.wine\/?post_type=product&#038;p=181707"},"modified":"2025-08-08T10:05:19","modified_gmt":"2025-08-08T09:05:19","slug":"bordeaux-primeurs-2024-sans-abonnement-annuel","status":"publish","type":"product","link":"https:\/\/www.yvesbeck.wine\/fr\/produkt\/bordeaux-primeurs-2024-sans-abonnement-annuel\/","title":{"rendered":"Bordeaux Primeurs 2024 &#8211; sans abonnement annuel"},"content":{"rendered":"<p>Ce carnet fait \u00e9galement partie de l&rsquo;<a href=\"https:\/\/www.yvesbeck.wine\/fr\/produkt\/abonnement-prive-yvesbeck-wine\/\">abonnement annuel<\/a>, qui est disponible \u00e0 partir de CHF. 98.00 par an. Apr\u00e8s l&rsquo;achat d&rsquo;un abonnement, le carnet figurera au prix de 0,00 dans la <a href=\"https:\/\/www.yvesbeck.wine\/fr\/boutique\/\">boutique<\/a>\u00a0ou dans la <a href=\"https:\/\/www.yvesbeck.wine\/fr\/membres-nouveautes\/\">zone r\u00e9serv\u00e9e aux membres<\/a>.<\/p>\n<p>Carnet de d\u00e9gustation enti\u00e8rement r\u00e9alis\u00e9 par Yves Beck et d\u00e9di\u00e9 aux Bordeaux Primeurs 2024. Le magazine contient 932 notices de d\u00e9gustation. Sa taille de168 pages met en \u00e9vidence les descriptifs de d\u00e9gustation tr\u00e8s d\u00e9taill\u00e9s. Chaque vin a obtenu une note ainsi qu\u2019une indication relative \u00e0 son apog\u00e9e et \u00e0 son potentiel de garde.<\/p>\n","protected":false},"excerpt":{"rendered":"<p>Ce carnet fait \u00e9galement partie de l&rsquo;<a href=\"https:\/\/www.yvesbeck.wine\/fr\/produkt\/abonnement-prive-yvesbeck-wine\/\">abonnement annuel<\/a>, qui est disponible \u00e0 partir de CHF. 98.00 par an. Apr\u00e8s l&rsquo;achat d&rsquo;un abonnement, le carnet figurera au prix de 0,00 dans la <a href=\"https:\/\/www.yvesbeck.wine\/fr\/boutique\">boutique<\/a>\u00a0ou dans la <a href=\"https:\/\/www.yvesbeck.wine\/fr\/membres-nouveautes\/\">zone r\u00e9serv\u00e9e aux membres<\/a>.<\/p>\n<p>Carnet de d\u00e9gustation enti\u00e8rement r\u00e9alis\u00e9 par Yves Beck et d\u00e9di\u00e9 aux Bordeaux Primeurs 2024. Le magazine contient 932 notices de d\u00e9gustation. Sa taille de 168 pages met en \u00e9vidence les descriptifs de d\u00e9gustation tr\u00e8s d\u00e9taill\u00e9s. Chaque vin a obtenu une note ainsi qu\u2019une indication relative \u00e0 son apog\u00e9e et \u00e0 son potentiel de garde.<\/p>\n","protected":false},"featured_media":181701,"template":"","meta":{"_acf_changed":false,"_et_pb_use_builder":"","_et_pb_old_content":"","_et_gb_content_width":""},"product_brand":[],"product_cat":[15115,15112,210],"product_tag":[35921],"class_list":{"0":"post-181707","1":"product","2":"type-product","3":"status-publish","4":"has-post-thumbnail","6":"product_cat-publications-bordeaux","7":"product_cat-publications-france","8":"product_cat-digital-publications-fr","9":"product_tag-bordeaux-primeurs-2024","11":"first","12":"instock","13":"downloadable","14":"shipping-taxable","15":"purchasable","16":"product-type-simple"},"acf":[],"yoast_head":"<!-- This site is optimized with the Yoast SEO plugin v26.9 - https:\/\/yoast.com\/product\/yoast-seo-wordpress\/ -->\n<title>Bordeaux Primeurs 2024 - sans abonnement annuel - Yves Beck<\/title>\n<meta name=\"description\" content=\"Magazine de 168 pages d\u00e9di\u00e9 aux Bordeaux Primeurs 2024. 932 vins d\u00e9gust\u00e9s et d\u00e9crits par Yves Beck alias yvesbeck.wine et Beckustator\" \/>\n<meta name=\"robots\" content=\"index, follow, max-snippet:-1, max-image-preview:large, max-video-preview:-1\" \/>\n<link rel=\"canonical\" href=\"https:\/\/www.yvesbeck.wine\/fr\/produkt\/bordeaux-primeurs-2024-sans-abonnement-annuel\/\" \/>\n<meta property=\"og:locale\" content=\"fr_FR\" \/>\n<meta property=\"og:type\" content=\"article\" \/>\n<meta property=\"og:title\" content=\"Bordeaux Primeurs 2024 - sans abonnement annuel - Yves Beck\" \/>\n<meta property=\"og:description\" content=\"Magazine de 168 pages d\u00e9di\u00e9 aux Bordeaux Primeurs 2024. 932 vins d\u00e9gust\u00e9s et d\u00e9crits par Yves Beck alias yvesbeck.wine et Beckustator\" \/>\n<meta property=\"og:url\" content=\"https:\/\/www.yvesbeck.wine\/fr\/produkt\/bordeaux-primeurs-2024-sans-abonnement-annuel\/\" \/>\n<meta property=\"og:site_name\" content=\"Yves Beck\" \/>\n<meta property=\"article:publisher\" content=\"https:\/\/www.facebook.com\/beckustator\" \/>\n<meta property=\"article:modified_time\" content=\"2025-08-08T09:05:19+00:00\" \/>\n<meta property=\"og:image\" content=\"https:\/\/www.yvesbeck.wine\/wp-content\/uploads\/2025\/05\/Bordeaux-Primeurs-2024-La-Une-yvesbeck.wine_page-0001.jpg\" \/>\n\t<meta property=\"og:image:width\" content=\"1241\" \/>\n\t<meta property=\"og:image:height\" content=\"1755\" \/>\n\t<meta property=\"og:image:type\" content=\"image\/jpeg\" \/>\n<meta name=\"twitter:card\" content=\"summary_large_image\" \/>\n<meta name=\"twitter:site\" content=\"@beckustator\" \/>\n<meta name=\"twitter:label1\" content=\"Dur\u00e9e de lecture estim\u00e9e\" \/>\n\t<meta name=\"twitter:data1\" content=\"1 minute\" \/>\n<script type=\"application\/ld+json\" class=\"yoast-schema-graph\">{\"@context\":\"https:\/\/schema.org\",\"@graph\":[{\"@type\":\"WebPage\",\"@id\":\"https:\/\/www.yvesbeck.wine\/fr\/produkt\/bordeaux-primeurs-2024-sans-abonnement-annuel\/\",\"url\":\"https:\/\/www.yvesbeck.wine\/fr\/produkt\/bordeaux-primeurs-2024-sans-abonnement-annuel\/\",\"name\":\"Bordeaux Primeurs 2024 - sans abonnement annuel - Yves Beck\",\"isPartOf\":{\"@id\":\"https:\/\/www.yvesbeck.wine\/#website\"},\"primaryImageOfPage\":{\"@id\":\"https:\/\/www.yvesbeck.wine\/fr\/produkt\/bordeaux-primeurs-2024-sans-abonnement-annuel\/#primaryimage\"},\"image\":{\"@id\":\"https:\/\/www.yvesbeck.wine\/fr\/produkt\/bordeaux-primeurs-2024-sans-abonnement-annuel\/#primaryimage\"},\"thumbnailUrl\":\"https:\/\/www.yvesbeck.wine\/wp-content\/uploads\/2025\/05\/Bordeaux-Primeurs-2024-La-Une-yvesbeck.wine_page-0001.jpg\",\"datePublished\":\"2025-05-16T10:43:19+00:00\",\"dateModified\":\"2025-08-08T09:05:19+00:00\",\"description\":\"Magazine de 168 pages d\u00e9di\u00e9 aux Bordeaux Primeurs 2024. 932 vins d\u00e9gust\u00e9s et d\u00e9crits par Yves Beck alias yvesbeck.wine et Beckustator\",\"breadcrumb\":{\"@id\":\"https:\/\/www.yvesbeck.wine\/fr\/produkt\/bordeaux-primeurs-2024-sans-abonnement-annuel\/#breadcrumb\"},\"inLanguage\":\"fr-FR\",\"potentialAction\":[{\"@type\":\"ReadAction\",\"target\":[\"https:\/\/www.yvesbeck.wine\/fr\/produkt\/bordeaux-primeurs-2024-sans-abonnement-annuel\/\"]}]},{\"@type\":\"ImageObject\",\"inLanguage\":\"fr-FR\",\"@id\":\"https:\/\/www.yvesbeck.wine\/fr\/produkt\/bordeaux-primeurs-2024-sans-abonnement-annuel\/#primaryimage\",\"url\":\"https:\/\/www.yvesbeck.wine\/wp-content\/uploads\/2025\/05\/Bordeaux-Primeurs-2024-La-Une-yvesbeck.wine_page-0001.jpg\",\"contentUrl\":\"https:\/\/www.yvesbeck.wine\/wp-content\/uploads\/2025\/05\/Bordeaux-Primeurs-2024-La-Une-yvesbeck.wine_page-0001.jpg\",\"width\":1241,\"height\":1755,\"caption\":\"Bordeaux Primeurs 2024 - yvesbeck.wine\"},{\"@type\":\"BreadcrumbList\",\"@id\":\"https:\/\/www.yvesbeck.wine\/fr\/produkt\/bordeaux-primeurs-2024-sans-abonnement-annuel\/#breadcrumb\",\"itemListElement\":[{\"@type\":\"ListItem\",\"position\":1,\"name\":\"Startseite\",\"item\":\"https:\/\/www.yvesbeck.wine\/fr\/\"},{\"@type\":\"ListItem\",\"position\":2,\"name\":\"Boutique\",\"item\":\"https:\/\/www.yvesbeck.wine\/fr\/boutique\/\"},{\"@type\":\"ListItem\",\"position\":3,\"name\":\"Bordeaux Primeurs 2024 &#8211; sans abonnement annuel\"}]},{\"@type\":\"WebSite\",\"@id\":\"https:\/\/www.yvesbeck.wine\/#website\",\"url\":\"https:\/\/www.yvesbeck.wine\/\",\"name\":\"Yves Beck\",\"description\":\"Beckustator\",\"publisher\":{\"@id\":\"https:\/\/www.yvesbeck.wine\/#organization\"},\"potentialAction\":[{\"@type\":\"SearchAction\",\"target\":{\"@type\":\"EntryPoint\",\"urlTemplate\":\"https:\/\/www.yvesbeck.wine\/?s={search_term_string}\"},\"query-input\":{\"@type\":\"PropertyValueSpecification\",\"valueRequired\":true,\"valueName\":\"search_term_string\"}}],\"inLanguage\":\"fr-FR\"},{\"@type\":\"Organization\",\"@id\":\"https:\/\/www.yvesbeck.wine\/#organization\",\"name\":\"yvesbeck.wine\",\"url\":\"https:\/\/www.yvesbeck.wine\/\",\"logo\":{\"@type\":\"ImageObject\",\"inLanguage\":\"fr-FR\",\"@id\":\"https:\/\/www.yvesbeck.wine\/#\/schema\/logo\/image\/\",\"url\":\"https:\/\/www.yvesbeck.wine\/wp-content\/uploads\/frontend\/2016\/07\/20160722-Logo-Sidebar.png\",\"contentUrl\":\"https:\/\/www.yvesbeck.wine\/wp-content\/uploads\/frontend\/2016\/07\/20160722-Logo-Sidebar.png\",\"width\":376,\"height\":200,\"caption\":\"yvesbeck.wine\"},\"image\":{\"@id\":\"https:\/\/www.yvesbeck.wine\/#\/schema\/logo\/image\/\"},\"sameAs\":[\"https:\/\/www.facebook.com\/beckustator\",\"https:\/\/x.com\/beckustator\",\"https:\/\/www.instagram.com\/beckustator\",\"https:\/\/www.linkedin.com\/in\/yvesbeck\/\"]}]}<\/script>\n<!-- \/ Yoast SEO plugin. -->","yoast_head_json":{"title":"Bordeaux Primeurs 2024 - sans abonnement annuel - Yves Beck","description":"Magazine de 168 pages d\u00e9di\u00e9 aux Bordeaux Primeurs 2024. 932 vins d\u00e9gust\u00e9s et d\u00e9crits par Yves Beck alias yvesbeck.wine et Beckustator","robots":{"index":"index","follow":"follow","max-snippet":"max-snippet:-1","max-image-preview":"max-image-preview:large","max-video-preview":"max-video-preview:-1"},"canonical":"https:\/\/www.yvesbeck.wine\/fr\/produkt\/bordeaux-primeurs-2024-sans-abonnement-annuel\/","og_locale":"fr_FR","og_type":"article","og_title":"Bordeaux Primeurs 2024 - sans abonnement annuel - Yves Beck","og_description":"Magazine de 168 pages d\u00e9di\u00e9 aux Bordeaux Primeurs 2024. 932 vins d\u00e9gust\u00e9s et d\u00e9crits par Yves Beck alias yvesbeck.wine et Beckustator","og_url":"https:\/\/www.yvesbeck.wine\/fr\/produkt\/bordeaux-primeurs-2024-sans-abonnement-annuel\/","og_site_name":"Yves Beck","article_publisher":"https:\/\/www.facebook.com\/beckustator","article_modified_time":"2025-08-08T09:05:19+00:00","og_image":[{"width":1241,"height":1755,"url":"https:\/\/www.yvesbeck.wine\/wp-content\/uploads\/2025\/05\/Bordeaux-Primeurs-2024-La-Une-yvesbeck.wine_page-0001.jpg","type":"image\/jpeg"}],"twitter_card":"summary_large_image","twitter_site":"@beckustator","twitter_misc":{"Dur\u00e9e de lecture estim\u00e9e":"1 minute"},"schema":{"@context":"https:\/\/schema.org","@graph":[{"@type":"WebPage","@id":"https:\/\/www.yvesbeck.wine\/fr\/produkt\/bordeaux-primeurs-2024-sans-abonnement-annuel\/","url":"https:\/\/www.yvesbeck.wine\/fr\/produkt\/bordeaux-primeurs-2024-sans-abonnement-annuel\/","name":"Bordeaux Primeurs 2024 - sans abonnement annuel - Yves Beck","isPartOf":{"@id":"https:\/\/www.yvesbeck.wine\/#website"},"primaryImageOfPage":{"@id":"https:\/\/www.yvesbeck.wine\/fr\/produkt\/bordeaux-primeurs-2024-sans-abonnement-annuel\/#primaryimage"},"image":{"@id":"https:\/\/www.yvesbeck.wine\/fr\/produkt\/bordeaux-primeurs-2024-sans-abonnement-annuel\/#primaryimage"},"thumbnailUrl":"https:\/\/www.yvesbeck.wine\/wp-content\/uploads\/2025\/05\/Bordeaux-Primeurs-2024-La-Une-yvesbeck.wine_page-0001.jpg","datePublished":"2025-05-16T10:43:19+00:00","dateModified":"2025-08-08T09:05:19+00:00","description":"Magazine de 168 pages d\u00e9di\u00e9 aux Bordeaux Primeurs 2024. 932 vins d\u00e9gust\u00e9s et d\u00e9crits par Yves Beck alias yvesbeck.wine et Beckustator","breadcrumb":{"@id":"https:\/\/www.yvesbeck.wine\/fr\/produkt\/bordeaux-primeurs-2024-sans-abonnement-annuel\/#breadcrumb"},"inLanguage":"fr-FR","potentialAction":[{"@type":"ReadAction","target":["https:\/\/www.yvesbeck.wine\/fr\/produkt\/bordeaux-primeurs-2024-sans-abonnement-annuel\/"]}]},{"@type":"ImageObject","inLanguage":"fr-FR","@id":"https:\/\/www.yvesbeck.wine\/fr\/produkt\/bordeaux-primeurs-2024-sans-abonnement-annuel\/#primaryimage","url":"https:\/\/www.yvesbeck.wine\/wp-content\/uploads\/2025\/05\/Bordeaux-Primeurs-2024-La-Une-yvesbeck.wine_page-0001.jpg","contentUrl":"https:\/\/www.yvesbeck.wine\/wp-content\/uploads\/2025\/05\/Bordeaux-Primeurs-2024-La-Une-yvesbeck.wine_page-0001.jpg","width":1241,"height":1755,"caption":"Bordeaux Primeurs 2024 - yvesbeck.wine"},{"@type":"BreadcrumbList","@id":"https:\/\/www.yvesbeck.wine\/fr\/produkt\/bordeaux-primeurs-2024-sans-abonnement-annuel\/#breadcrumb","itemListElement":[{"@type":"ListItem","position":1,"name":"Startseite","item":"https:\/\/www.yvesbeck.wine\/fr\/"},{"@type":"ListItem","position":2,"name":"Boutique","item":"https:\/\/www.yvesbeck.wine\/fr\/boutique\/"},{"@type":"ListItem","position":3,"name":"Bordeaux Primeurs 2024 &#8211; sans abonnement annuel"}]},{"@type":"WebSite","@id":"https:\/\/www.yvesbeck.wine\/#website","url":"https:\/\/www.yvesbeck.wine\/","name":"Yves Beck","description":"Beckustator","publisher":{"@id":"https:\/\/www.yvesbeck.wine\/#organization"},"potentialAction":[{"@type":"SearchAction","target":{"@type":"EntryPoint","urlTemplate":"https:\/\/www.yvesbeck.wine\/?s={search_term_string}"},"query-input":{"@type":"PropertyValueSpecification","valueRequired":true,"valueName":"search_term_string"}}],"inLanguage":"fr-FR"},{"@type":"Organization","@id":"https:\/\/www.yvesbeck.wine\/#organization","name":"yvesbeck.wine","url":"https:\/\/www.yvesbeck.wine\/","logo":{"@type":"ImageObject","inLanguage":"fr-FR","@id":"https:\/\/www.yvesbeck.wine\/#\/schema\/logo\/image\/","url":"https:\/\/www.yvesbeck.wine\/wp-content\/uploads\/frontend\/2016\/07\/20160722-Logo-Sidebar.png","contentUrl":"https:\/\/www.yvesbeck.wine\/wp-content\/uploads\/frontend\/2016\/07\/20160722-Logo-Sidebar.png","width":376,"height":200,"caption":"yvesbeck.wine"},"image":{"@id":"https:\/\/www.yvesbeck.wine\/#\/schema\/logo\/image\/"},"sameAs":["https:\/\/www.facebook.com\/beckustator","https:\/\/x.com\/beckustator","https:\/\/www.instagram.com\/beckustator","https:\/\/www.linkedin.com\/in\/yvesbeck\/"]}]}},"_links":{"self":[{"href":"https:\/\/www.yvesbeck.wine\/fr\/wp-json\/wp\/v2\/product\/181707","targetHints":{"allow":["GET"]}}],"collection":[{"href":"https:\/\/www.yvesbeck.wine\/fr\/wp-json\/wp\/v2\/product"}],"about":[{"href":"https:\/\/www.yvesbeck.wine\/fr\/wp-json\/wp\/v2\/types\/product"}],"wp:featuredmedia":[{"embeddable":true,"href":"https:\/\/www.yvesbeck.wine\/fr\/wp-json\/wp\/v2\/media\/181701"}],"wp:attachment":[{"href":"https:\/\/www.yvesbeck.wine\/fr\/wp-json\/wp\/v2\/media?parent=181707"}],"wp:term":[{"taxonomy":"product_brand","embeddable":true,"href":"https:\/\/www.yvesbeck.wine\/fr\/wp-json\/wp\/v2\/product_brand?post=181707"},{"taxonomy":"product_cat","embeddable":true,"href":"https:\/\/www.yvesbeck.wine\/fr\/wp-json\/wp\/v2\/product_cat?post=181707"},{"taxonomy":"product_tag","embeddable":true,"href":"https:\/\/www.yvesbeck.wine\/fr\/wp-json\/wp\/v2\/product_tag?post=181707"}],"curies":[{"name":"wp","href":"https:\/\/api.w.org\/{rel}","templated":true}]}}