{"id":17905,"date":"2025-02-25T11:29:32","date_gmt":"2025-02-25T10:29:32","guid":{"rendered":"https:\/\/www.yvesbeck.wine\/shop\/unkategorisiert\/abonnement-annuel-business-premium\/"},"modified":"2026-02-16T18:26:10","modified_gmt":"2026-02-16T17:26:10","slug":"abonnement-business-power","status":"publish","type":"product","link":"https:\/\/www.yvesbeck.wine\/fr\/produkt\/abonnement-business-power\/","title":{"rendered":"Abonnement Business Power (UE)"},"content":{"rendered":"<p>Abonnement Business Power : cette prestation est destin\u00e9e aux cavistes, d\u00e9taillants en vins et grands domaines viticoles au sein de l&rsquo;Union Europ\u00e9enne.<\/p>\n<p>L&rsquo;abonnement comprend :<\/p>\n<ul>\n<li>Droits d&rsquo;utilisation et publication des notes de d\u00e9gustation et des points attribu\u00e9s pour l&rsquo;ensemble de l&rsquo;assortiment pendant toute la dur\u00e9e de l&rsquo;abonnement*<\/li>\n<li>Acc\u00e8s \u00e0 la base de donn\u00e9es avec actuellement 38803 vins d\u00e9gust\u00e9s par www.yvesbeck.wine<\/li>\n<li>Newsletter r\u00e9guli\u00e8re<\/li>\n<li>4 magazines (\u00e9ditions digitales)\n<ul>\n<li>2x Bordeaux (Primeurs et arrivages)<\/li>\n<li>1x Allemagne<\/li>\n<li>1x Alsace<\/li>\n<\/ul>\n<\/li>\n<li>Renouvellement automatique de l&rsquo;abonnement Business Power<\/li>\n<\/ul>\n<p>* les publications de <a href=\"https:\/\/www.yvesbeck.wine\/fr\">yvesbeck.wine<\/a> peuvent \u00eatre transmises \u00e0 des tiers, n\u00e9anmoins ceux-ci n&rsquo;acqui\u00e8rent pas les droits d&rsquo;utilisation et de publication. Si ces tiers souhaitent acqu\u00e9rir les droits d&rsquo;utilisation, ils sont \u00e9galement tenus d&rsquo;acqu\u00e9rir un abonnement professionnel.<\/p>\n","protected":false},"excerpt":{"rendered":"<p>Abonnement Business Power : cette prestation est destin\u00e9e aux cavistes, d\u00e9taillants en vins et grands domaines viticoles au sein de l&rsquo;Union Europ\u00e9enne.<\/p>\n<p>L&rsquo;abonnement comprend :<\/p>\n<ul>\n<li>Droits d&rsquo;utilisation et publication des notes de d\u00e9gustation et des points attribu\u00e9s pour l&rsquo;ensemble de l&rsquo;assortiment pendant toute la dur\u00e9e de l&rsquo;abonnement* pour 25 vins au maximum<\/li>\n<li>Acc\u00e8s \u00e0 la base de donn\u00e9es avec actuellement 38803 vins d\u00e9gust\u00e9s par www.yvesbeck.wine<\/li>\n<li>Newsletter r\u00e9guli\u00e8re<\/li>\n<li>4 magazines (\u00e9ditions digitales)\n<ul>\n<li>2x Bordeaux (Primeurs et arrivages)<\/li>\n<li>1x Allemagne<\/li>\n<li>1x Alsace<\/li>\n<\/ul>\n<\/li>\n<li>Renouvellement automatique de l&rsquo;abonnement Business Power<\/li>\n<\/ul>\n<p>* les publications de <a href=\"https:\/\/www.yvesbeck.wine\/fr\">yvesbeck.wine<\/a> peuvent \u00eatre transmises \u00e0 des tiers, n\u00e9anmoins ceux-ci n&rsquo;acqui\u00e8rent pas les droits d&rsquo;utilisation et de publication. Si ces tiers souhaitent acqu\u00e9rir les droits d&rsquo;utilisation, ils sont \u00e9galement tenus d&rsquo;acqu\u00e9rir un abonnement professionnel.<\/p>\n<p>Pensez \u00e0 suivre la page officielle de yvesbeck.wine alias <a href=\"https:\/\/www.facebook.com\/beckustator\" target=\"_blank\" rel=\"noopener\">Beckustator<\/a><\/p>\n","protected":false},"featured_media":162189,"template":"","meta":{"_acf_changed":false,"_et_pb_use_builder":"","_et_pb_old_content":"","_et_gb_content_width":""},"product_brand":[],"product_cat":[222],"product_tag":[],"class_list":{"0":"post-17905","1":"product","2":"type-product","3":"status-publish","4":"has-post-thumbnail","6":"product_cat-subscriptions-fr","8":"first","9":"instock","10":"virtual","11":"purchasable","12":"product-type-subscription"},"acf":[],"yoast_head":"<!-- This site is optimized with the Yoast SEO plugin v26.9 - https:\/\/yoast.com\/product\/yoast-seo-wordpress\/ -->\n<title>Abonnement Business Power (UE) - Yves Beck<\/title>\n<meta name=\"description\" content=\"Cet Abonnement Business Power est destin\u00e9 aux aux cavistes, d\u00e9taillants en vins et grands domaines viticoles au sein de l&#039;Union Europ\u00e9eenne\" \/>\n<meta name=\"robots\" content=\"index, follow, max-snippet:-1, max-image-preview:large, max-video-preview:-1\" \/>\n<link rel=\"canonical\" href=\"https:\/\/www.yvesbeck.wine\/fr\/produkt\/abonnement-business-power\/\" \/>\n<meta property=\"og:locale\" content=\"fr_FR\" \/>\n<meta property=\"og:type\" content=\"article\" \/>\n<meta property=\"og:title\" content=\"Abonnement Business Power (UE) - Yves Beck\" \/>\n<meta property=\"og:description\" content=\"Cet Abonnement Business Power est destin\u00e9 aux aux cavistes, d\u00e9taillants en vins et grands domaines viticoles au sein de l&#039;Union Europ\u00e9eenne\" \/>\n<meta property=\"og:url\" content=\"https:\/\/www.yvesbeck.wine\/fr\/produkt\/abonnement-business-power\/\" \/>\n<meta property=\"og:site_name\" content=\"Yves Beck\" \/>\n<meta property=\"article:publisher\" content=\"https:\/\/www.facebook.com\/beckustator\" \/>\n<meta property=\"article:modified_time\" content=\"2026-02-16T17:26:10+00:00\" \/>\n<meta property=\"og:image\" content=\"https:\/\/www.yvesbeck.wine\/wp-content\/uploads\/2016\/07\/Home_flip.jpg\" \/>\n\t<meta property=\"og:image:width\" content=\"1920\" \/>\n\t<meta property=\"og:image:height\" content=\"1200\" \/>\n\t<meta property=\"og:image:type\" content=\"image\/jpeg\" \/>\n<meta name=\"twitter:card\" content=\"summary_large_image\" \/>\n<meta name=\"twitter:site\" content=\"@beckustator\" \/>\n<meta name=\"twitter:label1\" content=\"Dur\u00e9e de lecture estim\u00e9e\" \/>\n\t<meta name=\"twitter:data1\" content=\"1 minute\" \/>\n<script type=\"application\/ld+json\" class=\"yoast-schema-graph\">{\"@context\":\"https:\/\/schema.org\",\"@graph\":[{\"@type\":\"WebPage\",\"@id\":\"https:\/\/www.yvesbeck.wine\/fr\/produkt\/abonnement-business-power\/\",\"url\":\"https:\/\/www.yvesbeck.wine\/fr\/produkt\/abonnement-business-power\/\",\"name\":\"Abonnement Business Power (UE) - Yves Beck\",\"isPartOf\":{\"@id\":\"https:\/\/www.yvesbeck.wine\/#website\"},\"primaryImageOfPage\":{\"@id\":\"https:\/\/www.yvesbeck.wine\/fr\/produkt\/abonnement-business-power\/#primaryimage\"},\"image\":{\"@id\":\"https:\/\/www.yvesbeck.wine\/fr\/produkt\/abonnement-business-power\/#primaryimage\"},\"thumbnailUrl\":\"https:\/\/www.yvesbeck.wine\/wp-content\/uploads\/2016\/07\/Home_flip.jpg\",\"datePublished\":\"2025-02-25T10:29:32+00:00\",\"dateModified\":\"2026-02-16T17:26:10+00:00\",\"description\":\"Cet Abonnement Business Power est destin\u00e9 aux aux cavistes, d\u00e9taillants en vins et grands domaines viticoles au sein de l'Union Europ\u00e9eenne\",\"breadcrumb\":{\"@id\":\"https:\/\/www.yvesbeck.wine\/fr\/produkt\/abonnement-business-power\/#breadcrumb\"},\"inLanguage\":\"fr-FR\",\"potentialAction\":[{\"@type\":\"ReadAction\",\"target\":[\"https:\/\/www.yvesbeck.wine\/fr\/produkt\/abonnement-business-power\/\"]}]},{\"@type\":\"ImageObject\",\"inLanguage\":\"fr-FR\",\"@id\":\"https:\/\/www.yvesbeck.wine\/fr\/produkt\/abonnement-business-power\/#primaryimage\",\"url\":\"https:\/\/www.yvesbeck.wine\/wp-content\/uploads\/2016\/07\/Home_flip.jpg\",\"contentUrl\":\"https:\/\/www.yvesbeck.wine\/wp-content\/uploads\/2016\/07\/Home_flip.jpg\",\"width\":1920,\"height\":1200,\"caption\":\"Abonnement yvesbeck.wine\"},{\"@type\":\"BreadcrumbList\",\"@id\":\"https:\/\/www.yvesbeck.wine\/fr\/produkt\/abonnement-business-power\/#breadcrumb\",\"itemListElement\":[{\"@type\":\"ListItem\",\"position\":1,\"name\":\"Startseite\",\"item\":\"https:\/\/www.yvesbeck.wine\/fr\/\"},{\"@type\":\"ListItem\",\"position\":2,\"name\":\"Boutique\",\"item\":\"https:\/\/www.yvesbeck.wine\/fr\/boutique\/\"},{\"@type\":\"ListItem\",\"position\":3,\"name\":\"Abonnement Business Power (UE)\"}]},{\"@type\":\"WebSite\",\"@id\":\"https:\/\/www.yvesbeck.wine\/#website\",\"url\":\"https:\/\/www.yvesbeck.wine\/\",\"name\":\"Yves Beck\",\"description\":\"Beckustator\",\"publisher\":{\"@id\":\"https:\/\/www.yvesbeck.wine\/#organization\"},\"potentialAction\":[{\"@type\":\"SearchAction\",\"target\":{\"@type\":\"EntryPoint\",\"urlTemplate\":\"https:\/\/www.yvesbeck.wine\/?s={search_term_string}\"},\"query-input\":{\"@type\":\"PropertyValueSpecification\",\"valueRequired\":true,\"valueName\":\"search_term_string\"}}],\"inLanguage\":\"fr-FR\"},{\"@type\":\"Organization\",\"@id\":\"https:\/\/www.yvesbeck.wine\/#organization\",\"name\":\"yvesbeck.wine\",\"url\":\"https:\/\/www.yvesbeck.wine\/\",\"logo\":{\"@type\":\"ImageObject\",\"inLanguage\":\"fr-FR\",\"@id\":\"https:\/\/www.yvesbeck.wine\/#\/schema\/logo\/image\/\",\"url\":\"https:\/\/www.yvesbeck.wine\/wp-content\/uploads\/frontend\/2016\/07\/20160722-Logo-Sidebar.png\",\"contentUrl\":\"https:\/\/www.yvesbeck.wine\/wp-content\/uploads\/frontend\/2016\/07\/20160722-Logo-Sidebar.png\",\"width\":376,\"height\":200,\"caption\":\"yvesbeck.wine\"},\"image\":{\"@id\":\"https:\/\/www.yvesbeck.wine\/#\/schema\/logo\/image\/\"},\"sameAs\":[\"https:\/\/www.facebook.com\/beckustator\",\"https:\/\/x.com\/beckustator\",\"https:\/\/www.instagram.com\/beckustator\",\"https:\/\/www.linkedin.com\/in\/yvesbeck\/\"]}]}<\/script>\n<!-- \/ Yoast SEO plugin. -->","yoast_head_json":{"title":"Abonnement Business Power (UE) - Yves Beck","description":"Cet Abonnement Business Power est destin\u00e9 aux aux cavistes, d\u00e9taillants en vins et grands domaines viticoles au sein de l'Union Europ\u00e9eenne","robots":{"index":"index","follow":"follow","max-snippet":"max-snippet:-1","max-image-preview":"max-image-preview:large","max-video-preview":"max-video-preview:-1"},"canonical":"https:\/\/www.yvesbeck.wine\/fr\/produkt\/abonnement-business-power\/","og_locale":"fr_FR","og_type":"article","og_title":"Abonnement Business Power (UE) - Yves Beck","og_description":"Cet Abonnement Business Power est destin\u00e9 aux aux cavistes, d\u00e9taillants en vins et grands domaines viticoles au sein de l'Union Europ\u00e9eenne","og_url":"https:\/\/www.yvesbeck.wine\/fr\/produkt\/abonnement-business-power\/","og_site_name":"Yves Beck","article_publisher":"https:\/\/www.facebook.com\/beckustator","article_modified_time":"2026-02-16T17:26:10+00:00","og_image":[{"width":1920,"height":1200,"url":"https:\/\/www.yvesbeck.wine\/wp-content\/uploads\/2016\/07\/Home_flip.jpg","type":"image\/jpeg"}],"twitter_card":"summary_large_image","twitter_site":"@beckustator","twitter_misc":{"Dur\u00e9e de lecture estim\u00e9e":"1 minute"},"schema":{"@context":"https:\/\/schema.org","@graph":[{"@type":"WebPage","@id":"https:\/\/www.yvesbeck.wine\/fr\/produkt\/abonnement-business-power\/","url":"https:\/\/www.yvesbeck.wine\/fr\/produkt\/abonnement-business-power\/","name":"Abonnement Business Power (UE) - Yves Beck","isPartOf":{"@id":"https:\/\/www.yvesbeck.wine\/#website"},"primaryImageOfPage":{"@id":"https:\/\/www.yvesbeck.wine\/fr\/produkt\/abonnement-business-power\/#primaryimage"},"image":{"@id":"https:\/\/www.yvesbeck.wine\/fr\/produkt\/abonnement-business-power\/#primaryimage"},"thumbnailUrl":"https:\/\/www.yvesbeck.wine\/wp-content\/uploads\/2016\/07\/Home_flip.jpg","datePublished":"2025-02-25T10:29:32+00:00","dateModified":"2026-02-16T17:26:10+00:00","description":"Cet Abonnement Business Power est destin\u00e9 aux aux cavistes, d\u00e9taillants en vins et grands domaines viticoles au sein de l'Union Europ\u00e9eenne","breadcrumb":{"@id":"https:\/\/www.yvesbeck.wine\/fr\/produkt\/abonnement-business-power\/#breadcrumb"},"inLanguage":"fr-FR","potentialAction":[{"@type":"ReadAction","target":["https:\/\/www.yvesbeck.wine\/fr\/produkt\/abonnement-business-power\/"]}]},{"@type":"ImageObject","inLanguage":"fr-FR","@id":"https:\/\/www.yvesbeck.wine\/fr\/produkt\/abonnement-business-power\/#primaryimage","url":"https:\/\/www.yvesbeck.wine\/wp-content\/uploads\/2016\/07\/Home_flip.jpg","contentUrl":"https:\/\/www.yvesbeck.wine\/wp-content\/uploads\/2016\/07\/Home_flip.jpg","width":1920,"height":1200,"caption":"Abonnement yvesbeck.wine"},{"@type":"BreadcrumbList","@id":"https:\/\/www.yvesbeck.wine\/fr\/produkt\/abonnement-business-power\/#breadcrumb","itemListElement":[{"@type":"ListItem","position":1,"name":"Startseite","item":"https:\/\/www.yvesbeck.wine\/fr\/"},{"@type":"ListItem","position":2,"name":"Boutique","item":"https:\/\/www.yvesbeck.wine\/fr\/boutique\/"},{"@type":"ListItem","position":3,"name":"Abonnement Business Power (UE)"}]},{"@type":"WebSite","@id":"https:\/\/www.yvesbeck.wine\/#website","url":"https:\/\/www.yvesbeck.wine\/","name":"Yves Beck","description":"Beckustator","publisher":{"@id":"https:\/\/www.yvesbeck.wine\/#organization"},"potentialAction":[{"@type":"SearchAction","target":{"@type":"EntryPoint","urlTemplate":"https:\/\/www.yvesbeck.wine\/?s={search_term_string}"},"query-input":{"@type":"PropertyValueSpecification","valueRequired":true,"valueName":"search_term_string"}}],"inLanguage":"fr-FR"},{"@type":"Organization","@id":"https:\/\/www.yvesbeck.wine\/#organization","name":"yvesbeck.wine","url":"https:\/\/www.yvesbeck.wine\/","logo":{"@type":"ImageObject","inLanguage":"fr-FR","@id":"https:\/\/www.yvesbeck.wine\/#\/schema\/logo\/image\/","url":"https:\/\/www.yvesbeck.wine\/wp-content\/uploads\/frontend\/2016\/07\/20160722-Logo-Sidebar.png","contentUrl":"https:\/\/www.yvesbeck.wine\/wp-content\/uploads\/frontend\/2016\/07\/20160722-Logo-Sidebar.png","width":376,"height":200,"caption":"yvesbeck.wine"},"image":{"@id":"https:\/\/www.yvesbeck.wine\/#\/schema\/logo\/image\/"},"sameAs":["https:\/\/www.facebook.com\/beckustator","https:\/\/x.com\/beckustator","https:\/\/www.instagram.com\/beckustator","https:\/\/www.linkedin.com\/in\/yvesbeck\/"]}]}},"_links":{"self":[{"href":"https:\/\/www.yvesbeck.wine\/fr\/wp-json\/wp\/v2\/product\/17905","targetHints":{"allow":["GET"]}}],"collection":[{"href":"https:\/\/www.yvesbeck.wine\/fr\/wp-json\/wp\/v2\/product"}],"about":[{"href":"https:\/\/www.yvesbeck.wine\/fr\/wp-json\/wp\/v2\/types\/product"}],"wp:featuredmedia":[{"embeddable":true,"href":"https:\/\/www.yvesbeck.wine\/fr\/wp-json\/wp\/v2\/media\/162189"}],"wp:attachment":[{"href":"https:\/\/www.yvesbeck.wine\/fr\/wp-json\/wp\/v2\/media?parent=17905"}],"wp:term":[{"taxonomy":"product_brand","embeddable":true,"href":"https:\/\/www.yvesbeck.wine\/fr\/wp-json\/wp\/v2\/product_brand?post=17905"},{"taxonomy":"product_cat","embeddable":true,"href":"https:\/\/www.yvesbeck.wine\/fr\/wp-json\/wp\/v2\/product_cat?post=17905"},{"taxonomy":"product_tag","embeddable":true,"href":"https:\/\/www.yvesbeck.wine\/fr\/wp-json\/wp\/v2\/product_tag?post=17905"}],"curies":[{"name":"wp","href":"https:\/\/api.w.org\/{rel}","templated":true}]}}