{"id":17904,"date":"2025-02-28T11:28:16","date_gmt":"2025-02-28T10:28:16","guid":{"rendered":"https:\/\/www.yvesbeck.wine\/shop\/unkategorisiert\/abonnement-annuel-business\/"},"modified":"2025-07-30T13:55:37","modified_gmt":"2025-07-30T12:55:37","slug":"abonnement-annuel-business","status":"publish","type":"product","link":"https:\/\/www.yvesbeck.wine\/fr\/produkt\/abonnement-annuel-business\/","title":{"rendered":"Abonnement Business (UE)"},"content":{"rendered":"<p>Une ann\u00e9e d&rsquo;abonnement Business chez <a href=\"https:\/\/www.yvesbeck.wine\/fr\" target=\"_blank\" rel=\"noopener\">yvesbeck.wine<\/a> destin\u00e9e aux<strong> propri\u00e9t\u00e9s de plusieurs entit\u00e9s (max. 3 entit\u00e9s)<\/strong> et\/ou domaines vinicoles avec jusqu&rsquo;\u00e0 <strong>9 vins<\/strong> diff\u00e9rents au total. Cet abonnement est destin\u00e9 aux entreprises sises dans l&rsquo;Union Europ\u00e9enne.<\/p>\n<p>L&rsquo;offre s&rsquo;adresse \u00e9galement aux <strong>laboratoires \u0153nologiques<\/strong> et<strong> n\u00e9gociants<\/strong>.<\/p>\n<p>L&rsquo;abonnement Business comprend :<\/p>\n<ul>\n<li>Droits d&rsquo;utilisation et de publication des notes de d\u00e9gustations pendant toute la dur\u00e9e de l&rsquo;abonnement (ces droits ne sont pas transmissibles \u00e0 des tiers*)<\/li>\n<li>Acc\u00e8s \u00e0 la base de donn\u00e9es des vins d\u00e9gust\u00e9s (actuellement 37698 notes de d\u00e9gustation en ligne)<\/li>\n<li>Newsletter r\u00e9guli\u00e8re<\/li>\n<li>3 magazines \u00ab\u00a0yvesbeck.vin\u00a0\u00bb (\u00e9ditions digitales)<\/li>\n<li>renouvellement automatique de l&rsquo;abonnement \u00e0 l&rsquo;\u00e9ch\u00e9ance<\/li>\n<\/ul>\n<p>Il est possible de cr\u00e9er plusieurs compte utilisateurs. Pour cela veuillez nous contacter <a href=\"mailto:yves.beck@yvesbeck.wine\" target=\"_blank\" rel=\"noopener noreferrer\">ici<\/a><\/p>\n<p>* le d\u00e9tenteur d&rsquo;un abonnement peut transmettre les publications de yvesbeck.wine \u00e0 des tiers, n\u00e9anmoins ces tiers n&rsquo;acqui\u00e8rent pas les droits d&rsquo;utilisation et de publication. Si des tiers souhaitent acqu\u00e9rir ces droits, ils sont \u00e9galement tenus d&rsquo;acqu\u00e9rir un abonnement Pro ou Business<\/p>\n","protected":false},"excerpt":{"rendered":"<p>Une ann\u00e9e d&rsquo;abonnement Business chez <a href=\"https:\/\/www.yvesbeck.wine\/fr\" target=\"_blank\" rel=\"noopener\">yvesbeck.wine<\/a> destin\u00e9e aux<strong> propri\u00e9t\u00e9s de plusieurs entit\u00e9s (max. 3 entit\u00e9s)<\/strong> et\/ou domaines vinicoles avec jusqu&rsquo;\u00e0 <strong>9 vins<\/strong> diff\u00e9rents au total. Cet abonnement est destin\u00e9 aux entreprises sises dans l&rsquo;Union Europ\u00e9enne.<\/p>\n<p>L&rsquo;offre s&rsquo;adresse \u00e9galement aux <strong>laboratoires \u0153nologiques<\/strong> et<strong> n\u00e9gociants<\/strong>.<\/p>\n<p>L&rsquo;abonnement Business comprend :<\/p>\n<ul>\n<li>Droits d&rsquo;utilisation et de publication des notes de d\u00e9gustations pendant toute la dur\u00e9e de l&rsquo;abonnement (ces droits ne sont pas transmissibles \u00e0 des tiers*)<\/li>\n<li>Acc\u00e8s \u00e0 la base de donn\u00e9es des vins d\u00e9gust\u00e9s (actuellement 37698 notes de d\u00e9gustation en ligne)<\/li>\n<li>Newsletter r\u00e9guli\u00e8re<\/li>\n<li>3 magazines \u00ab\u00a0yvesbeck.vin\u00a0\u00bb (\u00e9ditions digitales)<\/li>\n<li>renouvellement automatique de l&rsquo;abonnement \u00e0 l&rsquo;\u00e9ch\u00e9ance<\/li>\n<\/ul>\n<p>Il est possible de cr\u00e9er plusieurs compte utilisateurs. Pour cela veuillez nous contacter <a href=\"mailto:yves.beck@bluewin.ch\" target=\"_blank\" rel=\"noopener noreferrer\">ici<\/a><\/p>\n<p>* le d\u00e9tenteur d&rsquo;un abonnement peut transmettre les publications de yvesbeck.wine \u00e0 des tiers, n\u00e9anmoins ces tiers n&rsquo;acqui\u00e8rent pas les droits d&rsquo;utilisation et de publication. Si des tiers souhaitent acqu\u00e9rir ces droits, ils sont \u00e9galement tenus d&rsquo;acqu\u00e9rir un abonnement Pro ou Business<\/p>\n","protected":false},"featured_media":162189,"template":"","meta":{"_acf_changed":false,"_et_pb_use_builder":"","_et_pb_old_content":"","_et_gb_content_width":""},"product_brand":[],"product_cat":[222],"product_tag":[],"class_list":{"0":"post-17904","1":"product","2":"type-product","3":"status-publish","4":"has-post-thumbnail","6":"product_cat-subscriptions-fr","8":"first","9":"instock","10":"virtual","11":"purchasable","12":"product-type-subscription"},"acf":[],"yoast_head":"<!-- This site is optimized with the Yoast SEO plugin v26.9 - https:\/\/yoast.com\/product\/yoast-seo-wordpress\/ -->\n<title>Abonnement Business (UE) - Yves Beck<\/title>\n<meta name=\"robots\" content=\"index, follow, max-snippet:-1, max-image-preview:large, max-video-preview:-1\" \/>\n<link rel=\"canonical\" href=\"https:\/\/www.yvesbeck.wine\/fr\/produkt\/abonnement-annuel-business\/\" \/>\n<meta property=\"og:locale\" content=\"fr_FR\" \/>\n<meta property=\"og:type\" content=\"article\" \/>\n<meta property=\"og:title\" content=\"Abonnement Business (UE) - Yves Beck\" \/>\n<meta property=\"og:description\" content=\"Une ann\u00e9e d&#039;abonnement Business chez yvesbeck.wine destin\u00e9e aux propri\u00e9t\u00e9s de plusieurs entit\u00e9s (max. 3 entit\u00e9s) et\/ou domaines vinicoles avec jusqu&#039;\u00e0 9 vins diff\u00e9rents au total. Cet abonnement est destin\u00e9 aux entreprises sises dans l&#039;Union Europ\u00e9enne.  L&#039;offre s&#039;adresse \u00e9galement aux laboratoires \u0153nologiques et n\u00e9gociants.  L&#039;abonnement Business comprend :   Droits d&#039;utilisation et de publication des notes de d\u00e9gustations pendant toute la dur\u00e9e de l&#039;abonnement (ces droits ne sont pas transmissibles \u00e0 des tiers*)  Acc\u00e8s \u00e0 la base de donn\u00e9es des vins d\u00e9gust\u00e9s (actuellement notes de d\u00e9gustation en ligne)  Newsletter r\u00e9guli\u00e8re  3 magazines &quot;yvesbeck.vin&quot; (\u00e9ditions digitales)  renouvellement automatique de l&#039;abonnement \u00e0 l&#039;\u00e9ch\u00e9ance  Il est possible de cr\u00e9er plusieurs compte utilisateurs. Pour cela veuillez nous contacter ici  * le d\u00e9tenteur d&#039;un abonnement peut transmettre les publications de yvesbeck.wine \u00e0 des tiers, n\u00e9anmoins ces tiers n&#039;acqui\u00e8rent pas les droits d&#039;utilisation et de publication. Si des tiers souhaitent acqu\u00e9rir ces droits, ils sont \u00e9galement tenus d&#039;acqu\u00e9rir un abonnement Pro ou Business\" \/>\n<meta property=\"og:url\" content=\"https:\/\/www.yvesbeck.wine\/fr\/produkt\/abonnement-annuel-business\/\" \/>\n<meta property=\"og:site_name\" content=\"Yves Beck\" \/>\n<meta property=\"article:publisher\" content=\"https:\/\/www.facebook.com\/beckustator\" \/>\n<meta property=\"article:modified_time\" content=\"2025-07-30T12:55:37+00:00\" \/>\n<meta property=\"og:image\" content=\"https:\/\/www.yvesbeck.wine\/wp-content\/uploads\/2016\/07\/Home_flip.jpg\" \/>\n\t<meta property=\"og:image:width\" content=\"1920\" \/>\n\t<meta property=\"og:image:height\" content=\"1200\" \/>\n\t<meta property=\"og:image:type\" content=\"image\/jpeg\" \/>\n<meta name=\"twitter:card\" content=\"summary_large_image\" \/>\n<meta name=\"twitter:site\" content=\"@beckustator\" \/>\n<meta name=\"twitter:label1\" content=\"Dur\u00e9e de lecture estim\u00e9e\" \/>\n\t<meta name=\"twitter:data1\" content=\"1 minute\" \/>\n<script type=\"application\/ld+json\" class=\"yoast-schema-graph\">{\"@context\":\"https:\/\/schema.org\",\"@graph\":[{\"@type\":\"WebPage\",\"@id\":\"https:\/\/www.yvesbeck.wine\/fr\/produkt\/abonnement-annuel-business\/\",\"url\":\"https:\/\/www.yvesbeck.wine\/fr\/produkt\/abonnement-annuel-business\/\",\"name\":\"Abonnement Business (UE) - Yves Beck\",\"isPartOf\":{\"@id\":\"https:\/\/www.yvesbeck.wine\/#website\"},\"primaryImageOfPage\":{\"@id\":\"https:\/\/www.yvesbeck.wine\/fr\/produkt\/abonnement-annuel-business\/#primaryimage\"},\"image\":{\"@id\":\"https:\/\/www.yvesbeck.wine\/fr\/produkt\/abonnement-annuel-business\/#primaryimage\"},\"thumbnailUrl\":\"https:\/\/www.yvesbeck.wine\/wp-content\/uploads\/2016\/07\/Home_flip.jpg\",\"datePublished\":\"2025-02-28T10:28:16+00:00\",\"dateModified\":\"2025-07-30T12:55:37+00:00\",\"breadcrumb\":{\"@id\":\"https:\/\/www.yvesbeck.wine\/fr\/produkt\/abonnement-annuel-business\/#breadcrumb\"},\"inLanguage\":\"fr-FR\",\"potentialAction\":[{\"@type\":\"ReadAction\",\"target\":[\"https:\/\/www.yvesbeck.wine\/fr\/produkt\/abonnement-annuel-business\/\"]}]},{\"@type\":\"ImageObject\",\"inLanguage\":\"fr-FR\",\"@id\":\"https:\/\/www.yvesbeck.wine\/fr\/produkt\/abonnement-annuel-business\/#primaryimage\",\"url\":\"https:\/\/www.yvesbeck.wine\/wp-content\/uploads\/2016\/07\/Home_flip.jpg\",\"contentUrl\":\"https:\/\/www.yvesbeck.wine\/wp-content\/uploads\/2016\/07\/Home_flip.jpg\",\"width\":1920,\"height\":1200,\"caption\":\"Abonnement yvesbeck.wine\"},{\"@type\":\"BreadcrumbList\",\"@id\":\"https:\/\/www.yvesbeck.wine\/fr\/produkt\/abonnement-annuel-business\/#breadcrumb\",\"itemListElement\":[{\"@type\":\"ListItem\",\"position\":1,\"name\":\"Startseite\",\"item\":\"https:\/\/www.yvesbeck.wine\/fr\/\"},{\"@type\":\"ListItem\",\"position\":2,\"name\":\"Boutique\",\"item\":\"https:\/\/www.yvesbeck.wine\/fr\/boutique\/\"},{\"@type\":\"ListItem\",\"position\":3,\"name\":\"Abonnement Business (UE)\"}]},{\"@type\":\"WebSite\",\"@id\":\"https:\/\/www.yvesbeck.wine\/#website\",\"url\":\"https:\/\/www.yvesbeck.wine\/\",\"name\":\"Yves Beck\",\"description\":\"Beckustator\",\"publisher\":{\"@id\":\"https:\/\/www.yvesbeck.wine\/#organization\"},\"potentialAction\":[{\"@type\":\"SearchAction\",\"target\":{\"@type\":\"EntryPoint\",\"urlTemplate\":\"https:\/\/www.yvesbeck.wine\/?s={search_term_string}\"},\"query-input\":{\"@type\":\"PropertyValueSpecification\",\"valueRequired\":true,\"valueName\":\"search_term_string\"}}],\"inLanguage\":\"fr-FR\"},{\"@type\":\"Organization\",\"@id\":\"https:\/\/www.yvesbeck.wine\/#organization\",\"name\":\"yvesbeck.wine\",\"url\":\"https:\/\/www.yvesbeck.wine\/\",\"logo\":{\"@type\":\"ImageObject\",\"inLanguage\":\"fr-FR\",\"@id\":\"https:\/\/www.yvesbeck.wine\/#\/schema\/logo\/image\/\",\"url\":\"https:\/\/www.yvesbeck.wine\/wp-content\/uploads\/frontend\/2016\/07\/20160722-Logo-Sidebar.png\",\"contentUrl\":\"https:\/\/www.yvesbeck.wine\/wp-content\/uploads\/frontend\/2016\/07\/20160722-Logo-Sidebar.png\",\"width\":376,\"height\":200,\"caption\":\"yvesbeck.wine\"},\"image\":{\"@id\":\"https:\/\/www.yvesbeck.wine\/#\/schema\/logo\/image\/\"},\"sameAs\":[\"https:\/\/www.facebook.com\/beckustator\",\"https:\/\/x.com\/beckustator\",\"https:\/\/www.instagram.com\/beckustator\",\"https:\/\/www.linkedin.com\/in\/yvesbeck\/\"]}]}<\/script>\n<!-- \/ Yoast SEO plugin. -->","yoast_head_json":{"title":"Abonnement Business (UE) - Yves Beck","robots":{"index":"index","follow":"follow","max-snippet":"max-snippet:-1","max-image-preview":"max-image-preview:large","max-video-preview":"max-video-preview:-1"},"canonical":"https:\/\/www.yvesbeck.wine\/fr\/produkt\/abonnement-annuel-business\/","og_locale":"fr_FR","og_type":"article","og_title":"Abonnement Business (UE) - Yves Beck","og_description":"Une ann\u00e9e d'abonnement Business chez yvesbeck.wine destin\u00e9e aux propri\u00e9t\u00e9s de plusieurs entit\u00e9s (max. 3 entit\u00e9s) et\/ou domaines vinicoles avec jusqu'\u00e0 9 vins diff\u00e9rents au total. Cet abonnement est destin\u00e9 aux entreprises sises dans l'Union Europ\u00e9enne.  L'offre s'adresse \u00e9galement aux laboratoires \u0153nologiques et n\u00e9gociants.  L'abonnement Business comprend :   Droits d'utilisation et de publication des notes de d\u00e9gustations pendant toute la dur\u00e9e de l'abonnement (ces droits ne sont pas transmissibles \u00e0 des tiers*)  Acc\u00e8s \u00e0 la base de donn\u00e9es des vins d\u00e9gust\u00e9s (actuellement notes de d\u00e9gustation en ligne)  Newsletter r\u00e9guli\u00e8re  3 magazines \"yvesbeck.vin\" (\u00e9ditions digitales)  renouvellement automatique de l'abonnement \u00e0 l'\u00e9ch\u00e9ance  Il est possible de cr\u00e9er plusieurs compte utilisateurs. Pour cela veuillez nous contacter ici  * le d\u00e9tenteur d'un abonnement peut transmettre les publications de yvesbeck.wine \u00e0 des tiers, n\u00e9anmoins ces tiers n'acqui\u00e8rent pas les droits d'utilisation et de publication. Si des tiers souhaitent acqu\u00e9rir ces droits, ils sont \u00e9galement tenus d'acqu\u00e9rir un abonnement Pro ou Business","og_url":"https:\/\/www.yvesbeck.wine\/fr\/produkt\/abonnement-annuel-business\/","og_site_name":"Yves Beck","article_publisher":"https:\/\/www.facebook.com\/beckustator","article_modified_time":"2025-07-30T12:55:37+00:00","og_image":[{"width":1920,"height":1200,"url":"https:\/\/www.yvesbeck.wine\/wp-content\/uploads\/2016\/07\/Home_flip.jpg","type":"image\/jpeg"}],"twitter_card":"summary_large_image","twitter_site":"@beckustator","twitter_misc":{"Dur\u00e9e de lecture estim\u00e9e":"1 minute"},"schema":{"@context":"https:\/\/schema.org","@graph":[{"@type":"WebPage","@id":"https:\/\/www.yvesbeck.wine\/fr\/produkt\/abonnement-annuel-business\/","url":"https:\/\/www.yvesbeck.wine\/fr\/produkt\/abonnement-annuel-business\/","name":"Abonnement Business (UE) - Yves Beck","isPartOf":{"@id":"https:\/\/www.yvesbeck.wine\/#website"},"primaryImageOfPage":{"@id":"https:\/\/www.yvesbeck.wine\/fr\/produkt\/abonnement-annuel-business\/#primaryimage"},"image":{"@id":"https:\/\/www.yvesbeck.wine\/fr\/produkt\/abonnement-annuel-business\/#primaryimage"},"thumbnailUrl":"https:\/\/www.yvesbeck.wine\/wp-content\/uploads\/2016\/07\/Home_flip.jpg","datePublished":"2025-02-28T10:28:16+00:00","dateModified":"2025-07-30T12:55:37+00:00","breadcrumb":{"@id":"https:\/\/www.yvesbeck.wine\/fr\/produkt\/abonnement-annuel-business\/#breadcrumb"},"inLanguage":"fr-FR","potentialAction":[{"@type":"ReadAction","target":["https:\/\/www.yvesbeck.wine\/fr\/produkt\/abonnement-annuel-business\/"]}]},{"@type":"ImageObject","inLanguage":"fr-FR","@id":"https:\/\/www.yvesbeck.wine\/fr\/produkt\/abonnement-annuel-business\/#primaryimage","url":"https:\/\/www.yvesbeck.wine\/wp-content\/uploads\/2016\/07\/Home_flip.jpg","contentUrl":"https:\/\/www.yvesbeck.wine\/wp-content\/uploads\/2016\/07\/Home_flip.jpg","width":1920,"height":1200,"caption":"Abonnement yvesbeck.wine"},{"@type":"BreadcrumbList","@id":"https:\/\/www.yvesbeck.wine\/fr\/produkt\/abonnement-annuel-business\/#breadcrumb","itemListElement":[{"@type":"ListItem","position":1,"name":"Startseite","item":"https:\/\/www.yvesbeck.wine\/fr\/"},{"@type":"ListItem","position":2,"name":"Boutique","item":"https:\/\/www.yvesbeck.wine\/fr\/boutique\/"},{"@type":"ListItem","position":3,"name":"Abonnement Business (UE)"}]},{"@type":"WebSite","@id":"https:\/\/www.yvesbeck.wine\/#website","url":"https:\/\/www.yvesbeck.wine\/","name":"Yves Beck","description":"Beckustator","publisher":{"@id":"https:\/\/www.yvesbeck.wine\/#organization"},"potentialAction":[{"@type":"SearchAction","target":{"@type":"EntryPoint","urlTemplate":"https:\/\/www.yvesbeck.wine\/?s={search_term_string}"},"query-input":{"@type":"PropertyValueSpecification","valueRequired":true,"valueName":"search_term_string"}}],"inLanguage":"fr-FR"},{"@type":"Organization","@id":"https:\/\/www.yvesbeck.wine\/#organization","name":"yvesbeck.wine","url":"https:\/\/www.yvesbeck.wine\/","logo":{"@type":"ImageObject","inLanguage":"fr-FR","@id":"https:\/\/www.yvesbeck.wine\/#\/schema\/logo\/image\/","url":"https:\/\/www.yvesbeck.wine\/wp-content\/uploads\/frontend\/2016\/07\/20160722-Logo-Sidebar.png","contentUrl":"https:\/\/www.yvesbeck.wine\/wp-content\/uploads\/frontend\/2016\/07\/20160722-Logo-Sidebar.png","width":376,"height":200,"caption":"yvesbeck.wine"},"image":{"@id":"https:\/\/www.yvesbeck.wine\/#\/schema\/logo\/image\/"},"sameAs":["https:\/\/www.facebook.com\/beckustator","https:\/\/x.com\/beckustator","https:\/\/www.instagram.com\/beckustator","https:\/\/www.linkedin.com\/in\/yvesbeck\/"]}]}},"_links":{"self":[{"href":"https:\/\/www.yvesbeck.wine\/fr\/wp-json\/wp\/v2\/product\/17904","targetHints":{"allow":["GET"]}}],"collection":[{"href":"https:\/\/www.yvesbeck.wine\/fr\/wp-json\/wp\/v2\/product"}],"about":[{"href":"https:\/\/www.yvesbeck.wine\/fr\/wp-json\/wp\/v2\/types\/product"}],"wp:featuredmedia":[{"embeddable":true,"href":"https:\/\/www.yvesbeck.wine\/fr\/wp-json\/wp\/v2\/media\/162189"}],"wp:attachment":[{"href":"https:\/\/www.yvesbeck.wine\/fr\/wp-json\/wp\/v2\/media?parent=17904"}],"wp:term":[{"taxonomy":"product_brand","embeddable":true,"href":"https:\/\/www.yvesbeck.wine\/fr\/wp-json\/wp\/v2\/product_brand?post=17904"},{"taxonomy":"product_cat","embeddable":true,"href":"https:\/\/www.yvesbeck.wine\/fr\/wp-json\/wp\/v2\/product_cat?post=17904"},{"taxonomy":"product_tag","embeddable":true,"href":"https:\/\/www.yvesbeck.wine\/fr\/wp-json\/wp\/v2\/product_tag?post=17904"}],"curies":[{"name":"wp","href":"https:\/\/api.w.org\/{rel}","templated":true}]}}