{"id":54892,"date":"2019-10-15T16:02:58","date_gmt":"2019-10-15T15:02:58","guid":{"rendered":"https:\/\/www.yvesbeck.wine\/?page_id=54892"},"modified":"2025-03-15T13:17:45","modified_gmt":"2025-03-15T12:17:45","slug":"mot-de-passe-oublie","status":"publish","type":"page","link":"https:\/\/www.yvesbeck.wine\/fr\/mot-de-passe-oublie\/","title":{"rendered":"R\u00e9initialiser le mot de passe"},"content":{"rendered":"\n  <!-- Login Form - Start -->\n  <div class=\"ihc-pass-form-wrap ihc-login-template-4\">\n      <form method=\"post\" id=\"\">\n          <input type=\"hidden\" name=\"ihcaction\" value=\"reset_pass\" \/>\n          <input type=\"hidden\" name=\"ihc_lost_password_nonce\" value=\"62d2a16db2\" \/>\n\n          \n          \n          \n                        <div class=\"impu-form-line-fr\">\n                 <i class=\"fa-ihc fa-username-ihc\"><\/i><input type=\"text\" value=\"\" name=\"email_or_userlogin\" placeholder=\"Username or E-mail\" \/>\n              <\/div>\n          \n          <!-- Remember me checkbox -->\n                    <!-- End of remember me --->\n\n          <!-- captcha -->\n                    <!-- end of captcha -->\n\n          <!-- Submit bttn -->\n                        <div class=\"impu-form-submit\">\n                  <input type=\"submit\" value=\"Obtenir un nouveau mot de passe\" name=\"Submit\"  class=\"button button-primary button-large\"\/>\n              <\/div>\n                    <!-- End of Submit bttn -->\n\n          <!-- Social -->\n                    <!-- End of Social -->\n\n          <!-- Additional links -->\n                    <!-- End of Aditional links -->\n\n      <\/form>\n  <\/div>\n\n  \n  <span class='ihc-js-login-data'\tdata-user_field='#iump_login_username' data-password_field='#iump_login_password' data-error_message='' ><\/span>\n  <!-- End of Login Form -->\n\n\n","protected":false},"excerpt":{"rendered":"","protected":false},"author":14,"featured_media":0,"parent":0,"menu_order":0,"comment_status":"closed","ping_status":"closed","template":"","meta":{"_acf_changed":false,"_et_pb_use_builder":"","_et_pb_old_content":"","_et_gb_content_width":"","footnotes":""},"class_list":["post-54892","page","type-page","status-publish","hentry"],"acf":[],"yoast_head":"<!-- This site is optimized with the Yoast SEO plugin v26.9 - https:\/\/yoast.com\/product\/yoast-seo-wordpress\/ -->\n<title>R\u00e9initialiser le mot de passe - Yves Beck<\/title>\n<meta name=\"description\" content=\"Vous avez oubli\u00e9 votre mot de passe pour acc\u00e9der \u00e0 yvesbeck.wine ? Vous pouvez le r\u00e9initialiser ici !\" \/>\n<meta name=\"robots\" content=\"index, follow, max-snippet:-1, max-image-preview:large, max-video-preview:-1\" \/>\n<link rel=\"canonical\" href=\"https:\/\/www.yvesbeck.wine\/passwort-zuruecksetzen\/\" \/>\n<meta property=\"og:locale\" content=\"fr_FR\" \/>\n<meta property=\"og:type\" content=\"article\" \/>\n<meta property=\"og:title\" content=\"R\u00e9initialiser le mot de passe - Yves Beck\" \/>\n<meta property=\"og:description\" content=\"Vous avez oubli\u00e9 votre mot de passe pour acc\u00e9der \u00e0 yvesbeck.wine ? Vous pouvez le r\u00e9initialiser ici !\" \/>\n<meta property=\"og:url\" content=\"https:\/\/www.yvesbeck.wine\/passwort-zuruecksetzen\/\" \/>\n<meta property=\"og:site_name\" content=\"Yves Beck\" \/>\n<meta property=\"article:publisher\" content=\"https:\/\/www.facebook.com\/beckustator\" \/>\n<meta property=\"article:modified_time\" content=\"2025-03-15T12:17:45+00:00\" \/>\n<meta property=\"og:image\" content=\"https:\/\/www.yvesbeck.wine\/wp-content\/uploads\/2019\/05\/Primeurs-2018-logo-yvesbeck.jpg\" \/>\n\t<meta property=\"og:image:width\" content=\"1158\" \/>\n\t<meta property=\"og:image:height\" content=\"384\" \/>\n\t<meta property=\"og:image:type\" content=\"image\/jpeg\" \/>\n<meta name=\"twitter:card\" content=\"summary_large_image\" \/>\n<meta name=\"twitter:site\" content=\"@beckustator\" \/>\n<script type=\"application\/ld+json\" class=\"yoast-schema-graph\">{\"@context\":\"https:\/\/schema.org\",\"@graph\":[{\"@type\":\"WebPage\",\"@id\":\"https:\/\/www.yvesbeck.wine\/passwort-zuruecksetzen\/\",\"url\":\"https:\/\/www.yvesbeck.wine\/passwort-zuruecksetzen\/\",\"name\":\"R\u00e9initialiser le mot de passe - Yves Beck\",\"isPartOf\":{\"@id\":\"https:\/\/www.yvesbeck.wine\/#website\"},\"datePublished\":\"2019-10-15T15:02:58+00:00\",\"dateModified\":\"2025-03-15T12:17:45+00:00\",\"description\":\"Vous avez oubli\u00e9 votre mot de passe pour acc\u00e9der \u00e0 yvesbeck.wine ? Vous pouvez le r\u00e9initialiser ici !\",\"breadcrumb\":{\"@id\":\"https:\/\/www.yvesbeck.wine\/passwort-zuruecksetzen\/#breadcrumb\"},\"inLanguage\":\"fr-FR\",\"potentialAction\":[{\"@type\":\"ReadAction\",\"target\":[\"https:\/\/www.yvesbeck.wine\/passwort-zuruecksetzen\/\"]}]},{\"@type\":\"BreadcrumbList\",\"@id\":\"https:\/\/www.yvesbeck.wine\/passwort-zuruecksetzen\/#breadcrumb\",\"itemListElement\":[{\"@type\":\"ListItem\",\"position\":1,\"name\":\"Startseite\",\"item\":\"https:\/\/www.yvesbeck.wine\/fr\/\"},{\"@type\":\"ListItem\",\"position\":2,\"name\":\"R\u00e9initialiser le mot de passe\"}]},{\"@type\":\"WebSite\",\"@id\":\"https:\/\/www.yvesbeck.wine\/#website\",\"url\":\"https:\/\/www.yvesbeck.wine\/\",\"name\":\"Yves Beck\",\"description\":\"Beckustator\",\"publisher\":{\"@id\":\"https:\/\/www.yvesbeck.wine\/#organization\"},\"potentialAction\":[{\"@type\":\"SearchAction\",\"target\":{\"@type\":\"EntryPoint\",\"urlTemplate\":\"https:\/\/www.yvesbeck.wine\/?s={search_term_string}\"},\"query-input\":{\"@type\":\"PropertyValueSpecification\",\"valueRequired\":true,\"valueName\":\"search_term_string\"}}],\"inLanguage\":\"fr-FR\"},{\"@type\":\"Organization\",\"@id\":\"https:\/\/www.yvesbeck.wine\/#organization\",\"name\":\"yvesbeck.wine\",\"url\":\"https:\/\/www.yvesbeck.wine\/\",\"logo\":{\"@type\":\"ImageObject\",\"inLanguage\":\"fr-FR\",\"@id\":\"https:\/\/www.yvesbeck.wine\/#\/schema\/logo\/image\/\",\"url\":\"https:\/\/www.yvesbeck.wine\/wp-content\/uploads\/frontend\/2016\/07\/20160722-Logo-Sidebar.png\",\"contentUrl\":\"https:\/\/www.yvesbeck.wine\/wp-content\/uploads\/frontend\/2016\/07\/20160722-Logo-Sidebar.png\",\"width\":376,\"height\":200,\"caption\":\"yvesbeck.wine\"},\"image\":{\"@id\":\"https:\/\/www.yvesbeck.wine\/#\/schema\/logo\/image\/\"},\"sameAs\":[\"https:\/\/www.facebook.com\/beckustator\",\"https:\/\/x.com\/beckustator\",\"https:\/\/www.instagram.com\/beckustator\",\"https:\/\/www.linkedin.com\/in\/yvesbeck\/\"]}]}<\/script>\n<!-- \/ Yoast SEO plugin. -->","yoast_head_json":{"title":"R\u00e9initialiser le mot de passe - Yves Beck","description":"Vous avez oubli\u00e9 votre mot de passe pour acc\u00e9der \u00e0 yvesbeck.wine ? Vous pouvez le r\u00e9initialiser ici !","robots":{"index":"index","follow":"follow","max-snippet":"max-snippet:-1","max-image-preview":"max-image-preview:large","max-video-preview":"max-video-preview:-1"},"canonical":"https:\/\/www.yvesbeck.wine\/passwort-zuruecksetzen\/","og_locale":"fr_FR","og_type":"article","og_title":"R\u00e9initialiser le mot de passe - Yves Beck","og_description":"Vous avez oubli\u00e9 votre mot de passe pour acc\u00e9der \u00e0 yvesbeck.wine ? Vous pouvez le r\u00e9initialiser ici !","og_url":"https:\/\/www.yvesbeck.wine\/passwort-zuruecksetzen\/","og_site_name":"Yves Beck","article_publisher":"https:\/\/www.facebook.com\/beckustator","article_modified_time":"2025-03-15T12:17:45+00:00","og_image":[{"width":1158,"height":384,"url":"https:\/\/www.yvesbeck.wine\/wp-content\/uploads\/2019\/05\/Primeurs-2018-logo-yvesbeck.jpg","type":"image\/jpeg"}],"twitter_card":"summary_large_image","twitter_site":"@beckustator","schema":{"@context":"https:\/\/schema.org","@graph":[{"@type":"WebPage","@id":"https:\/\/www.yvesbeck.wine\/passwort-zuruecksetzen\/","url":"https:\/\/www.yvesbeck.wine\/passwort-zuruecksetzen\/","name":"R\u00e9initialiser le mot de passe - Yves Beck","isPartOf":{"@id":"https:\/\/www.yvesbeck.wine\/#website"},"datePublished":"2019-10-15T15:02:58+00:00","dateModified":"2025-03-15T12:17:45+00:00","description":"Vous avez oubli\u00e9 votre mot de passe pour acc\u00e9der \u00e0 yvesbeck.wine ? Vous pouvez le r\u00e9initialiser ici !","breadcrumb":{"@id":"https:\/\/www.yvesbeck.wine\/passwort-zuruecksetzen\/#breadcrumb"},"inLanguage":"fr-FR","potentialAction":[{"@type":"ReadAction","target":["https:\/\/www.yvesbeck.wine\/passwort-zuruecksetzen\/"]}]},{"@type":"BreadcrumbList","@id":"https:\/\/www.yvesbeck.wine\/passwort-zuruecksetzen\/#breadcrumb","itemListElement":[{"@type":"ListItem","position":1,"name":"Startseite","item":"https:\/\/www.yvesbeck.wine\/fr\/"},{"@type":"ListItem","position":2,"name":"R\u00e9initialiser le mot de passe"}]},{"@type":"WebSite","@id":"https:\/\/www.yvesbeck.wine\/#website","url":"https:\/\/www.yvesbeck.wine\/","name":"Yves Beck","description":"Beckustator","publisher":{"@id":"https:\/\/www.yvesbeck.wine\/#organization"},"potentialAction":[{"@type":"SearchAction","target":{"@type":"EntryPoint","urlTemplate":"https:\/\/www.yvesbeck.wine\/?s={search_term_string}"},"query-input":{"@type":"PropertyValueSpecification","valueRequired":true,"valueName":"search_term_string"}}],"inLanguage":"fr-FR"},{"@type":"Organization","@id":"https:\/\/www.yvesbeck.wine\/#organization","name":"yvesbeck.wine","url":"https:\/\/www.yvesbeck.wine\/","logo":{"@type":"ImageObject","inLanguage":"fr-FR","@id":"https:\/\/www.yvesbeck.wine\/#\/schema\/logo\/image\/","url":"https:\/\/www.yvesbeck.wine\/wp-content\/uploads\/frontend\/2016\/07\/20160722-Logo-Sidebar.png","contentUrl":"https:\/\/www.yvesbeck.wine\/wp-content\/uploads\/frontend\/2016\/07\/20160722-Logo-Sidebar.png","width":376,"height":200,"caption":"yvesbeck.wine"},"image":{"@id":"https:\/\/www.yvesbeck.wine\/#\/schema\/logo\/image\/"},"sameAs":["https:\/\/www.facebook.com\/beckustator","https:\/\/x.com\/beckustator","https:\/\/www.instagram.com\/beckustator","https:\/\/www.linkedin.com\/in\/yvesbeck\/"]}]}},"_links":{"self":[{"href":"https:\/\/www.yvesbeck.wine\/fr\/wp-json\/wp\/v2\/pages\/54892","targetHints":{"allow":["GET"]}}],"collection":[{"href":"https:\/\/www.yvesbeck.wine\/fr\/wp-json\/wp\/v2\/pages"}],"about":[{"href":"https:\/\/www.yvesbeck.wine\/fr\/wp-json\/wp\/v2\/types\/page"}],"author":[{"embeddable":true,"href":"https:\/\/www.yvesbeck.wine\/fr\/wp-json\/wp\/v2\/users\/14"}],"replies":[{"embeddable":true,"href":"https:\/\/www.yvesbeck.wine\/fr\/wp-json\/wp\/v2\/comments?post=54892"}],"version-history":[{"count":1,"href":"https:\/\/www.yvesbeck.wine\/fr\/wp-json\/wp\/v2\/pages\/54892\/revisions"}],"predecessor-version":[{"id":164467,"href":"https:\/\/www.yvesbeck.wine\/fr\/wp-json\/wp\/v2\/pages\/54892\/revisions\/164467"}],"wp:attachment":[{"href":"https:\/\/www.yvesbeck.wine\/fr\/wp-json\/wp\/v2\/media?parent=54892"}],"curies":[{"name":"wp","href":"https:\/\/api.w.org\/{rel}","templated":true}]}}