{"id":34256,"date":"2018-08-12T11:52:37","date_gmt":"2018-08-12T10:52:37","guid":{"rendered":"https:\/\/www.yvesbeck.wine\/?page_id=34256"},"modified":"2025-08-07T11:13:17","modified_gmt":"2025-08-07T10:13:17","slug":"clause-de-non-responsabilite","status":"publish","type":"page","link":"https:\/\/www.yvesbeck.wine\/fr\/clause-de-non-responsabilite\/","title":{"rendered":"Clause de non-responsabilit\u00e9"},"content":{"rendered":"<h3>1. Limitation de la responsabilit\u00e9 pour les contenus internes<\/h3>\n<p>Le contenu de notre site Web a \u00e9t\u00e9 \u00e9labor\u00e9 avec le plus grand soin et au meilleur de nos connaissances. Toutefois, nous ne pouvons assumer aucune responsabilit\u00e9 quant \u00e0 l&rsquo;actualit\u00e9, l&rsquo;exhaustivit\u00e9 ou l&rsquo;exactitude des pages. Nous, en tant que prestataires de services, sommes responsables de notre propre contenu sur ces pages conform\u00e9ment aux lois g\u00e9n\u00e9rales. Toutefois, nous ne sommes pas tenus, en tant que fournisseurs de services, de surveiller les informations externes fournies ou stock\u00e9es sur notre site Web. D\u00e8s que nous avons connaissance d&rsquo;une infraction sp\u00e9cifique \u00e0 la loi helv\u00e9tique, nous supprimerons imm\u00e9diatement le contenu en question. Toute responsabilit\u00e9 \u00e0 ce sujet ne peut \u00eatre assum\u00e9e qu&rsquo;\u00e0 partir du moment o\u00f9 l&rsquo;infraction nous est connue.<\/p>\n<h3>2. Limitation de responsabilit\u00e9 pour les liens externes<\/h3>\n<p>Notre site Web contient des liens vers les sites Web de tiers (\u00ab\u00a0liens externes\u00a0\u00bb). Comme le contenu de ces sites Web n&rsquo;est pas sous notre contr\u00f4le, nous ne pouvons assumer aucune responsabilit\u00e9 pour un tel contenu externe. Dans tous les cas, le fournisseur d&rsquo;informations des sites Web li\u00e9s est responsable du contenu et de l&rsquo;exactitude des informations fournies. Au moment o\u00f9 les liens ont \u00e9t\u00e9 plac\u00e9s, aucune infraction \u00e0 la loi ne nous \u00e9tait imputable. D\u00e8s que nous avons connaissance d&rsquo;une infraction \u00e0 la loi, nous supprimons imm\u00e9diatement le lien en question.<\/p>\n<h3>3. Droit d&rsquo;auteur<\/h3>\n<p>Le contenu et les \u0153uvres publi\u00e9es sur ce site Web sont r\u00e9gis par les lois suisses relatives au droit d&rsquo;auteur. Toute reproduction, traitement, distribution ou toute forme d&rsquo;utilisation d\u00e9passant le cadre du droit d&rsquo;auteur n\u00e9cessite l&rsquo;accord \u00e9crit pr\u00e9alable de l&rsquo;auteur ou des auteurs en question.<\/p>\n<h3>4. Protection des donn\u00e9es<\/h3>\n<p>Une visite sur notre site Web peut entra\u00eener le stockage sur notre serveur d&rsquo;informations sur l&rsquo;acc\u00e8s (date, heure, page consult\u00e9e). Il ne s&rsquo;agit pas d&rsquo;une analyse de donn\u00e9es personnelles (p. ex. nom, adresse ou adresse \u00e9lectronique). Si des donn\u00e9es personnelles sont collect\u00e9es, cela ne se produit &#8211; dans la mesure du possible &#8211; qu&rsquo;avec le consentement pr\u00e9alable de l&rsquo;utilisateur du site Web. La transmission des donn\u00e9es \u00e0 des tiers sans le consentement expr\u00e8s de l&rsquo;utilisateur n&rsquo;a pas lieu. Nous attirons express\u00e9ment l&rsquo;attention sur le fait que la transmission de donn\u00e9es via Internet (par ex. par e-mail) peut pr\u00e9senter des failles de s\u00e9curit\u00e9. Il est donc impossible de prot\u00e9ger compl\u00e8tement les donn\u00e9es contre l&rsquo;acc\u00e8s par des tiers. Nous ne pouvons assumer aucune responsabilit\u00e9 pour les dommages r\u00e9sultant de telles vuln\u00e9rabilit\u00e9s de s\u00e9curit\u00e9. L&rsquo;utilisation par des tiers de toutes les coordonn\u00e9es publi\u00e9es \u00e0 des fins publicitaires est express\u00e9ment exclue. Nous nous r\u00e9servons le droit de prendre des mesures juridiques en cas d&rsquo;envoi non sollicit\u00e9 d&rsquo;informations publicitaires, par exemple par le biais de spams.<\/p>\n","protected":false},"excerpt":{"rendered":"<p>1. Limitation de la responsabilit\u00e9 pour les contenus internes Le contenu de notre site Web a \u00e9t\u00e9 \u00e9labor\u00e9 avec le plus grand soin et au meilleur de nos connaissances. Toutefois, nous ne pouvons assumer aucune responsabilit\u00e9 quant \u00e0 l&rsquo;actualit\u00e9, l&rsquo;exhaustivit\u00e9 ou l&rsquo;exactitude des pages. Nous, en tant que prestataires de services, sommes responsables de notre [&hellip;]<\/p>\n","protected":false},"author":13,"featured_media":0,"parent":0,"menu_order":0,"comment_status":"closed","ping_status":"closed","template":"","meta":{"_acf_changed":false,"_et_pb_use_builder":"","_et_pb_old_content":"","_et_gb_content_width":"1920","footnotes":""},"class_list":["post-34256","page","type-page","status-publish","hentry"],"acf":[],"yoast_head":"<!-- This site is optimized with the Yoast SEO plugin v26.9 - https:\/\/yoast.com\/product\/yoast-seo-wordpress\/ -->\n<title>Clause de non-responsabilit\u00e9 - Yves Beck<\/title>\n<meta name=\"robots\" content=\"index, follow, max-snippet:-1, max-image-preview:large, max-video-preview:-1\" \/>\n<link rel=\"canonical\" href=\"https:\/\/www.yvesbeck.wine\/haftungsausschluss\/\" \/>\n<meta property=\"og:locale\" content=\"fr_FR\" \/>\n<meta property=\"og:type\" content=\"article\" \/>\n<meta property=\"og:title\" content=\"Clause de non-responsabilit\u00e9 - Yves Beck\" \/>\n<meta property=\"og:description\" content=\"1. Limitation de la responsabilit\u00e9 pour les contenus internes Le contenu de notre site Web a \u00e9t\u00e9 \u00e9labor\u00e9 avec le plus grand soin et au meilleur de nos connaissances. Toutefois, nous ne pouvons assumer aucune responsabilit\u00e9 quant \u00e0 l&rsquo;actualit\u00e9, l&rsquo;exhaustivit\u00e9 ou l&rsquo;exactitude des pages. Nous, en tant que prestataires de services, sommes responsables de notre [&hellip;]\" \/>\n<meta property=\"og:url\" content=\"https:\/\/www.yvesbeck.wine\/haftungsausschluss\/\" \/>\n<meta property=\"og:site_name\" content=\"Yves Beck\" \/>\n<meta property=\"article:publisher\" content=\"https:\/\/www.facebook.com\/beckustator\" \/>\n<meta property=\"article:modified_time\" content=\"2025-08-07T10:13:17+00:00\" \/>\n<meta property=\"og:image\" content=\"https:\/\/www.yvesbeck.wine\/wp-content\/uploads\/2019\/05\/Primeurs-2018-logo-yvesbeck.jpg\" \/>\n\t<meta property=\"og:image:width\" content=\"1158\" \/>\n\t<meta property=\"og:image:height\" content=\"384\" \/>\n\t<meta property=\"og:image:type\" content=\"image\/jpeg\" \/>\n<meta name=\"twitter:card\" content=\"summary_large_image\" \/>\n<meta name=\"twitter:site\" content=\"@beckustator\" \/>\n<meta name=\"twitter:label1\" content=\"Dur\u00e9e de lecture estim\u00e9e\" \/>\n\t<meta name=\"twitter:data1\" content=\"3 minutes\" \/>\n<script type=\"application\/ld+json\" class=\"yoast-schema-graph\">{\"@context\":\"https:\/\/schema.org\",\"@graph\":[{\"@type\":\"WebPage\",\"@id\":\"https:\/\/www.yvesbeck.wine\/haftungsausschluss\/\",\"url\":\"https:\/\/www.yvesbeck.wine\/haftungsausschluss\/\",\"name\":\"Clause de non-responsabilit\u00e9 - Yves Beck\",\"isPartOf\":{\"@id\":\"https:\/\/www.yvesbeck.wine\/#website\"},\"datePublished\":\"2018-08-12T10:52:37+00:00\",\"dateModified\":\"2025-08-07T10:13:17+00:00\",\"breadcrumb\":{\"@id\":\"https:\/\/www.yvesbeck.wine\/haftungsausschluss\/#breadcrumb\"},\"inLanguage\":\"fr-FR\",\"potentialAction\":[{\"@type\":\"ReadAction\",\"target\":[\"https:\/\/www.yvesbeck.wine\/haftungsausschluss\/\"]}]},{\"@type\":\"BreadcrumbList\",\"@id\":\"https:\/\/www.yvesbeck.wine\/haftungsausschluss\/#breadcrumb\",\"itemListElement\":[{\"@type\":\"ListItem\",\"position\":1,\"name\":\"Startseite\",\"item\":\"https:\/\/www.yvesbeck.wine\/fr\/\"},{\"@type\":\"ListItem\",\"position\":2,\"name\":\"Clause de non-responsabilit\u00e9\"}]},{\"@type\":\"WebSite\",\"@id\":\"https:\/\/www.yvesbeck.wine\/#website\",\"url\":\"https:\/\/www.yvesbeck.wine\/\",\"name\":\"Yves Beck\",\"description\":\"Beckustator\",\"publisher\":{\"@id\":\"https:\/\/www.yvesbeck.wine\/#organization\"},\"potentialAction\":[{\"@type\":\"SearchAction\",\"target\":{\"@type\":\"EntryPoint\",\"urlTemplate\":\"https:\/\/www.yvesbeck.wine\/?s={search_term_string}\"},\"query-input\":{\"@type\":\"PropertyValueSpecification\",\"valueRequired\":true,\"valueName\":\"search_term_string\"}}],\"inLanguage\":\"fr-FR\"},{\"@type\":\"Organization\",\"@id\":\"https:\/\/www.yvesbeck.wine\/#organization\",\"name\":\"yvesbeck.wine\",\"url\":\"https:\/\/www.yvesbeck.wine\/\",\"logo\":{\"@type\":\"ImageObject\",\"inLanguage\":\"fr-FR\",\"@id\":\"https:\/\/www.yvesbeck.wine\/#\/schema\/logo\/image\/\",\"url\":\"https:\/\/www.yvesbeck.wine\/wp-content\/uploads\/frontend\/2016\/07\/20160722-Logo-Sidebar.png\",\"contentUrl\":\"https:\/\/www.yvesbeck.wine\/wp-content\/uploads\/frontend\/2016\/07\/20160722-Logo-Sidebar.png\",\"width\":376,\"height\":200,\"caption\":\"yvesbeck.wine\"},\"image\":{\"@id\":\"https:\/\/www.yvesbeck.wine\/#\/schema\/logo\/image\/\"},\"sameAs\":[\"https:\/\/www.facebook.com\/beckustator\",\"https:\/\/x.com\/beckustator\",\"https:\/\/www.instagram.com\/beckustator\",\"https:\/\/www.linkedin.com\/in\/yvesbeck\/\"]}]}<\/script>\n<!-- \/ Yoast SEO plugin. -->","yoast_head_json":{"title":"Clause de non-responsabilit\u00e9 - Yves Beck","robots":{"index":"index","follow":"follow","max-snippet":"max-snippet:-1","max-image-preview":"max-image-preview:large","max-video-preview":"max-video-preview:-1"},"canonical":"https:\/\/www.yvesbeck.wine\/haftungsausschluss\/","og_locale":"fr_FR","og_type":"article","og_title":"Clause de non-responsabilit\u00e9 - Yves Beck","og_description":"1. Limitation de la responsabilit\u00e9 pour les contenus internes Le contenu de notre site Web a \u00e9t\u00e9 \u00e9labor\u00e9 avec le plus grand soin et au meilleur de nos connaissances. Toutefois, nous ne pouvons assumer aucune responsabilit\u00e9 quant \u00e0 l&rsquo;actualit\u00e9, l&rsquo;exhaustivit\u00e9 ou l&rsquo;exactitude des pages. Nous, en tant que prestataires de services, sommes responsables de notre [&hellip;]","og_url":"https:\/\/www.yvesbeck.wine\/haftungsausschluss\/","og_site_name":"Yves Beck","article_publisher":"https:\/\/www.facebook.com\/beckustator","article_modified_time":"2025-08-07T10:13:17+00:00","og_image":[{"width":1158,"height":384,"url":"https:\/\/www.yvesbeck.wine\/wp-content\/uploads\/2019\/05\/Primeurs-2018-logo-yvesbeck.jpg","type":"image\/jpeg"}],"twitter_card":"summary_large_image","twitter_site":"@beckustator","twitter_misc":{"Dur\u00e9e de lecture estim\u00e9e":"3 minutes"},"schema":{"@context":"https:\/\/schema.org","@graph":[{"@type":"WebPage","@id":"https:\/\/www.yvesbeck.wine\/haftungsausschluss\/","url":"https:\/\/www.yvesbeck.wine\/haftungsausschluss\/","name":"Clause de non-responsabilit\u00e9 - Yves Beck","isPartOf":{"@id":"https:\/\/www.yvesbeck.wine\/#website"},"datePublished":"2018-08-12T10:52:37+00:00","dateModified":"2025-08-07T10:13:17+00:00","breadcrumb":{"@id":"https:\/\/www.yvesbeck.wine\/haftungsausschluss\/#breadcrumb"},"inLanguage":"fr-FR","potentialAction":[{"@type":"ReadAction","target":["https:\/\/www.yvesbeck.wine\/haftungsausschluss\/"]}]},{"@type":"BreadcrumbList","@id":"https:\/\/www.yvesbeck.wine\/haftungsausschluss\/#breadcrumb","itemListElement":[{"@type":"ListItem","position":1,"name":"Startseite","item":"https:\/\/www.yvesbeck.wine\/fr\/"},{"@type":"ListItem","position":2,"name":"Clause de non-responsabilit\u00e9"}]},{"@type":"WebSite","@id":"https:\/\/www.yvesbeck.wine\/#website","url":"https:\/\/www.yvesbeck.wine\/","name":"Yves Beck","description":"Beckustator","publisher":{"@id":"https:\/\/www.yvesbeck.wine\/#organization"},"potentialAction":[{"@type":"SearchAction","target":{"@type":"EntryPoint","urlTemplate":"https:\/\/www.yvesbeck.wine\/?s={search_term_string}"},"query-input":{"@type":"PropertyValueSpecification","valueRequired":true,"valueName":"search_term_string"}}],"inLanguage":"fr-FR"},{"@type":"Organization","@id":"https:\/\/www.yvesbeck.wine\/#organization","name":"yvesbeck.wine","url":"https:\/\/www.yvesbeck.wine\/","logo":{"@type":"ImageObject","inLanguage":"fr-FR","@id":"https:\/\/www.yvesbeck.wine\/#\/schema\/logo\/image\/","url":"https:\/\/www.yvesbeck.wine\/wp-content\/uploads\/frontend\/2016\/07\/20160722-Logo-Sidebar.png","contentUrl":"https:\/\/www.yvesbeck.wine\/wp-content\/uploads\/frontend\/2016\/07\/20160722-Logo-Sidebar.png","width":376,"height":200,"caption":"yvesbeck.wine"},"image":{"@id":"https:\/\/www.yvesbeck.wine\/#\/schema\/logo\/image\/"},"sameAs":["https:\/\/www.facebook.com\/beckustator","https:\/\/x.com\/beckustator","https:\/\/www.instagram.com\/beckustator","https:\/\/www.linkedin.com\/in\/yvesbeck\/"]}]}},"_links":{"self":[{"href":"https:\/\/www.yvesbeck.wine\/fr\/wp-json\/wp\/v2\/pages\/34256","targetHints":{"allow":["GET"]}}],"collection":[{"href":"https:\/\/www.yvesbeck.wine\/fr\/wp-json\/wp\/v2\/pages"}],"about":[{"href":"https:\/\/www.yvesbeck.wine\/fr\/wp-json\/wp\/v2\/types\/page"}],"author":[{"embeddable":true,"href":"https:\/\/www.yvesbeck.wine\/fr\/wp-json\/wp\/v2\/users\/13"}],"replies":[{"embeddable":true,"href":"https:\/\/www.yvesbeck.wine\/fr\/wp-json\/wp\/v2\/comments?post=34256"}],"version-history":[{"count":5,"href":"https:\/\/www.yvesbeck.wine\/fr\/wp-json\/wp\/v2\/pages\/34256\/revisions"}],"predecessor-version":[{"id":366209,"href":"https:\/\/www.yvesbeck.wine\/fr\/wp-json\/wp\/v2\/pages\/34256\/revisions\/366209"}],"wp:attachment":[{"href":"https:\/\/www.yvesbeck.wine\/fr\/wp-json\/wp\/v2\/media?parent=34256"}],"curies":[{"name":"wp","href":"https:\/\/api.w.org\/{rel}","templated":true}]}}