{"id":292855,"date":"2025-07-18T12:50:19","date_gmt":"2025-07-18T11:50:19","guid":{"rendered":"https:\/\/www.yvesbeck.wine\/notes-de-degustation-et-evaluations-detaillees-pour-les-viticulteurs-et-les-producteurs\/"},"modified":"2026-01-04T15:25:17","modified_gmt":"2026-01-04T14:25:17","slug":"notes-de-degustation-et-evaluations-detaillees-pour-les-viticulteurs-et-les-producteurs","status":"publish","type":"page","link":"https:\/\/www.yvesbeck.wine\/fr\/notes-de-degustation-et-evaluations-detaillees-pour-les-viticulteurs-et-les-producteurs\/","title":{"rendered":"Notes de d\u00e9gustation et \u00e9valuations d\u00e9taill\u00e9es pour les viticulteurs et les producteurs"},"content":{"rendered":"<p style=\"text-align: center;\">Choisissez l&rsquo;offre qui vous convient dans la liste de comparaison :<\/p>\n<p>Un an d&rsquo;adh\u00e9sion sur yvesbeck.wine pour les <strong>exploitations viticoles<\/strong>.<\/p>\n<p>L&rsquo;adh\u00e9sion annuelle PRO comprend :<\/p>\n<ul>\n<li>Newsletter mensuelle<\/li>\n<li>4 magazines par an\n<ul>\n<li>2x Bordeaux<\/li>\n<li>1x Allemagne<\/li>\n<li>1x Suisse<\/li>\n<\/ul>\n<\/li>\n<li>Acc\u00e8s illimit\u00e9 \u00e0 la base de donn\u00e9es des vins (38441 notes de d\u00e9gustation)<\/li>\n<li>Droit d&rsquo;utilisation et de publication des <strong>propres notes et \u00e9valuations de vin<\/strong> pendant la dur\u00e9e de l&rsquo;abonnement<\/li>\n<\/ul>\n<p>Un an d&rsquo;adh\u00e9sion sur yvesbeck.wine pour les <strong>n\u00e9gociants en vin<\/strong> et les <strong>propri\u00e9taires de plusieurs domaines viticoles<\/strong> (max. 3).<\/p>\n<p>L&rsquo;adh\u00e9sion annuelle Business comprend :<\/p>\n<ul>\n<li>Newsletter mensuelle<\/li>\n<li>4 magazines par an\n<ul>\n<li>2x Bordeaux<\/li>\n<li>1x Allemagne<\/li>\n<li>1x Suisse<\/li>\n<\/ul>\n<\/li>\n<li>Acc\u00e8s illimit\u00e9 \u00e0 la base de donn\u00e9es des vins (38441 notes de d\u00e9gustation)<\/li>\n<li>Droit d&rsquo;utilisation et de publication de <strong>toutes les notes et \u00e9valuations de vin de votre propre assortiment de vins<\/strong> pendant la dur\u00e9e de l&rsquo;abonnement<\/li>\n<\/ul>\n","protected":false},"excerpt":{"rendered":"<p>Choisissez l&rsquo;offre qui vous convient dans la liste de comparaison : Un an d&rsquo;adh\u00e9sion sur yvesbeck.wine pour les exploitations viticoles. L&rsquo;adh\u00e9sion annuelle PRO comprend : Newsletter mensuelle 4 magazines par an 2x Bordeaux 1x Allemagne 1x Suisse Acc\u00e8s illimit\u00e9 \u00e0 la base de donn\u00e9es des vins ( notes de d\u00e9gustation) Droit d&rsquo;utilisation et de publication [&hellip;]<\/p>\n","protected":false},"author":13,"featured_media":0,"parent":0,"menu_order":0,"comment_status":"closed","ping_status":"closed","template":"","meta":{"_acf_changed":false,"_et_pb_use_builder":"","_et_pb_old_content":"","_et_gb_content_width":"","footnotes":""},"class_list":["post-292855","page","type-page","status-publish","hentry"],"acf":[],"yoast_head":"<!-- This site is optimized with the Yoast SEO plugin v26.9 - https:\/\/yoast.com\/product\/yoast-seo-wordpress\/ -->\n<title>Notes de d\u00e9gustation et \u00e9valuations d\u00e9taill\u00e9es pour les viticulteurs et les producteurs - Yves Beck<\/title>\n<meta name=\"robots\" content=\"index, follow, max-snippet:-1, max-image-preview:large, max-video-preview:-1\" \/>\n<link rel=\"canonical\" href=\"https:\/\/www.yvesbeck.wine\/fr\/notes-de-degustation-et-evaluations-detaillees-pour-les-viticulteurs-et-les-producteurs\/\" \/>\n<meta property=\"og:locale\" content=\"fr_FR\" \/>\n<meta property=\"og:type\" content=\"article\" \/>\n<meta property=\"og:title\" content=\"Notes de d\u00e9gustation et \u00e9valuations d\u00e9taill\u00e9es pour les viticulteurs et les producteurs - Yves Beck\" \/>\n<meta property=\"og:description\" content=\"Choisissez l&rsquo;offre qui vous convient dans la liste de comparaison : Un an d&rsquo;adh\u00e9sion sur yvesbeck.wine pour les exploitations viticoles. L&rsquo;adh\u00e9sion annuelle PRO comprend : Newsletter mensuelle 4 magazines par an 2x Bordeaux 1x Allemagne 1x Suisse Acc\u00e8s illimit\u00e9 \u00e0 la base de donn\u00e9es des vins ( notes de d\u00e9gustation) Droit d&rsquo;utilisation et de publication [&hellip;]\" \/>\n<meta property=\"og:url\" content=\"https:\/\/www.yvesbeck.wine\/fr\/notes-de-degustation-et-evaluations-detaillees-pour-les-viticulteurs-et-les-producteurs\/\" \/>\n<meta property=\"og:site_name\" content=\"Yves Beck\" \/>\n<meta property=\"article:publisher\" content=\"https:\/\/www.facebook.com\/beckustator\" \/>\n<meta property=\"article:modified_time\" content=\"2026-01-04T14:25:17+00:00\" \/>\n<meta property=\"og:image\" content=\"https:\/\/www.yvesbeck.wine\/wp-content\/uploads\/2019\/05\/Primeurs-2018-logo-yvesbeck.jpg\" \/>\n\t<meta property=\"og:image:width\" content=\"1158\" \/>\n\t<meta property=\"og:image:height\" content=\"384\" \/>\n\t<meta property=\"og:image:type\" content=\"image\/jpeg\" \/>\n<meta name=\"twitter:card\" content=\"summary_large_image\" \/>\n<meta name=\"twitter:site\" content=\"@beckustator\" \/>\n<meta name=\"twitter:label1\" content=\"Dur\u00e9e de lecture estim\u00e9e\" \/>\n\t<meta name=\"twitter:data1\" content=\"1 minute\" \/>\n<script type=\"application\/ld+json\" class=\"yoast-schema-graph\">{\"@context\":\"https:\/\/schema.org\",\"@graph\":[{\"@type\":\"WebPage\",\"@id\":\"https:\/\/www.yvesbeck.wine\/fr\/notes-de-degustation-et-evaluations-detaillees-pour-les-viticulteurs-et-les-producteurs\/\",\"url\":\"https:\/\/www.yvesbeck.wine\/fr\/notes-de-degustation-et-evaluations-detaillees-pour-les-viticulteurs-et-les-producteurs\/\",\"name\":\"Notes de d\u00e9gustation et \u00e9valuations d\u00e9taill\u00e9es pour les viticulteurs et les producteurs - Yves Beck\",\"isPartOf\":{\"@id\":\"https:\/\/www.yvesbeck.wine\/#website\"},\"datePublished\":\"2025-07-18T11:50:19+00:00\",\"dateModified\":\"2026-01-04T14:25:17+00:00\",\"breadcrumb\":{\"@id\":\"https:\/\/www.yvesbeck.wine\/fr\/notes-de-degustation-et-evaluations-detaillees-pour-les-viticulteurs-et-les-producteurs\/#breadcrumb\"},\"inLanguage\":\"fr-FR\",\"potentialAction\":[{\"@type\":\"ReadAction\",\"target\":[\"https:\/\/www.yvesbeck.wine\/fr\/notes-de-degustation-et-evaluations-detaillees-pour-les-viticulteurs-et-les-producteurs\/\"]}]},{\"@type\":\"BreadcrumbList\",\"@id\":\"https:\/\/www.yvesbeck.wine\/fr\/notes-de-degustation-et-evaluations-detaillees-pour-les-viticulteurs-et-les-producteurs\/#breadcrumb\",\"itemListElement\":[{\"@type\":\"ListItem\",\"position\":1,\"name\":\"Startseite\",\"item\":\"https:\/\/www.yvesbeck.wine\/fr\/\"},{\"@type\":\"ListItem\",\"position\":2,\"name\":\"Notes de d\u00e9gustation et \u00e9valuations d\u00e9taill\u00e9es pour les viticulteurs et les producteurs\"}]},{\"@type\":\"WebSite\",\"@id\":\"https:\/\/www.yvesbeck.wine\/#website\",\"url\":\"https:\/\/www.yvesbeck.wine\/\",\"name\":\"Yves Beck\",\"description\":\"Beckustator\",\"publisher\":{\"@id\":\"https:\/\/www.yvesbeck.wine\/#organization\"},\"potentialAction\":[{\"@type\":\"SearchAction\",\"target\":{\"@type\":\"EntryPoint\",\"urlTemplate\":\"https:\/\/www.yvesbeck.wine\/?s={search_term_string}\"},\"query-input\":{\"@type\":\"PropertyValueSpecification\",\"valueRequired\":true,\"valueName\":\"search_term_string\"}}],\"inLanguage\":\"fr-FR\"},{\"@type\":\"Organization\",\"@id\":\"https:\/\/www.yvesbeck.wine\/#organization\",\"name\":\"yvesbeck.wine\",\"url\":\"https:\/\/www.yvesbeck.wine\/\",\"logo\":{\"@type\":\"ImageObject\",\"inLanguage\":\"fr-FR\",\"@id\":\"https:\/\/www.yvesbeck.wine\/#\/schema\/logo\/image\/\",\"url\":\"https:\/\/www.yvesbeck.wine\/wp-content\/uploads\/frontend\/2016\/07\/20160722-Logo-Sidebar.png\",\"contentUrl\":\"https:\/\/www.yvesbeck.wine\/wp-content\/uploads\/frontend\/2016\/07\/20160722-Logo-Sidebar.png\",\"width\":376,\"height\":200,\"caption\":\"yvesbeck.wine\"},\"image\":{\"@id\":\"https:\/\/www.yvesbeck.wine\/#\/schema\/logo\/image\/\"},\"sameAs\":[\"https:\/\/www.facebook.com\/beckustator\",\"https:\/\/x.com\/beckustator\",\"https:\/\/www.instagram.com\/beckustator\",\"https:\/\/www.linkedin.com\/in\/yvesbeck\/\"]}]}<\/script>\n<!-- \/ Yoast SEO plugin. -->","yoast_head_json":{"title":"Notes de d\u00e9gustation et \u00e9valuations d\u00e9taill\u00e9es pour les viticulteurs et les producteurs - Yves Beck","robots":{"index":"index","follow":"follow","max-snippet":"max-snippet:-1","max-image-preview":"max-image-preview:large","max-video-preview":"max-video-preview:-1"},"canonical":"https:\/\/www.yvesbeck.wine\/fr\/notes-de-degustation-et-evaluations-detaillees-pour-les-viticulteurs-et-les-producteurs\/","og_locale":"fr_FR","og_type":"article","og_title":"Notes de d\u00e9gustation et \u00e9valuations d\u00e9taill\u00e9es pour les viticulteurs et les producteurs - Yves Beck","og_description":"Choisissez l&rsquo;offre qui vous convient dans la liste de comparaison : Un an d&rsquo;adh\u00e9sion sur yvesbeck.wine pour les exploitations viticoles. L&rsquo;adh\u00e9sion annuelle PRO comprend : Newsletter mensuelle 4 magazines par an 2x Bordeaux 1x Allemagne 1x Suisse Acc\u00e8s illimit\u00e9 \u00e0 la base de donn\u00e9es des vins ( notes de d\u00e9gustation) Droit d&rsquo;utilisation et de publication [&hellip;]","og_url":"https:\/\/www.yvesbeck.wine\/fr\/notes-de-degustation-et-evaluations-detaillees-pour-les-viticulteurs-et-les-producteurs\/","og_site_name":"Yves Beck","article_publisher":"https:\/\/www.facebook.com\/beckustator","article_modified_time":"2026-01-04T14:25:17+00:00","og_image":[{"width":1158,"height":384,"url":"https:\/\/www.yvesbeck.wine\/wp-content\/uploads\/2019\/05\/Primeurs-2018-logo-yvesbeck.jpg","type":"image\/jpeg"}],"twitter_card":"summary_large_image","twitter_site":"@beckustator","twitter_misc":{"Dur\u00e9e de lecture estim\u00e9e":"1 minute"},"schema":{"@context":"https:\/\/schema.org","@graph":[{"@type":"WebPage","@id":"https:\/\/www.yvesbeck.wine\/fr\/notes-de-degustation-et-evaluations-detaillees-pour-les-viticulteurs-et-les-producteurs\/","url":"https:\/\/www.yvesbeck.wine\/fr\/notes-de-degustation-et-evaluations-detaillees-pour-les-viticulteurs-et-les-producteurs\/","name":"Notes de d\u00e9gustation et \u00e9valuations d\u00e9taill\u00e9es pour les viticulteurs et les producteurs - Yves Beck","isPartOf":{"@id":"https:\/\/www.yvesbeck.wine\/#website"},"datePublished":"2025-07-18T11:50:19+00:00","dateModified":"2026-01-04T14:25:17+00:00","breadcrumb":{"@id":"https:\/\/www.yvesbeck.wine\/fr\/notes-de-degustation-et-evaluations-detaillees-pour-les-viticulteurs-et-les-producteurs\/#breadcrumb"},"inLanguage":"fr-FR","potentialAction":[{"@type":"ReadAction","target":["https:\/\/www.yvesbeck.wine\/fr\/notes-de-degustation-et-evaluations-detaillees-pour-les-viticulteurs-et-les-producteurs\/"]}]},{"@type":"BreadcrumbList","@id":"https:\/\/www.yvesbeck.wine\/fr\/notes-de-degustation-et-evaluations-detaillees-pour-les-viticulteurs-et-les-producteurs\/#breadcrumb","itemListElement":[{"@type":"ListItem","position":1,"name":"Startseite","item":"https:\/\/www.yvesbeck.wine\/fr\/"},{"@type":"ListItem","position":2,"name":"Notes de d\u00e9gustation et \u00e9valuations d\u00e9taill\u00e9es pour les viticulteurs et les producteurs"}]},{"@type":"WebSite","@id":"https:\/\/www.yvesbeck.wine\/#website","url":"https:\/\/www.yvesbeck.wine\/","name":"Yves Beck","description":"Beckustator","publisher":{"@id":"https:\/\/www.yvesbeck.wine\/#organization"},"potentialAction":[{"@type":"SearchAction","target":{"@type":"EntryPoint","urlTemplate":"https:\/\/www.yvesbeck.wine\/?s={search_term_string}"},"query-input":{"@type":"PropertyValueSpecification","valueRequired":true,"valueName":"search_term_string"}}],"inLanguage":"fr-FR"},{"@type":"Organization","@id":"https:\/\/www.yvesbeck.wine\/#organization","name":"yvesbeck.wine","url":"https:\/\/www.yvesbeck.wine\/","logo":{"@type":"ImageObject","inLanguage":"fr-FR","@id":"https:\/\/www.yvesbeck.wine\/#\/schema\/logo\/image\/","url":"https:\/\/www.yvesbeck.wine\/wp-content\/uploads\/frontend\/2016\/07\/20160722-Logo-Sidebar.png","contentUrl":"https:\/\/www.yvesbeck.wine\/wp-content\/uploads\/frontend\/2016\/07\/20160722-Logo-Sidebar.png","width":376,"height":200,"caption":"yvesbeck.wine"},"image":{"@id":"https:\/\/www.yvesbeck.wine\/#\/schema\/logo\/image\/"},"sameAs":["https:\/\/www.facebook.com\/beckustator","https:\/\/x.com\/beckustator","https:\/\/www.instagram.com\/beckustator","https:\/\/www.linkedin.com\/in\/yvesbeck\/"]}]}},"_links":{"self":[{"href":"https:\/\/www.yvesbeck.wine\/fr\/wp-json\/wp\/v2\/pages\/292855","targetHints":{"allow":["GET"]}}],"collection":[{"href":"https:\/\/www.yvesbeck.wine\/fr\/wp-json\/wp\/v2\/pages"}],"about":[{"href":"https:\/\/www.yvesbeck.wine\/fr\/wp-json\/wp\/v2\/types\/page"}],"author":[{"embeddable":true,"href":"https:\/\/www.yvesbeck.wine\/fr\/wp-json\/wp\/v2\/users\/13"}],"replies":[{"embeddable":true,"href":"https:\/\/www.yvesbeck.wine\/fr\/wp-json\/wp\/v2\/comments?post=292855"}],"version-history":[{"count":2,"href":"https:\/\/www.yvesbeck.wine\/fr\/wp-json\/wp\/v2\/pages\/292855\/revisions"}],"predecessor-version":[{"id":376130,"href":"https:\/\/www.yvesbeck.wine\/fr\/wp-json\/wp\/v2\/pages\/292855\/revisions\/376130"}],"wp:attachment":[{"href":"https:\/\/www.yvesbeck.wine\/fr\/wp-json\/wp\/v2\/media?parent=292855"}],"curies":[{"name":"wp","href":"https:\/\/api.w.org\/{rel}","templated":true}]}}